{"id":5318024,"date":"2026-01-19T14:58:41","date_gmt":"2026-01-19T12:58:41","guid":{"rendered":"https:\/\/gadgettravellers.eu\/shop\/corona-frutti-30cm-o30cm-xmasfest-11398\/"},"modified":"2026-04-22T22:59:28","modified_gmt":"2026-04-22T20:59:28","slug":"corona-frutti-30cm-o30cm-xmasfest-11398","status":"publish","type":"product","link":"https:\/\/gadgettravellers.eu\/it\/shop\/corona-frutti-30cm-o30cm-xmasfest-11398\/","title":{"rendered":"Corona Frutti 30cm \u00f830cm Xmasfest 11398"},"content":{"rendered":"<p>\u00f830cm<\/p>\n<div class='aiseo-faq-section' style='margin-top:30px; border-top:1px solid #eee; padding-top:20px;'>\n<h3>Domande Frequenti<\/h3>\n<details style='margin-bottom:10px; padding:10px; background:#f9f9f9; border-radius:5px;'>\n<summary style='font-weight:bold; cursor:pointer;'>Qual \u00e8 il diametro della corona?<\/summary>\n<div style='margin-top:10px; color:#555;'>Il diametro \u00e8 di 30 cm.<\/div>\n<\/details>\n<details style='margin-bottom:10px; padding:10px; background:#f9f9f9; border-radius:5px;'>\n<summary style='font-weight:bold; cursor:pointer;'>Pu\u00f2 essere utilizzato all&#8217;aperto?<\/summary>\n<div style='margin-top:10px; color:#555;'>S\u00ec, \u00e8 adatto per siti esterni protetti e per interni.<\/div>\n<\/details>\n<details style='margin-bottom:10px; padding:10px; background:#f9f9f9; border-radius:5px;'>\n<summary style='font-weight:bold; cursor:pointer;'>\u00c8 difficile appendere?<\/summary>\n<div style='margin-top:10px; color:#555;'>No, \u00e8 leggero, pronto all&#8217;uso e facile da appendere.<\/div>\n<\/details>\n<details style='margin-bottom:10px; padding:10px; background:#f9f9f9; border-radius:5px;'>\n<summary style='font-weight:bold; cursor:pointer;'>Per quali ambienti \u00e8 adatto?<\/summary>\n<div style='margin-top:10px; color:#555;'>Ideale per case, negozi ed eventi che necessitano di un rapido e bello aggiornamento festivo.<\/div>\n<\/details>\n<\/div>\n","protected":false},"excerpt":{"rendered":"<p>\u00f830cm Domande Frequenti Qual \u00e8 il diametro della corona? Il diametro \u00e8 di 30 cm. Pu\u00f2 essere utilizzato all&#8217;aperto? S\u00ec, \u00e8 adatto per siti esterni protetti e per interni. \u00c8 difficile appendere? No, \u00e8 leggero, pronto all&#8217;uso e facile da appendere. Per quali ambienti \u00e8 adatto? Ideale per case, negozi ed eventi che necessitano di [&hellip;]<\/p>\n","protected":false},"featured_media":5185481,"comment_status":"closed","ping_status":"open","template":"","meta":[],"product_brand":[],"product_cat":[],"product_tag":[15],"class_list":{"0":"post-5318024","1":"product","2":"type-product","3":"status-publish","4":"has-post-thumbnail","6":"product_tag-uncategorized","8":"first","9":"onbackorder","10":"purchasable","11":"product-type-simple"},"jetpack_sharing_enabled":true,"_links":{"self":[{"href":"https:\/\/gadgettravellers.eu\/it\/wp-json\/wp\/v2\/product\/5318024","targetHints":{"allow":["GET"]}}],"collection":[{"href":"https:\/\/gadgettravellers.eu\/it\/wp-json\/wp\/v2\/product"}],"about":[{"href":"https:\/\/gadgettravellers.eu\/it\/wp-json\/wp\/v2\/types\/product"}],"replies":[{"embeddable":true,"href":"https:\/\/gadgettravellers.eu\/it\/wp-json\/wp\/v2\/comments?post=5318024"}],"wp:featuredmedia":[{"embeddable":true,"href":"https:\/\/gadgettravellers.eu\/it\/wp-json\/wp\/v2\/media\/5185481"}],"wp:attachment":[{"href":"https:\/\/gadgettravellers.eu\/it\/wp-json\/wp\/v2\/media?parent=5318024"}],"wp:term":[{"taxonomy":"product_brand","embeddable":true,"href":"https:\/\/gadgettravellers.eu\/it\/wp-json\/wp\/v2\/product_brand?post=5318024"},{"taxonomy":"product_cat","embeddable":true,"href":"https:\/\/gadgettravellers.eu\/it\/wp-json\/wp\/v2\/product_cat?post=5318024"},{"taxonomy":"product_tag","embeddable":true,"href":"https:\/\/gadgettravellers.eu\/it\/wp-json\/wp\/v2\/product_tag?post=5318024"}],"curies":[{"name":"wp","href":"https:\/\/api.w.org\/{rel}","templated":true}]}}