{"id":5318025,"date":"2026-01-19T14:58:41","date_gmt":"2026-01-19T12:58:41","guid":{"rendered":"https:\/\/gadgettravellers.eu\/shop\/tazza-di-natale-380ml-10x82cm-xmasfest-113788\/"},"modified":"2026-04-22T22:59:29","modified_gmt":"2026-04-22T20:59:29","slug":"tazza-di-natale-380ml-10x82cm-xmasfest-113788","status":"publish","type":"product","link":"https:\/\/gadgettravellers.eu\/it\/shop\/tazza-di-natale-380ml-10x82cm-xmasfest-113788\/","title":{"rendered":"Tazza di Natale 380ml   10&#215;8,2cm Xmasfest 113788"},"content":{"rendered":"<p>(assortito) ceramica 380ml   10&#215;8,2cm<\/p>\n<div class='aiseo-faq-section' style='margin-top:30px; border-top:1px solid #eee; padding-top:20px;'>\n<h3>Domande Frequenti<\/h3>\n<details style='margin-bottom:10px; padding:10px; background:#f9f9f9; border-radius:5px;'>\n<summary style='font-weight:bold; cursor:pointer;'>Qual \u00e8 la capacit\u00e0 della tazza?<\/summary>\n<div style='margin-top:10px; color:#555;'>La capacit\u00e0 \u00e8 di 380 ml.<\/div>\n<\/details>\n<details style='margin-bottom:10px; padding:10px; background:#f9f9f9; border-radius:5px;'>\n<summary style='font-weight:bold; cursor:pointer;'>Di che materiale \u00e8 fatta?<\/summary>\n<div style='margin-top:10px; color:#555;'>La tazza \u00e8 in ceramica.<\/div>\n<\/details>\n<details style='margin-bottom:10px; padding:10px; background:#f9f9f9; border-radius:5px;'>\n<summary style='font-weight:bold; cursor:pointer;'>Quali sono le sue dimensioni?<\/summary>\n<div style='margin-top:10px; color:#555;'>Le dimensioni sono circa 10 x 8,2 cm.<\/div>\n<\/details>\n<details style='margin-bottom:10px; padding:10px; background:#f9f9f9; border-radius:5px;'>\n<summary style='font-weight:bold; cursor:pointer;'>Disponibile in diversi modelli?<\/summary>\n<div style='margin-top:10px; color:#555;'>S\u00ec, \u00e8 abbinato e disponibile in una variet\u00e0 di modelli.<\/div>\n<\/details>\n<\/div>\n","protected":false},"excerpt":{"rendered":"<p>(assortito) ceramica 380ml 10&#215;8,2cm Domande Frequenti Qual \u00e8 la capacit\u00e0 della tazza? La capacit\u00e0 \u00e8 di 380 ml. Di che materiale \u00e8 fatta? La tazza \u00e8 in ceramica. Quali sono le sue dimensioni? Le dimensioni sono circa 10 x 8,2 cm. Disponibile in diversi modelli? S\u00ec, \u00e8 abbinato e disponibile in una variet\u00e0 di modelli.<\/p>\n","protected":false},"featured_media":5185474,"comment_status":"closed","ping_status":"open","template":"","meta":[],"product_brand":[],"product_cat":[],"product_tag":[15],"class_list":{"0":"post-5318025","1":"product","2":"type-product","3":"status-publish","4":"has-post-thumbnail","6":"product_tag-uncategorized","8":"first","9":"onbackorder","10":"purchasable","11":"product-type-simple"},"jetpack_sharing_enabled":true,"_links":{"self":[{"href":"https:\/\/gadgettravellers.eu\/it\/wp-json\/wp\/v2\/product\/5318025","targetHints":{"allow":["GET"]}}],"collection":[{"href":"https:\/\/gadgettravellers.eu\/it\/wp-json\/wp\/v2\/product"}],"about":[{"href":"https:\/\/gadgettravellers.eu\/it\/wp-json\/wp\/v2\/types\/product"}],"replies":[{"embeddable":true,"href":"https:\/\/gadgettravellers.eu\/it\/wp-json\/wp\/v2\/comments?post=5318025"}],"wp:featuredmedia":[{"embeddable":true,"href":"https:\/\/gadgettravellers.eu\/it\/wp-json\/wp\/v2\/media\/5185474"}],"wp:attachment":[{"href":"https:\/\/gadgettravellers.eu\/it\/wp-json\/wp\/v2\/media?parent=5318025"}],"wp:term":[{"taxonomy":"product_brand","embeddable":true,"href":"https:\/\/gadgettravellers.eu\/it\/wp-json\/wp\/v2\/product_brand?post=5318025"},{"taxonomy":"product_cat","embeddable":true,"href":"https:\/\/gadgettravellers.eu\/it\/wp-json\/wp\/v2\/product_cat?post=5318025"},{"taxonomy":"product_tag","embeddable":true,"href":"https:\/\/gadgettravellers.eu\/it\/wp-json\/wp\/v2\/product_tag?post=5318025"}],"curies":[{"name":"wp","href":"https:\/\/api.w.org\/{rel}","templated":true}]}}