{"id":5318026,"date":"2026-01-19T14:58:42","date_gmt":"2026-01-19T12:58:42","guid":{"rendered":"https:\/\/gadgettravellers.eu\/shop\/orsetto-xmas-con-sciarpa-30cm-xmasfest-113868\/"},"modified":"2026-04-22T22:59:29","modified_gmt":"2026-04-22T20:59:29","slug":"orsetto-xmas-con-sciarpa-30cm-xmasfest-113868","status":"publish","type":"product","link":"https:\/\/gadgettravellers.eu\/it\/shop\/orsetto-xmas-con-sciarpa-30cm-xmasfest-113868\/","title":{"rendered":"Orsetto Xmas con Sciarpa 30cm Xmasfest 113868"},"content":{"rendered":"<p>30cm<\/p>\n<div class='aiseo-faq-section' style='margin-top:30px; border-top:1px solid #eee; padding-top:20px;'>\n<h3>Domande Frequenti<\/h3>\n<details style='margin-bottom:10px; padding:10px; background:#f9f9f9; border-radius:5px;'>\n<summary style='font-weight:bold; cursor:pointer;'>Di che materiale \u00e8 fatto l&#8217;orsacchiotto?<\/summary>\n<div style='margin-top:10px; color:#555;'>Realizzato in morbido tessuto di peluche per una sensazione soffice.<\/div>\n<\/details>\n<details style='margin-bottom:10px; padding:10px; background:#f9f9f9; border-radius:5px;'>\n<summary style='font-weight:bold; cursor:pointer;'>Qual \u00e8 la dimensione dell&#8217;orsacchiotto?<\/summary>\n<div style='margin-top:10px; color:#555;'>L&#8217;altezza \u00e8 di 30 cm.<\/div>\n<\/details>\n<details style='margin-bottom:10px; padding:10px; background:#f9f9f9; border-radius:5px;'>\n<summary style='font-weight:bold; cursor:pointer;'>Per quali usi \u00e8 consigliato?<\/summary>\n<div style='margin-top:10px; color:#555;'>Ideale per decorazioni stagionali, confezionamento regali o come regalo di Natale per bambini e adulti.<\/div>\n<\/details>\n<details style='margin-bottom:10px; padding:10px; background:#f9f9f9; border-radius:5px;'>\n<summary style='font-weight:bold; cursor:pointer;'>Pu\u00f2 essere facilmente posizionato su scaffali o letto?<\/summary>\n<div style='margin-top:10px; color:#555;'>S\u00ec, \u00e8 leggero e facile da posizionare su scaffali, tavoli o sul letto.<\/div>\n<\/details>\n<\/div>\n","protected":false},"excerpt":{"rendered":"<p>30cm Domande Frequenti Di che materiale \u00e8 fatto l&#8217;orsacchiotto? Realizzato in morbido tessuto di peluche per una sensazione soffice. Qual \u00e8 la dimensione dell&#8217;orsacchiotto? L&#8217;altezza \u00e8 di 30 cm. Per quali usi \u00e8 consigliato? Ideale per decorazioni stagionali, confezionamento regali o come regalo di Natale per bambini e adulti. Pu\u00f2 essere facilmente posizionato su scaffali [&hellip;]<\/p>\n","protected":false},"featured_media":5185489,"comment_status":"closed","ping_status":"open","template":"","meta":[],"product_brand":[],"product_cat":[],"product_tag":[15],"class_list":{"0":"post-5318026","1":"product","2":"type-product","3":"status-publish","4":"has-post-thumbnail","6":"product_tag-uncategorized","8":"first","9":"onbackorder","10":"purchasable","11":"product-type-simple"},"jetpack_sharing_enabled":true,"_links":{"self":[{"href":"https:\/\/gadgettravellers.eu\/it\/wp-json\/wp\/v2\/product\/5318026","targetHints":{"allow":["GET"]}}],"collection":[{"href":"https:\/\/gadgettravellers.eu\/it\/wp-json\/wp\/v2\/product"}],"about":[{"href":"https:\/\/gadgettravellers.eu\/it\/wp-json\/wp\/v2\/types\/product"}],"replies":[{"embeddable":true,"href":"https:\/\/gadgettravellers.eu\/it\/wp-json\/wp\/v2\/comments?post=5318026"}],"wp:featuredmedia":[{"embeddable":true,"href":"https:\/\/gadgettravellers.eu\/it\/wp-json\/wp\/v2\/media\/5185489"}],"wp:attachment":[{"href":"https:\/\/gadgettravellers.eu\/it\/wp-json\/wp\/v2\/media?parent=5318026"}],"wp:term":[{"taxonomy":"product_brand","embeddable":true,"href":"https:\/\/gadgettravellers.eu\/it\/wp-json\/wp\/v2\/product_brand?post=5318026"},{"taxonomy":"product_cat","embeddable":true,"href":"https:\/\/gadgettravellers.eu\/it\/wp-json\/wp\/v2\/product_cat?post=5318026"},{"taxonomy":"product_tag","embeddable":true,"href":"https:\/\/gadgettravellers.eu\/it\/wp-json\/wp\/v2\/product_tag?post=5318026"}],"curies":[{"name":"wp","href":"https:\/\/api.w.org\/{rel}","templated":true}]}}