{"id":5318027,"date":"2026-01-19T14:58:43","date_gmt":"2026-01-19T12:58:43","guid":{"rendered":"https:\/\/gadgettravellers.eu\/shop\/batteria-santa-con-lanterna-40cm-xmasfest-113844\/"},"modified":"2026-04-22T22:59:30","modified_gmt":"2026-04-22T20:59:30","slug":"batteria-santa-con-lanterna-40cm-xmasfest-113844","status":"publish","type":"product","link":"https:\/\/gadgettravellers.eu\/it\/shop\/batteria-santa-con-lanterna-40cm-xmasfest-113844\/","title":{"rendered":"Batteria Santa con Lanterna 40cm Xmasfest 113844"},"content":{"rendered":"<p>Musica-luce-movimento 40cm<\/p>\n<div class='aiseo-faq-section' style='margin-top:30px; border-top:1px solid #eee; padding-top:20px;'>\n<h3>Domande Frequenti<\/h3>\n<details style='margin-bottom:10px; padding:10px; background:#f9f9f9; border-radius:5px;'>\n<summary style='font-weight:bold; cursor:pointer;'>Quali funzioni ha la figura?<\/summary>\n<div style='margin-top:10px; color:#555;'>Dispone di illuminazione LED, musica e parti mobili.<\/div>\n<\/details>\n<details style='margin-bottom:10px; padding:10px; background:#f9f9f9; border-radius:5px;'>\n<summary style='font-weight:bold; cursor:pointer;'>Come viene alimentato il prodotto?<\/summary>\n<div style='margin-top:10px; color:#555;'>Funziona a batterie.<\/div>\n<\/details>\n<details style='margin-bottom:10px; padding:10px; background:#f9f9f9; border-radius:5px;'>\n<summary style='font-weight:bold; cursor:pointer;'>In quale ambiente \u00e8 destinato l&#8217;uso?<\/summary>\n<div style='margin-top:10px; color:#555;'>\u00c8 ideale per la decorazione natalizia interna.<\/div>\n<\/details>\n<details style='margin-bottom:10px; padding:10px; background:#f9f9f9; border-radius:5px;'>\n<summary style='font-weight:bold; cursor:pointer;'>Qual \u00e8 la dimensione della figura?<\/summary>\n<div style='margin-top:10px; color:#555;'>L&#8217;altezza \u00e8 di 40 cm.<\/div>\n<\/details>\n<\/div>\n","protected":false},"excerpt":{"rendered":"<p>Musica-luce-movimento 40cm Domande Frequenti Quali funzioni ha la figura? Dispone di illuminazione LED, musica e parti mobili. Come viene alimentato il prodotto? Funziona a batterie. In quale ambiente \u00e8 destinato l&#8217;uso? \u00c8 ideale per la decorazione natalizia interna. Qual \u00e8 la dimensione della figura? L&#8217;altezza \u00e8 di 40 cm.<\/p>\n","protected":false},"featured_media":5185485,"comment_status":"closed","ping_status":"open","template":"","meta":[],"product_brand":[],"product_cat":[],"product_tag":[15],"class_list":{"0":"post-5318027","1":"product","2":"type-product","3":"status-publish","4":"has-post-thumbnail","6":"product_tag-uncategorized","8":"first","9":"onbackorder","10":"purchasable","11":"product-type-simple"},"jetpack_sharing_enabled":true,"_links":{"self":[{"href":"https:\/\/gadgettravellers.eu\/it\/wp-json\/wp\/v2\/product\/5318027","targetHints":{"allow":["GET"]}}],"collection":[{"href":"https:\/\/gadgettravellers.eu\/it\/wp-json\/wp\/v2\/product"}],"about":[{"href":"https:\/\/gadgettravellers.eu\/it\/wp-json\/wp\/v2\/types\/product"}],"replies":[{"embeddable":true,"href":"https:\/\/gadgettravellers.eu\/it\/wp-json\/wp\/v2\/comments?post=5318027"}],"wp:featuredmedia":[{"embeddable":true,"href":"https:\/\/gadgettravellers.eu\/it\/wp-json\/wp\/v2\/media\/5185485"}],"wp:attachment":[{"href":"https:\/\/gadgettravellers.eu\/it\/wp-json\/wp\/v2\/media?parent=5318027"}],"wp:term":[{"taxonomy":"product_brand","embeddable":true,"href":"https:\/\/gadgettravellers.eu\/it\/wp-json\/wp\/v2\/product_brand?post=5318027"},{"taxonomy":"product_cat","embeddable":true,"href":"https:\/\/gadgettravellers.eu\/it\/wp-json\/wp\/v2\/product_cat?post=5318027"},{"taxonomy":"product_tag","embeddable":true,"href":"https:\/\/gadgettravellers.eu\/it\/wp-json\/wp\/v2\/product_tag?post=5318027"}],"curies":[{"name":"wp","href":"https:\/\/api.w.org\/{rel}","templated":true}]}}