{"id":5318028,"date":"2026-01-19T14:58:44","date_gmt":"2026-01-19T12:58:44","guid":{"rendered":"https:\/\/gadgettravellers.eu\/shop\/controller-per-tubo-luminoso-6m-multicolore-xmasfest-113870\/"},"modified":"2026-04-22T22:59:30","modified_gmt":"2026-04-22T20:59:30","slug":"controller-per-tubo-luminoso-6m-multicolore-xmasfest-113870","status":"publish","type":"product","link":"https:\/\/gadgettravellers.eu\/it\/shop\/controller-per-tubo-luminoso-6m-multicolore-xmasfest-113870\/","title":{"rendered":"Controller per tubo luminoso 6m Multicolore Xmasfest 113870"},"content":{"rendered":"<p>Multicolore con controller a 8 programmi. Per interno ed esterno. Con lucine LED. 220V 6m<\/p>\n<div class='aiseo-faq-section' style='margin-top:30px; border-top:1px solid #eee; padding-top:20px;'>\n<h3>Domande Frequenti<\/h3>\n<details style='margin-bottom:10px; padding:10px; background:#f9f9f9; border-radius:5px;'>\n<summary style='font-weight:bold; cursor:pointer;'>\u00c8 adatto per uso esterno?<\/summary>\n<div style='margin-top:10px; color:#555;'>S\u00ec, \u00e8 progettato per l&#8217;uso sia interno che esterno.<\/div>\n<\/details>\n<details style='margin-bottom:10px; padding:10px; background:#f9f9f9; border-radius:5px;'>\n<summary style='font-weight:bold; cursor:pointer;'>Qual \u00e8 la lunghezza del tubo fluorescente?<\/summary>\n<div style='margin-top:10px; color:#555;'>Il tubo solare ha una lunghezza di 6 metri.<\/div>\n<\/details>\n<details style='margin-bottom:10px; padding:10px; background:#f9f9f9; border-radius:5px;'>\n<summary style='font-weight:bold; cursor:pointer;'>A quale tensione funziona?<\/summary>\n<div style='margin-top:10px; color:#555;'>Funziona a 220V.<\/div>\n<\/details>\n<details style='margin-bottom:10px; padding:10px; background:#f9f9f9; border-radius:5px;'>\n<summary style='font-weight:bold; cursor:pointer;'>Che tipo di illuminazione utilizza?<\/summary>\n<div style='margin-top:10px; color:#555;'>Utilizza LED integrati e offre illuminazione multicolore.<\/div>\n<\/details>\n<details style='margin-bottom:10px; padding:10px; background:#f9f9f9; border-radius:5px;'>\n<summary style='font-weight:bold; cursor:pointer;'>Quanti programmi ha il controller?<\/summary>\n<div style='margin-top:10px; color:#555;'>Il controller dispone di 8 programmi.<\/div>\n<\/details>\n<\/div>\n","protected":false},"excerpt":{"rendered":"<p>Multicolore con controller a 8 programmi. Per interno ed esterno. Con lucine LED. 220V 6m Domande Frequenti \u00c8 adatto per uso esterno? S\u00ec, \u00e8 progettato per l&#8217;uso sia interno che esterno. Qual \u00e8 la lunghezza del tubo fluorescente? Il tubo solare ha una lunghezza di 6 metri. A quale tensione funziona? Funziona a 220V. Che [&hellip;]<\/p>\n","protected":false},"featured_media":5185493,"comment_status":"closed","ping_status":"open","template":"","meta":[],"product_brand":[],"product_cat":[],"product_tag":[15],"class_list":{"0":"post-5318028","1":"product","2":"type-product","3":"status-publish","4":"has-post-thumbnail","6":"product_tag-uncategorized","8":"first","9":"onbackorder","10":"purchasable","11":"product-type-simple"},"jetpack_sharing_enabled":true,"_links":{"self":[{"href":"https:\/\/gadgettravellers.eu\/it\/wp-json\/wp\/v2\/product\/5318028","targetHints":{"allow":["GET"]}}],"collection":[{"href":"https:\/\/gadgettravellers.eu\/it\/wp-json\/wp\/v2\/product"}],"about":[{"href":"https:\/\/gadgettravellers.eu\/it\/wp-json\/wp\/v2\/types\/product"}],"replies":[{"embeddable":true,"href":"https:\/\/gadgettravellers.eu\/it\/wp-json\/wp\/v2\/comments?post=5318028"}],"wp:featuredmedia":[{"embeddable":true,"href":"https:\/\/gadgettravellers.eu\/it\/wp-json\/wp\/v2\/media\/5185493"}],"wp:attachment":[{"href":"https:\/\/gadgettravellers.eu\/it\/wp-json\/wp\/v2\/media?parent=5318028"}],"wp:term":[{"taxonomy":"product_brand","embeddable":true,"href":"https:\/\/gadgettravellers.eu\/it\/wp-json\/wp\/v2\/product_brand?post=5318028"},{"taxonomy":"product_cat","embeddable":true,"href":"https:\/\/gadgettravellers.eu\/it\/wp-json\/wp\/v2\/product_cat?post=5318028"},{"taxonomy":"product_tag","embeddable":true,"href":"https:\/\/gadgettravellers.eu\/it\/wp-json\/wp\/v2\/product_tag?post=5318028"}],"curies":[{"name":"wp","href":"https:\/\/api.w.org\/{rel}","templated":true}]}}