{"id":5318029,"date":"2026-01-19T14:58:45","date_gmt":"2026-01-19T12:58:45","guid":{"rendered":"https:\/\/gadgettravellers.eu\/shop\/alberello-decorato-40cm-xmasfest-113934\/"},"modified":"2026-04-22T22:59:30","modified_gmt":"2026-04-22T20:59:30","slug":"alberello-decorato-40cm-xmasfest-113934","status":"publish","type":"product","link":"https:\/\/gadgettravellers.eu\/it\/shop\/alberello-decorato-40cm-xmasfest-113934\/","title":{"rendered":"Alberello Decorato 40cm Xmasfest 113934"},"content":{"rendered":"<p>40cm<\/p>\n<div class='aiseo-faq-section' style='margin-top:30px; border-top:1px solid #eee; padding-top:20px;'>\n<h3>Domande Frequenti<\/h3>\n<details style='margin-bottom:10px; padding:10px; background:#f9f9f9; border-radius:5px;'>\n<summary style='font-weight:bold; cursor:pointer;'>L&#8217;alberello \u00e8 pre-decorato?<\/summary>\n<div style='margin-top:10px; color:#555;'>S\u00ec, viene consegnato pre-decorato ed \u00e8 pronto per l&#8217;uso immediato.<\/div>\n<\/details>\n<details style='margin-bottom:10px; padding:10px; background:#f9f9f9; border-radius:5px;'>\n<summary style='font-weight:bold; cursor:pointer;'>Qual \u00e8 la sua altezza?<\/summary>\n<div style='margin-top:10px; color:#555;'>L&#8217;altezza \u00e8 di 40 cm.<\/div>\n<\/details>\n<details style='margin-bottom:10px; padding:10px; background:#f9f9f9; border-radius:5px;'>\n<summary style='font-weight:bold; cursor:pointer;'>\u00c8 adatto per uso esterno?<\/summary>\n<div style='margin-top:10px; color:#555;'>No, \u00e8 destinato all&#8217;uso interno in spazi piccoli come tavoli, scaffali e ingressi.<\/div>\n<\/details>\n<details style='margin-bottom:10px; padding:10px; background:#f9f9f9; border-radius:5px;'>\n<summary style='font-weight:bold; cursor:pointer;'>Richiede assemblaggio o attrezzi speciali?<\/summary>\n<div style='margin-top:10px; color:#555;'>Non \u00e8 necessaria alcuna assemblaggio o attrezzi speciali, \u00e8 pronto per l&#8217;installazione.<\/div>\n<\/details>\n<\/div>\n","protected":false},"excerpt":{"rendered":"<p>40cm Domande Frequenti L&#8217;alberello \u00e8 pre-decorato? S\u00ec, viene consegnato pre-decorato ed \u00e8 pronto per l&#8217;uso immediato. Qual \u00e8 la sua altezza? L&#8217;altezza \u00e8 di 40 cm. \u00c8 adatto per uso esterno? No, \u00e8 destinato all&#8217;uso interno in spazi piccoli come tavoli, scaffali e ingressi. Richiede assemblaggio o attrezzi speciali? Non \u00e8 necessaria alcuna assemblaggio o [&hellip;]<\/p>\n","protected":false},"featured_media":5185509,"comment_status":"closed","ping_status":"open","template":"","meta":[],"product_brand":[],"product_cat":[],"product_tag":[15],"class_list":{"0":"post-5318029","1":"product","2":"type-product","3":"status-publish","4":"has-post-thumbnail","6":"product_tag-uncategorized","8":"first","9":"onbackorder","10":"purchasable","11":"product-type-simple"},"jetpack_sharing_enabled":true,"_links":{"self":[{"href":"https:\/\/gadgettravellers.eu\/it\/wp-json\/wp\/v2\/product\/5318029","targetHints":{"allow":["GET"]}}],"collection":[{"href":"https:\/\/gadgettravellers.eu\/it\/wp-json\/wp\/v2\/product"}],"about":[{"href":"https:\/\/gadgettravellers.eu\/it\/wp-json\/wp\/v2\/types\/product"}],"replies":[{"embeddable":true,"href":"https:\/\/gadgettravellers.eu\/it\/wp-json\/wp\/v2\/comments?post=5318029"}],"wp:featuredmedia":[{"embeddable":true,"href":"https:\/\/gadgettravellers.eu\/it\/wp-json\/wp\/v2\/media\/5185509"}],"wp:attachment":[{"href":"https:\/\/gadgettravellers.eu\/it\/wp-json\/wp\/v2\/media?parent=5318029"}],"wp:term":[{"taxonomy":"product_brand","embeddable":true,"href":"https:\/\/gadgettravellers.eu\/it\/wp-json\/wp\/v2\/product_brand?post=5318029"},{"taxonomy":"product_cat","embeddable":true,"href":"https:\/\/gadgettravellers.eu\/it\/wp-json\/wp\/v2\/product_cat?post=5318029"},{"taxonomy":"product_tag","embeddable":true,"href":"https:\/\/gadgettravellers.eu\/it\/wp-json\/wp\/v2\/product_tag?post=5318029"}],"curies":[{"name":"wp","href":"https:\/\/api.w.org\/{rel}","templated":true}]}}