{"id":5318030,"date":"2026-01-19T14:58:45","date_gmt":"2026-01-19T12:58:45","guid":{"rendered":"https:\/\/gadgettravellers.eu\/shop\/stella-doppia-controller-fotocellula-3m-fotocellula-54x54cm-xmasfest-113876\/"},"modified":"2026-04-22T22:59:31","modified_gmt":"2026-04-22T20:59:31","slug":"stella-doppia-controller-fotocellula-3m-fotocellula-54x54cm-xmasfest-113876","status":"publish","type":"product","link":"https:\/\/gadgettravellers.eu\/it\/shop\/stella-doppia-controller-fotocellula-3m-fotocellula-54x54cm-xmasfest-113876\/","title":{"rendered":"Stella Doppia Controller Fotocellula 3m Fotocellula 54x54cm Xmasfest 113876"},"content":{"rendered":"<p>Termoconvettore bianco con controller a 8 programmi. Per uso interno ed esterno. Con ganci. 220V tubo luminoso 3m 54x54cm<\/p>\n<div class='aiseo-faq-section' style='margin-top:30px; border-top:1px solid #eee; padding-top:20px;'>\n<h3>Domande Frequenti<\/h3>\n<details style='margin-bottom:10px; padding:10px; background:#f9f9f9; border-radius:5px;'>\n<summary style='font-weight:bold; cursor:pointer;'>\u00c8 adatto per uso esterno?<\/summary>\n<div style='margin-top:10px; color:#555;'>S\u00ec, \u00e8 adatto per uso interno ed esterno.<\/div>\n<\/details>\n<details style='margin-bottom:10px; padding:10px; background:#f9f9f9; border-radius:5px;'>\n<summary style='font-weight:bold; cursor:pointer;'>Qual \u00e8 la lunghezza del tubo fluorescente?<\/summary>\n<div style='margin-top:10px; color:#555;'>Il tubo fluorescente ha una lunghezza di 3 metri.<\/div>\n<\/details>\n<details style='margin-bottom:10px; padding:10px; background:#f9f9f9; border-radius:5px;'>\n<summary style='font-weight:bold; cursor:pointer;'>Quanti programmi ha il controller?<\/summary>\n<div style='margin-top:10px; color:#555;'>Il controller dispone di 8 programmi.<\/div>\n<\/details>\n<details style='margin-bottom:10px; padding:10px; background:#f9f9f9; border-radius:5px;'>\n<summary style='font-weight:bold; cursor:pointer;'>Qual \u00e8 il colore dell&#8217;illuminazione e qual \u00e8 l&#8217;alimentazione?<\/summary>\n<div style='margin-top:10px; color:#555;'>Fornisce un&#8217;illuminazione bianca calda ed \u00e8 alimentato a 220V con spina.<\/div>\n<\/details>\n<\/div>\n","protected":false},"excerpt":{"rendered":"<p>Termoconvettore bianco con controller a 8 programmi. Per uso interno ed esterno. Con ganci. 220V tubo luminoso 3m 54x54cm Domande Frequenti \u00c8 adatto per uso esterno? S\u00ec, \u00e8 adatto per uso interno ed esterno. Qual \u00e8 la lunghezza del tubo fluorescente? Il tubo fluorescente ha una lunghezza di 3 metri. Quanti programmi ha il controller? [&hellip;]<\/p>\n","protected":false},"featured_media":5185497,"comment_status":"closed","ping_status":"open","template":"","meta":[],"product_brand":[],"product_cat":[],"product_tag":[15],"class_list":{"0":"post-5318030","1":"product","2":"type-product","3":"status-publish","4":"has-post-thumbnail","6":"product_tag-uncategorized","8":"first","9":"onbackorder","10":"purchasable","11":"product-type-simple"},"jetpack_sharing_enabled":true,"_links":{"self":[{"href":"https:\/\/gadgettravellers.eu\/it\/wp-json\/wp\/v2\/product\/5318030","targetHints":{"allow":["GET"]}}],"collection":[{"href":"https:\/\/gadgettravellers.eu\/it\/wp-json\/wp\/v2\/product"}],"about":[{"href":"https:\/\/gadgettravellers.eu\/it\/wp-json\/wp\/v2\/types\/product"}],"replies":[{"embeddable":true,"href":"https:\/\/gadgettravellers.eu\/it\/wp-json\/wp\/v2\/comments?post=5318030"}],"wp:featuredmedia":[{"embeddable":true,"href":"https:\/\/gadgettravellers.eu\/it\/wp-json\/wp\/v2\/media\/5185497"}],"wp:attachment":[{"href":"https:\/\/gadgettravellers.eu\/it\/wp-json\/wp\/v2\/media?parent=5318030"}],"wp:term":[{"taxonomy":"product_brand","embeddable":true,"href":"https:\/\/gadgettravellers.eu\/it\/wp-json\/wp\/v2\/product_brand?post=5318030"},{"taxonomy":"product_cat","embeddable":true,"href":"https:\/\/gadgettravellers.eu\/it\/wp-json\/wp\/v2\/product_cat?post=5318030"},{"taxonomy":"product_tag","embeddable":true,"href":"https:\/\/gadgettravellers.eu\/it\/wp-json\/wp\/v2\/product_tag?post=5318030"}],"curies":[{"name":"wp","href":"https:\/\/api.w.org\/{rel}","templated":true}]}}