{"id":5318031,"date":"2026-01-19T14:58:46","date_gmt":"2026-01-19T12:58:46","guid":{"rendered":"https:\/\/gadgettravellers.eu\/shop\/babbo-natale-gonfiabile-50cm-50cm-xmasfest-11329\/"},"modified":"2026-04-22T22:59:31","modified_gmt":"2026-04-22T20:59:31","slug":"babbo-natale-gonfiabile-50cm-50cm-xmasfest-11329","status":"publish","type":"product","link":"https:\/\/gadgettravellers.eu\/it\/shop\/babbo-natale-gonfiabile-50cm-50cm-xmasfest-11329\/","title":{"rendered":"Babbo Natale Gonfiabile 50cm (50cm) Xmasfest 11329"},"content":{"rendered":"<p>Gonfiabile. Attenzione ai gonfiabili, non sono accettate modifiche (50cm)<\/p>\n<div class='aiseo-faq-section' style='margin-top:30px; border-top:1px solid #eee; padding-top:20px;'>\n<h3>Domande Frequenti<\/h3>\n<details style='margin-bottom:10px; padding:10px; background:#f9f9f9; border-radius:5px;'>\n<summary style='font-weight:bold; cursor:pointer;'>Questo prodotto \u00e8 gonfiabile?<\/summary>\n<div style='margin-top:10px; color:#555;'>S\u00ec, si tratta di un Babbo Natale gonfiabile alto 50 cm.<\/div>\n<\/details>\n<details style='margin-bottom:10px; padding:10px; background:#f9f9f9; border-radius:5px;'>\n<summary style='font-weight:bold; cursor:pointer;'>Sono possibili cambi o resi per questo prodotto?<\/summary>\n<div style='margin-top:10px; color:#555;'>No, per la descrizione non sono accettati cambi o resi per i gonfiabili.<\/div>\n<\/details>\n<details style='margin-bottom:10px; padding:10px; background:#f9f9f9; border-radius:5px;'>\n<summary style='font-weight:bold; cursor:pointer;'>Pu\u00f2 essere posizionato all&#8217;aperto?<\/summary>\n<div style='margin-top:10px; color:#555;'>S\u00ec, \u00e8 ideale per la decorazione sia di interni che di esterni.<\/div>\n<\/details>\n<details style='margin-bottom:10px; padding:10px; background:#f9f9f9; border-radius:5px;'>\n<summary style='font-weight:bold; cursor:pointer;'>Qual \u00e8 la dimensione del prodotto?<\/summary>\n<div style='margin-top:10px; color:#555;'>Il gonfiabile ha un&#8217;altezza di 50 cm come indicato nella descrizione.<\/div>\n<\/details>\n<\/div>\n","protected":false},"excerpt":{"rendered":"<p>Gonfiabile. Attenzione ai gonfiabili, non sono accettate modifiche (50cm) Domande Frequenti Questo prodotto \u00e8 gonfiabile? S\u00ec, si tratta di un Babbo Natale gonfiabile alto 50 cm. Sono possibili cambi o resi per questo prodotto? No, per la descrizione non sono accettati cambi o resi per i gonfiabili. Pu\u00f2 essere posizionato all&#8217;aperto? S\u00ec, \u00e8 ideale per [&hellip;]<\/p>\n","protected":false},"featured_media":5185505,"comment_status":"closed","ping_status":"open","template":"","meta":[],"product_brand":[],"product_cat":[],"product_tag":[15],"class_list":{"0":"post-5318031","1":"product","2":"type-product","3":"status-publish","4":"has-post-thumbnail","6":"product_tag-uncategorized","8":"first","9":"onbackorder","10":"purchasable","11":"product-type-simple"},"jetpack_sharing_enabled":true,"_links":{"self":[{"href":"https:\/\/gadgettravellers.eu\/it\/wp-json\/wp\/v2\/product\/5318031","targetHints":{"allow":["GET"]}}],"collection":[{"href":"https:\/\/gadgettravellers.eu\/it\/wp-json\/wp\/v2\/product"}],"about":[{"href":"https:\/\/gadgettravellers.eu\/it\/wp-json\/wp\/v2\/types\/product"}],"replies":[{"embeddable":true,"href":"https:\/\/gadgettravellers.eu\/it\/wp-json\/wp\/v2\/comments?post=5318031"}],"wp:featuredmedia":[{"embeddable":true,"href":"https:\/\/gadgettravellers.eu\/it\/wp-json\/wp\/v2\/media\/5185505"}],"wp:attachment":[{"href":"https:\/\/gadgettravellers.eu\/it\/wp-json\/wp\/v2\/media?parent=5318031"}],"wp:term":[{"taxonomy":"product_brand","embeddable":true,"href":"https:\/\/gadgettravellers.eu\/it\/wp-json\/wp\/v2\/product_brand?post=5318031"},{"taxonomy":"product_cat","embeddable":true,"href":"https:\/\/gadgettravellers.eu\/it\/wp-json\/wp\/v2\/product_cat?post=5318031"},{"taxonomy":"product_tag","embeddable":true,"href":"https:\/\/gadgettravellers.eu\/it\/wp-json\/wp\/v2\/product_tag?post=5318031"}],"curies":[{"name":"wp","href":"https:\/\/api.w.org\/{rel}","templated":true}]}}