{"id":5318032,"date":"2026-01-19T14:58:47","date_gmt":"2026-01-19T12:58:47","guid":{"rendered":"https:\/\/gadgettravellers.eu\/shop\/alberello-decorato-60cm-xmasfest-113935\/"},"modified":"2026-04-22T22:59:31","modified_gmt":"2026-04-22T20:59:31","slug":"alberello-decorato-60cm-xmasfest-113935","status":"publish","type":"product","link":"https:\/\/gadgettravellers.eu\/it\/shop\/alberello-decorato-60cm-xmasfest-113935\/","title":{"rendered":"Alberello Decorato 60cm Xmasfest 113935"},"content":{"rendered":"<p>60cm<\/p>\n<div class='aiseo-faq-section' style='margin-top:30px; border-top:1px solid #eee; padding-top:20px;'>\n<h3>Domande Frequenti<\/h3>\n<details style='margin-bottom:10px; padding:10px; background:#f9f9f9; border-radius:5px;'>\n<summary style='font-weight:bold; cursor:pointer;'>Qual \u00e8 l&#8217;altezza dell&#8217;albero?<\/summary>\n<div style='margin-top:10px; color:#555;'>L&#8217;albero ha un&#8217;altezza di 60 cm.<\/div>\n<\/details>\n<details style='margin-bottom:10px; padding:10px; background:#f9f9f9; border-radius:5px;'>\n<summary style='font-weight:bold; cursor:pointer;'>Serve una decorazione aggiuntiva?<\/summary>\n<div style='margin-top:10px; color:#555;'>\u00c8 decorato e pronto per l&#8217;uso, non richiede ulteriori decorazioni.<\/div>\n<\/details>\n<details style='margin-bottom:10px; padding:10px; background:#f9f9f9; border-radius:5px;'>\n<summary style='font-weight:bold; cursor:pointer;'>\u00c8 adatto per esterni?<\/summary>\n<div style='margin-top:10px; color:#555;'>Progettato per uso interno e non consigliato per uso esterno.<\/div>\n<\/details>\n<details style='margin-bottom:10px; padding:10px; background:#f9f9f9; border-radius:5px;'>\n<summary style='font-weight:bold; cursor:pointer;'>Di quali materiali \u00e8 fatto e come viene conservato?<\/summary>\n<div style='margin-top:10px; color:#555;'>Realizzato con materiali sintetici resistenti per il riutilizzo, e si conserva facilmente una volta smontato.<\/div>\n<\/details>\n<\/div>\n","protected":false},"excerpt":{"rendered":"<p>60cm Domande Frequenti Qual \u00e8 l&#8217;altezza dell&#8217;albero? L&#8217;albero ha un&#8217;altezza di 60 cm. Serve una decorazione aggiuntiva? \u00c8 decorato e pronto per l&#8217;uso, non richiede ulteriori decorazioni. \u00c8 adatto per esterni? Progettato per uso interno e non consigliato per uso esterno. Di quali materiali \u00e8 fatto e come viene conservato? Realizzato con materiali sintetici resistenti [&hellip;]<\/p>\n","protected":false},"featured_media":5185513,"comment_status":"closed","ping_status":"open","template":"","meta":[],"product_brand":[],"product_cat":[],"product_tag":[15],"class_list":{"0":"post-5318032","1":"product","2":"type-product","3":"status-publish","4":"has-post-thumbnail","6":"product_tag-uncategorized","8":"first","9":"onbackorder","10":"purchasable","11":"product-type-simple"},"jetpack_sharing_enabled":true,"_links":{"self":[{"href":"https:\/\/gadgettravellers.eu\/it\/wp-json\/wp\/v2\/product\/5318032","targetHints":{"allow":["GET"]}}],"collection":[{"href":"https:\/\/gadgettravellers.eu\/it\/wp-json\/wp\/v2\/product"}],"about":[{"href":"https:\/\/gadgettravellers.eu\/it\/wp-json\/wp\/v2\/types\/product"}],"replies":[{"embeddable":true,"href":"https:\/\/gadgettravellers.eu\/it\/wp-json\/wp\/v2\/comments?post=5318032"}],"wp:featuredmedia":[{"embeddable":true,"href":"https:\/\/gadgettravellers.eu\/it\/wp-json\/wp\/v2\/media\/5185513"}],"wp:attachment":[{"href":"https:\/\/gadgettravellers.eu\/it\/wp-json\/wp\/v2\/media?parent=5318032"}],"wp:term":[{"taxonomy":"product_brand","embeddable":true,"href":"https:\/\/gadgettravellers.eu\/it\/wp-json\/wp\/v2\/product_brand?post=5318032"},{"taxonomy":"product_cat","embeddable":true,"href":"https:\/\/gadgettravellers.eu\/it\/wp-json\/wp\/v2\/product_cat?post=5318032"},{"taxonomy":"product_tag","embeddable":true,"href":"https:\/\/gadgettravellers.eu\/it\/wp-json\/wp\/v2\/product_tag?post=5318032"}],"curies":[{"name":"wp","href":"https:\/\/api.w.org\/{rel}","templated":true}]}}