{"id":5318033,"date":"2026-01-19T14:58:48","date_gmt":"2026-01-19T12:58:48","guid":{"rendered":"https:\/\/gadgettravellers.eu\/shop\/alberello-decorato-50cm-xmasfest-113936\/"},"modified":"2026-04-22T22:59:32","modified_gmt":"2026-04-22T20:59:32","slug":"alberello-decorato-50cm-xmasfest-113936","status":"publish","type":"product","link":"https:\/\/gadgettravellers.eu\/it\/shop\/alberello-decorato-50cm-xmasfest-113936\/","title":{"rendered":"Alberello Decorato 50cm Xmasfest 113936"},"content":{"rendered":"<p>50cm<\/p>\n<div class='aiseo-faq-section' style='margin-top:30px; border-top:1px solid #eee; padding-top:20px;'>\n<h3>Domande Frequenti<\/h3>\n<details style='margin-bottom:10px; padding:10px; background:#f9f9f9; border-radius:5px;'>\n<summary style='font-weight:bold; cursor:pointer;'>Qual \u00e8 l&#8217;altezza dell&#8217;alberello?<\/summary>\n<div style='margin-top:10px; color:#555;'>L&#8217;altezza \u00e8 50 cm.<\/div>\n<\/details>\n<details style='margin-bottom:10px; padding:10px; background:#f9f9f9; border-radius:5px;'>\n<summary style='font-weight:bold; cursor:pointer;'>In quali ambienti si adatta?<\/summary>\n<div style='margin-top:10px; color:#555;'>Ideale per tavolini, scrivanie, balconi e altri piccoli spazi interni.<\/div>\n<\/details>\n<details style='margin-bottom:10px; padding:10px; background:#f9f9f9; border-radius:5px;'>\n<summary style='font-weight:bold; cursor:pointer;'>Richiede montaggio?<\/summary>\n<div style='margin-top:10px; color:#555;'>S\u00ec, richiede montaggio ma \u00e8 facile da montare e da conservare.<\/div>\n<\/details>\n<details style='margin-bottom:10px; padding:10px; background:#f9f9f9; border-radius:5px;'>\n<summary style='font-weight:bold; cursor:pointer;'>Pu\u00f2 essere usato esternamente?<\/summary>\n<div style='margin-top:10px; color:#555;'>No, il prodotto \u00e8 progettato per uso interno.<\/div>\n<\/details>\n<\/div>\n","protected":false},"excerpt":{"rendered":"<p>50cm Domande Frequenti Qual \u00e8 l&#8217;altezza dell&#8217;alberello? L&#8217;altezza \u00e8 50 cm. In quali ambienti si adatta? Ideale per tavolini, scrivanie, balconi e altri piccoli spazi interni. Richiede montaggio? S\u00ec, richiede montaggio ma \u00e8 facile da montare e da conservare. Pu\u00f2 essere usato esternamente? No, il prodotto \u00e8 progettato per uso interno.<\/p>\n","protected":false},"featured_media":5185517,"comment_status":"closed","ping_status":"open","template":"","meta":[],"product_brand":[],"product_cat":[],"product_tag":[15],"class_list":{"0":"post-5318033","1":"product","2":"type-product","3":"status-publish","4":"has-post-thumbnail","6":"product_tag-uncategorized","8":"first","9":"onbackorder","10":"purchasable","11":"product-type-simple"},"jetpack_sharing_enabled":true,"_links":{"self":[{"href":"https:\/\/gadgettravellers.eu\/it\/wp-json\/wp\/v2\/product\/5318033","targetHints":{"allow":["GET"]}}],"collection":[{"href":"https:\/\/gadgettravellers.eu\/it\/wp-json\/wp\/v2\/product"}],"about":[{"href":"https:\/\/gadgettravellers.eu\/it\/wp-json\/wp\/v2\/types\/product"}],"replies":[{"embeddable":true,"href":"https:\/\/gadgettravellers.eu\/it\/wp-json\/wp\/v2\/comments?post=5318033"}],"wp:featuredmedia":[{"embeddable":true,"href":"https:\/\/gadgettravellers.eu\/it\/wp-json\/wp\/v2\/media\/5185517"}],"wp:attachment":[{"href":"https:\/\/gadgettravellers.eu\/it\/wp-json\/wp\/v2\/media?parent=5318033"}],"wp:term":[{"taxonomy":"product_brand","embeddable":true,"href":"https:\/\/gadgettravellers.eu\/it\/wp-json\/wp\/v2\/product_brand?post=5318033"},{"taxonomy":"product_cat","embeddable":true,"href":"https:\/\/gadgettravellers.eu\/it\/wp-json\/wp\/v2\/product_cat?post=5318033"},{"taxonomy":"product_tag","embeddable":true,"href":"https:\/\/gadgettravellers.eu\/it\/wp-json\/wp\/v2\/product_tag?post=5318033"}],"curies":[{"name":"wp","href":"https:\/\/api.w.org\/{rel}","templated":true}]}}