{"id":5318037,"date":"2026-01-19T14:58:51","date_gmt":"2026-01-19T12:58:51","guid":{"rendered":"https:\/\/gadgettravellers.eu\/shop\/sacco-di-babbo-natale-70x50cm-xmasfest-1131017\/"},"modified":"2026-04-22T22:59:33","modified_gmt":"2026-04-22T20:59:33","slug":"sacco-di-babbo-natale-70x50cm-xmasfest-1131017","status":"publish","type":"product","link":"https:\/\/gadgettravellers.eu\/it\/shop\/sacco-di-babbo-natale-70x50cm-xmasfest-1131017\/","title":{"rendered":"Sacco di Babbo Natale 70x50cm Xmasfest 1131017"},"content":{"rendered":"<p>Sacco di Babbo Natale 70x50cm<\/p>\n<div class='aiseo-faq-section' style='margin-top:30px; border-top:1px solid #eee; padding-top:20px;'>\n<h3>Domande Frequenti<\/h3>\n<details style='margin-bottom:10px; padding:10px; background:#f9f9f9; border-radius:5px;'>\n<summary style='font-weight:bold; cursor:pointer;'>Quali sono le dimensioni del sacco?<\/summary>\n<div style='margin-top:10px; color:#555;'>70 x 50 cm.<\/div>\n<\/details>\n<details style='margin-bottom:10px; padding:10px; background:#f9f9f9; border-radius:5px;'>\n<summary style='font-weight:bold; cursor:pointer;'>Per quale uso \u00e8 destinato?<\/summary>\n<div style='margin-top:10px; color:#555;'>Ideale per l&#8217;imballaggio dei regali di Natale.<\/div>\n<\/details>\n<details style='margin-bottom:10px; padding:10px; background:#f9f9f9; border-radius:5px;'>\n<summary style='font-weight:bold; cursor:pointer;'>La borsa \u00e8 riutilizzabile e resistente?<\/summary>\n<div style='margin-top:10px; color:#555;'>S\u00ec \u2014 il prodotto \u00e8 descritto come riutilizzabile e resistente.<\/div>\n<\/details>\n<details style='margin-bottom:10px; padding:10px; background:#f9f9f9; border-radius:5px;'>\n<summary style='font-weight:bold; cursor:pointer;'>Aggiunge un aspetto festivo alla presentazione dei regali?<\/summary>\n<div style='margin-top:10px; color:#555;'>S\u00ec, aggiunge un tocco festivo alla presentazione dei regali.<\/div>\n<\/details>\n<\/div>\n","protected":false},"excerpt":{"rendered":"<p>Sacco di Babbo Natale 70x50cm Domande Frequenti Quali sono le dimensioni del sacco? 70 x 50 cm. Per quale uso \u00e8 destinato? Ideale per l&#8217;imballaggio dei regali di Natale. La borsa \u00e8 riutilizzabile e resistente? S\u00ec \u2014 il prodotto \u00e8 descritto come riutilizzabile e resistente. Aggiunge un aspetto festivo alla presentazione dei regali? S\u00ec, aggiunge [&hellip;]<\/p>\n","protected":false},"featured_media":5185533,"comment_status":"closed","ping_status":"open","template":"","meta":[],"product_brand":[],"product_cat":[],"product_tag":[15],"class_list":{"0":"post-5318037","1":"product","2":"type-product","3":"status-publish","4":"has-post-thumbnail","6":"product_tag-uncategorized","8":"first","9":"onbackorder","10":"purchasable","11":"product-type-simple"},"jetpack_sharing_enabled":true,"_links":{"self":[{"href":"https:\/\/gadgettravellers.eu\/it\/wp-json\/wp\/v2\/product\/5318037","targetHints":{"allow":["GET"]}}],"collection":[{"href":"https:\/\/gadgettravellers.eu\/it\/wp-json\/wp\/v2\/product"}],"about":[{"href":"https:\/\/gadgettravellers.eu\/it\/wp-json\/wp\/v2\/types\/product"}],"replies":[{"embeddable":true,"href":"https:\/\/gadgettravellers.eu\/it\/wp-json\/wp\/v2\/comments?post=5318037"}],"wp:featuredmedia":[{"embeddable":true,"href":"https:\/\/gadgettravellers.eu\/it\/wp-json\/wp\/v2\/media\/5185533"}],"wp:attachment":[{"href":"https:\/\/gadgettravellers.eu\/it\/wp-json\/wp\/v2\/media?parent=5318037"}],"wp:term":[{"taxonomy":"product_brand","embeddable":true,"href":"https:\/\/gadgettravellers.eu\/it\/wp-json\/wp\/v2\/product_brand?post=5318037"},{"taxonomy":"product_cat","embeddable":true,"href":"https:\/\/gadgettravellers.eu\/it\/wp-json\/wp\/v2\/product_cat?post=5318037"},{"taxonomy":"product_tag","embeddable":true,"href":"https:\/\/gadgettravellers.eu\/it\/wp-json\/wp\/v2\/product_tag?post=5318037"}],"curies":[{"name":"wp","href":"https:\/\/api.w.org\/{rel}","templated":true}]}}