{"id":5318038,"date":"2026-01-19T14:58:53","date_gmt":"2026-01-19T12:58:53","guid":{"rendered":"https:\/\/gadgettravellers.eu\/shop\/triangoli-per-canti-di-natale-in-confezione-185x12cm-xmasfest-1131018\/"},"modified":"2026-04-22T22:59:34","modified_gmt":"2026-04-22T20:59:34","slug":"triangoli-per-canti-di-natale-in-confezione-185x12cm-xmasfest-1131018","status":"publish","type":"product","link":"https:\/\/gadgettravellers.eu\/it\/shop\/triangoli-per-canti-di-natale-in-confezione-185x12cm-xmasfest-1131018\/","title":{"rendered":"Triangoli per Canti di Natale in Confezione 18,5x12cm Xmasfest 1131018"},"content":{"rendered":"<p>18,5x12cm<\/p>\n<div class='aiseo-faq-section' style='margin-top:30px; border-top:1px solid #eee; padding-top:20px;'>\n<h3>Domande Frequenti<\/h3>\n<details style='margin-bottom:10px; padding:10px; background:#f9f9f9; border-radius:5px;'>\n<summary style='font-weight:bold; cursor:pointer;'>Quali sono le dimensioni della confezione?<\/summary>\n<div style='margin-top:10px; color:#555;'>La confezione ha dimensioni 18,5 x 12 cm.<\/div>\n<\/details>\n<details style='margin-bottom:10px; padding:10px; background:#f9f9f9; border-radius:5px;'>\n<summary style='font-weight:bold; cursor:pointer;'>\u00c8 adatto ai bambini?<\/summary>\n<div style='margin-top:10px; color:#555;'>S\u00ec, \u00e8 adatto sia per bambini che per adulti.<\/div>\n<\/details>\n<details style='margin-bottom:10px; padding:10px; background:#f9f9f9; border-radius:5px;'>\n<summary style='font-weight:bold; cursor:pointer;'>Che tipo di suono produce?<\/summary>\n<div style='margin-top:10px; color:#555;'>Produce un suono pulito e potente, adatto per canti natalizi e piccole esibizioni.<\/div>\n<\/details>\n<details style='margin-bottom:10px; padding:10px; background:#f9f9f9; border-radius:5px;'>\n<summary style='font-weight:bold; cursor:pointer;'>In quali circostanze \u00e8 consigliato il suo utilizzo?<\/summary>\n<div style='margin-top:10px; color:#555;'>Ideale per eventi natalizi, feste scolastiche, gruppi, canti natalizi all&#8217;aperto e lezioni di musica.<\/div>\n<\/details>\n<\/div>\n","protected":false},"excerpt":{"rendered":"<p>18,5x12cm Domande Frequenti Quali sono le dimensioni della confezione? La confezione ha dimensioni 18,5 x 12 cm. \u00c8 adatto ai bambini? S\u00ec, \u00e8 adatto sia per bambini che per adulti. Che tipo di suono produce? Produce un suono pulito e potente, adatto per canti natalizi e piccole esibizioni. In quali circostanze \u00e8 consigliato il suo [&hellip;]<\/p>\n","protected":false},"featured_media":5185537,"comment_status":"closed","ping_status":"open","template":"","meta":[],"product_brand":[],"product_cat":[],"product_tag":[15],"class_list":{"0":"post-5318038","1":"product","2":"type-product","3":"status-publish","4":"has-post-thumbnail","6":"product_tag-uncategorized","8":"first","9":"onbackorder","10":"purchasable","11":"product-type-simple"},"jetpack_sharing_enabled":true,"_links":{"self":[{"href":"https:\/\/gadgettravellers.eu\/it\/wp-json\/wp\/v2\/product\/5318038","targetHints":{"allow":["GET"]}}],"collection":[{"href":"https:\/\/gadgettravellers.eu\/it\/wp-json\/wp\/v2\/product"}],"about":[{"href":"https:\/\/gadgettravellers.eu\/it\/wp-json\/wp\/v2\/types\/product"}],"replies":[{"embeddable":true,"href":"https:\/\/gadgettravellers.eu\/it\/wp-json\/wp\/v2\/comments?post=5318038"}],"wp:featuredmedia":[{"embeddable":true,"href":"https:\/\/gadgettravellers.eu\/it\/wp-json\/wp\/v2\/media\/5185537"}],"wp:attachment":[{"href":"https:\/\/gadgettravellers.eu\/it\/wp-json\/wp\/v2\/media?parent=5318038"}],"wp:term":[{"taxonomy":"product_brand","embeddable":true,"href":"https:\/\/gadgettravellers.eu\/it\/wp-json\/wp\/v2\/product_brand?post=5318038"},{"taxonomy":"product_cat","embeddable":true,"href":"https:\/\/gadgettravellers.eu\/it\/wp-json\/wp\/v2\/product_cat?post=5318038"},{"taxonomy":"product_tag","embeddable":true,"href":"https:\/\/gadgettravellers.eu\/it\/wp-json\/wp\/v2\/product_tag?post=5318038"}],"curies":[{"name":"wp","href":"https:\/\/api.w.org\/{rel}","templated":true}]}}