{"id":5318044,"date":"2026-01-19T14:58:57","date_gmt":"2026-01-19T12:58:57","guid":{"rendered":"https:\/\/gadgettravellers.eu\/shop\/albero-di-natale-verde-semplice-90cm-xmasfest-113937\/"},"modified":"2026-04-22T22:59:36","modified_gmt":"2026-04-22T20:59:36","slug":"albero-di-natale-verde-semplice-90cm-xmasfest-113937","status":"publish","type":"product","link":"https:\/\/gadgettravellers.eu\/it\/shop\/albero-di-natale-verde-semplice-90cm-xmasfest-113937\/","title":{"rendered":"Albero di Natale Verde Semplice 90cm Xmasfest 113937"},"content":{"rendered":"<p>90cm<\/p>\n<div class='aiseo-faq-section' style='margin-top:30px; border-top:1px solid #eee; padding-top:20px;'>\n<h3>Domande Frequenti<\/h3>\n<details style='margin-bottom:10px; padding:10px; background:#f9f9f9; border-radius:5px;'>\n<summary style='font-weight:bold; cursor:pointer;'>Qual \u00e8 l&#8217;altezza di questo albero?<\/summary>\n<div style='margin-top:10px; color:#555;'>L&#8217;albero ha un&#8217;altezza di 90 cm.<\/div>\n<\/details>\n<details style='margin-bottom:10px; padding:10px; background:#f9f9f9; border-radius:5px;'>\n<summary style='font-weight:bold; cursor:pointer;'>Si vende con decorazioni o illuminazione?<\/summary>\n<div style='margin-top:10px; color:#555;'>No, viene venduto senza decorazioni o illuminazione.<\/div>\n<\/details>\n<details style='margin-bottom:10px; padding:10px; background:#f9f9f9; border-radius:5px;'>\n<summary style='font-weight:bold; cursor:pointer;'>\u00c8 adatto per spazi piccoli?<\/summary>\n<div style='margin-top:10px; color:#555;'>S\u00ec, \u00e8 ideale per appartamenti, uffici e balconi.<\/div>\n<\/details>\n<details style='margin-bottom:10px; padding:10px; background:#f9f9f9; border-radius:5px;'>\n<summary style='font-weight:bold; cursor:pointer;'>\u00c8 difficile il montaggio e la conservazione?<\/summary>\n<div style='margin-top:10px; color:#555;'>No, dispone di facile montaggio e smontaggio per la conservazione.<\/div>\n<\/details>\n<details style='margin-bottom:10px; padding:10px; background:#f9f9f9; border-radius:5px;'>\n<summary style='font-weight:bold; cursor:pointer;'>Pu\u00f2 essere riutilizzato per le prossime festivit\u00e0?<\/summary>\n<div style='margin-top:10px; color:#555;'>S\u00ec, \u00e8 stato progettato per un uso ripetuto in decorazioni stagionali.<\/div>\n<\/details>\n<\/div>\n","protected":false},"excerpt":{"rendered":"<p>90cm Domande Frequenti Qual \u00e8 l&#8217;altezza di questo albero? L&#8217;albero ha un&#8217;altezza di 90 cm. Si vende con decorazioni o illuminazione? No, viene venduto senza decorazioni o illuminazione. \u00c8 adatto per spazi piccoli? S\u00ec, \u00e8 ideale per appartamenti, uffici e balconi. \u00c8 difficile il montaggio e la conservazione? No, dispone di facile montaggio e smontaggio [&hellip;]<\/p>\n","protected":false},"featured_media":5185521,"comment_status":"closed","ping_status":"open","template":"","meta":[],"product_brand":[],"product_cat":[],"product_tag":[15],"class_list":{"0":"post-5318044","1":"product","2":"type-product","3":"status-publish","4":"has-post-thumbnail","6":"product_tag-uncategorized","8":"first","9":"onbackorder","10":"purchasable","11":"product-type-simple"},"jetpack_sharing_enabled":true,"_links":{"self":[{"href":"https:\/\/gadgettravellers.eu\/it\/wp-json\/wp\/v2\/product\/5318044","targetHints":{"allow":["GET"]}}],"collection":[{"href":"https:\/\/gadgettravellers.eu\/it\/wp-json\/wp\/v2\/product"}],"about":[{"href":"https:\/\/gadgettravellers.eu\/it\/wp-json\/wp\/v2\/types\/product"}],"replies":[{"embeddable":true,"href":"https:\/\/gadgettravellers.eu\/it\/wp-json\/wp\/v2\/comments?post=5318044"}],"wp:featuredmedia":[{"embeddable":true,"href":"https:\/\/gadgettravellers.eu\/it\/wp-json\/wp\/v2\/media\/5185521"}],"wp:attachment":[{"href":"https:\/\/gadgettravellers.eu\/it\/wp-json\/wp\/v2\/media?parent=5318044"}],"wp:term":[{"taxonomy":"product_brand","embeddable":true,"href":"https:\/\/gadgettravellers.eu\/it\/wp-json\/wp\/v2\/product_brand?post=5318044"},{"taxonomy":"product_cat","embeddable":true,"href":"https:\/\/gadgettravellers.eu\/it\/wp-json\/wp\/v2\/product_cat?post=5318044"},{"taxonomy":"product_tag","embeddable":true,"href":"https:\/\/gadgettravellers.eu\/it\/wp-json\/wp\/v2\/product_tag?post=5318044"}],"curies":[{"name":"wp","href":"https:\/\/api.w.org\/{rel}","templated":true}]}}