{"id":5318045,"date":"2026-01-19T14:58:59","date_gmt":"2026-01-19T12:58:59","guid":{"rendered":"https:\/\/gadgettravellers.eu\/shop\/yo-yo-con-luz-%cf%8653cm-homie-116186\/"},"modified":"2026-04-22T22:59:37","modified_gmt":"2026-04-22T20:59:37","slug":"yo-yo-con-luz-%cf%8653cm-homie-116186","status":"publish","type":"product","link":"https:\/\/gadgettravellers.eu\/it\/shop\/yo-yo-con-luz-%cf%8653cm-homie-116186\/","title":{"rendered":"Yo-yo con luz \u03a65,3cm Homie 116186"},"content":{"rendered":"<p>(abbina) yo-yo con luce \u03a65,3cm<\/p>\n<div class='aiseo-faq-section' style='margin-top:30px; border-top:1px solid #eee; padding-top:20px;'>\n<h3>Domande Frequenti<\/h3>\n<details style='margin-bottom:10px; padding:10px; background:#f9f9f9; border-radius:5px;'>\n<summary style='font-weight:bold; cursor:pointer;'>Qual \u00e8 la dimensione della lucina?<\/summary>\n<div style='margin-top:10px; color:#555;'>Il diametro \u00e8 \u03a65,3cm.<\/div>\n<\/details>\n<details style='margin-bottom:10px; padding:10px; background:#f9f9f9; border-radius:5px;'>\n<summary style='font-weight:bold; cursor:pointer;'>Per quali ambienti \u00e8 destinato?<\/summary>\n<div style='margin-top:10px; color:#555;'>Ideale per interni come lampada d&#8217;atmosfera e decorativa.<\/div>\n<\/details>\n<details style='margin-bottom:10px; padding:10px; background:#f9f9f9; border-radius:5px;'>\n<summary style='font-weight:bold; cursor:pointer;'>In quali colori \u00e8 disponibile?<\/summary>\n<div style='margin-top:10px; color:#555;'>Disponibile in colori assortiti.<\/div>\n<\/details>\n<details style='margin-bottom:10px; padding:10px; background:#f9f9f9; border-radius:5px;'>\n<summary style='font-weight:bold; cursor:pointer;'>\u00c8 difficile da usare?<\/summary>\n<div style='margin-top:10px; color:#555;'>No, \u00e8 facile da usare e conveniente.<\/div>\n<\/details>\n<\/div>\n","protected":false},"excerpt":{"rendered":"<p>(abbina) yo-yo con luce \u03a65,3cm Domande Frequenti Qual \u00e8 la dimensione della lucina? Il diametro \u00e8 \u03a65,3cm. Per quali ambienti \u00e8 destinato? Ideale per interni come lampada d&#8217;atmosfera e decorativa. In quali colori \u00e8 disponibile? Disponibile in colori assortiti. \u00c8 difficile da usare? No, \u00e8 facile da usare e conveniente.<\/p>\n","protected":false},"featured_media":25845,"comment_status":"closed","ping_status":"open","template":"","meta":[],"product_brand":[],"product_cat":[],"product_tag":[15],"class_list":{"0":"post-5318045","1":"product","2":"type-product","3":"status-publish","4":"has-post-thumbnail","6":"product_tag-uncategorized","8":"first","9":"onbackorder","10":"purchasable","11":"product-type-simple"},"jetpack_sharing_enabled":true,"_links":{"self":[{"href":"https:\/\/gadgettravellers.eu\/it\/wp-json\/wp\/v2\/product\/5318045","targetHints":{"allow":["GET"]}}],"collection":[{"href":"https:\/\/gadgettravellers.eu\/it\/wp-json\/wp\/v2\/product"}],"about":[{"href":"https:\/\/gadgettravellers.eu\/it\/wp-json\/wp\/v2\/types\/product"}],"replies":[{"embeddable":true,"href":"https:\/\/gadgettravellers.eu\/it\/wp-json\/wp\/v2\/comments?post=5318045"}],"wp:featuredmedia":[{"embeddable":true,"href":"https:\/\/gadgettravellers.eu\/it\/wp-json\/wp\/v2\/media\/25845"}],"wp:attachment":[{"href":"https:\/\/gadgettravellers.eu\/it\/wp-json\/wp\/v2\/media?parent=5318045"}],"wp:term":[{"taxonomy":"product_brand","embeddable":true,"href":"https:\/\/gadgettravellers.eu\/it\/wp-json\/wp\/v2\/product_brand?post=5318045"},{"taxonomy":"product_cat","embeddable":true,"href":"https:\/\/gadgettravellers.eu\/it\/wp-json\/wp\/v2\/product_cat?post=5318045"},{"taxonomy":"product_tag","embeddable":true,"href":"https:\/\/gadgettravellers.eu\/it\/wp-json\/wp\/v2\/product_tag?post=5318045"}],"curies":[{"name":"wp","href":"https:\/\/api.w.org\/{rel}","templated":true}]}}