{"id":5318059,"date":"2026-01-19T14:59:10","date_gmt":"2026-01-19T12:59:10","guid":{"rendered":"https:\/\/gadgettravellers.eu\/shop\/pallina-da-calcio-in-gomma-o7cm-homie-116294\/"},"modified":"2026-04-22T22:59:42","modified_gmt":"2026-04-22T20:59:42","slug":"pallina-da-calcio-in-gomma-o7cm-homie-116294","status":"publish","type":"product","link":"https:\/\/gadgettravellers.eu\/it\/shop\/pallina-da-calcio-in-gomma-o7cm-homie-116294\/","title":{"rendered":"Pallina da Calcio in Gomma \u00f87cm Homie 116294"},"content":{"rendered":"<p>(pallina in coordinato) palla di gomma \u00f87cm<\/p>\n<div class='aiseo-faq-section' style='margin-top:30px; border-top:1px solid #eee; padding-top:20px;'>\n<h3>Domande Frequenti<\/h3>\n<details style='margin-bottom:10px; padding:10px; background:#f9f9f9; border-radius:5px;'>\n<summary style='font-weight:bold; cursor:pointer;'>Di che materiale \u00e8 fatta la palla?<\/summary>\n<div style='margin-top:10px; color:#555;'>La palla \u00e8 fatta di gomma, cio\u00e8 un materiale elastico e resistente.<\/div>\n<\/details>\n<details style='margin-bottom:10px; padding:10px; background:#f9f9f9; border-radius:5px;'>\n<summary style='font-weight:bold; cursor:pointer;'>Qual \u00e8 il diametro della palla?<\/summary>\n<div style='margin-top:10px; color:#555;'>Il diametro \u00e8 di circa 7 cm (\u00f87cm).<\/div>\n<\/details>\n<details style='margin-bottom:10px; padding:10px; background:#f9f9f9; border-radius:5px;'>\n<summary style='font-weight:bold; cursor:pointer;'>Posso usarla in ambienti interni ed esterni?<\/summary>\n<div style='margin-top:10px; color:#555;'>S\u00ec, \u00e8 adatta per giocare sia all&#8217;interno che all&#8217;esterno.<\/div>\n<\/details>\n<details style='margin-bottom:10px; padding:10px; background:#f9f9f9; border-radius:5px;'>\n<summary style='font-weight:bold; cursor:pointer;'>In quali colori \u00e8 disponibile?<\/summary>\n<div style='margin-top:10px; color:#555;'>Disponibile in colori assortiti, cio\u00e8 in una variet\u00e0 di opzioni di colore.<\/div>\n<\/details>\n<\/div>\n","protected":false},"excerpt":{"rendered":"<p>(pallina in coordinato) palla di gomma \u00f87cm Domande Frequenti Di che materiale \u00e8 fatta la palla? La palla \u00e8 fatta di gomma, cio\u00e8 un materiale elastico e resistente. Qual \u00e8 il diametro della palla? Il diametro \u00e8 di circa 7 cm (\u00f87cm). Posso usarla in ambienti interni ed esterni? S\u00ec, \u00e8 adatta per giocare sia [&hellip;]<\/p>\n","protected":false},"featured_media":25915,"comment_status":"closed","ping_status":"open","template":"","meta":[],"product_brand":[],"product_cat":[],"product_tag":[15],"class_list":{"0":"post-5318059","1":"product","2":"type-product","3":"status-publish","4":"has-post-thumbnail","6":"product_tag-uncategorized","8":"first","9":"onbackorder","10":"purchasable","11":"product-type-simple"},"jetpack_sharing_enabled":true,"_links":{"self":[{"href":"https:\/\/gadgettravellers.eu\/it\/wp-json\/wp\/v2\/product\/5318059","targetHints":{"allow":["GET"]}}],"collection":[{"href":"https:\/\/gadgettravellers.eu\/it\/wp-json\/wp\/v2\/product"}],"about":[{"href":"https:\/\/gadgettravellers.eu\/it\/wp-json\/wp\/v2\/types\/product"}],"replies":[{"embeddable":true,"href":"https:\/\/gadgettravellers.eu\/it\/wp-json\/wp\/v2\/comments?post=5318059"}],"wp:featuredmedia":[{"embeddable":true,"href":"https:\/\/gadgettravellers.eu\/it\/wp-json\/wp\/v2\/media\/25915"}],"wp:attachment":[{"href":"https:\/\/gadgettravellers.eu\/it\/wp-json\/wp\/v2\/media?parent=5318059"}],"wp:term":[{"taxonomy":"product_brand","embeddable":true,"href":"https:\/\/gadgettravellers.eu\/it\/wp-json\/wp\/v2\/product_brand?post=5318059"},{"taxonomy":"product_cat","embeddable":true,"href":"https:\/\/gadgettravellers.eu\/it\/wp-json\/wp\/v2\/product_cat?post=5318059"},{"taxonomy":"product_tag","embeddable":true,"href":"https:\/\/gadgettravellers.eu\/it\/wp-json\/wp\/v2\/product_tag?post=5318059"}],"curies":[{"name":"wp","href":"https:\/\/api.w.org\/{rel}","templated":true}]}}