{"id":5318105,"date":"2026-01-19T14:59:48","date_gmt":"2026-01-19T12:59:48","guid":{"rendered":"https:\/\/gadgettravellers.eu\/shop\/portachiavi-occhio-cuore-o25cm-a15cm-homie-116661\/"},"modified":"2026-04-22T23:00:03","modified_gmt":"2026-04-22T21:00:03","slug":"portachiavi-occhio-cuore-o25cm-a15cm-homie-116661","status":"publish","type":"product","link":"https:\/\/gadgettravellers.eu\/it\/shop\/portachiavi-occhio-cuore-o25cm-a15cm-homie-116661\/","title":{"rendered":"Portachiavi Occhio Cuore \u00f82,5cm A:15cm Homie 116661"},"content":{"rendered":"<p>Occhio di vetro \u00f82,5cm Y:15cm<\/p>\n<div class='aiseo-faq-section' style='margin-top:30px; border-top:1px solid #eee; padding-top:20px;'>\n<h3>Domande Frequenti<\/h3>\n<details style='margin-bottom:10px; padding:10px; background:#f9f9f9; border-radius:5px;'>\n<summary style='font-weight:bold; cursor:pointer;'>Quali sono le dimensioni del portachiavi?<\/summary>\n<div style='margin-top:10px; color:#555;'>L&#8217;occhio di vetro ha un diametro di 2,5 cm e la lunghezza totale del portachiavi \u00e8 di 15 cm.<\/div>\n<\/details>\n<details style='margin-bottom:10px; padding:10px; background:#f9f9f9; border-radius:5px;'>\n<summary style='font-weight:bold; cursor:pointer;'>Di che materiale \u00e8 l&#8217;elemento decorativo?<\/summary>\n<div style='margin-top:10px; color:#555;'>L&#8217;elemento decorativo \u00e8 in vetro (occhio di vetro).<\/div>\n<\/details>\n<details style='margin-bottom:10px; padding:10px; background:#f9f9f9; border-radius:5px;'>\n<summary style='font-weight:bold; cursor:pointer;'>Dove pu\u00f2 essere utilizzato?<\/summary>\n<div style='margin-top:10px; color:#555;'>Ideale per chiavi o come piccolo decorativo\/regalo.<\/div>\n<\/details>\n<details style='margin-bottom:10px; padding:10px; background:#f9f9f9; border-radius:5px;'>\n<summary style='font-weight:bold; cursor:pointer;'>Che forma ha l&#8217;occhio?<\/summary>\n<div style='margin-top:10px; color:#555;'>L&#8217;occhio ha la forma di un cuore.<\/div>\n<\/details>\n<\/div>\n","protected":false},"excerpt":{"rendered":"<p>Occhio di vetro \u00f82,5cm Y:15cm Domande Frequenti Quali sono le dimensioni del portachiavi? L&#8217;occhio di vetro ha un diametro di 2,5 cm e la lunghezza totale del portachiavi \u00e8 di 15 cm. Di che materiale \u00e8 l&#8217;elemento decorativo? L&#8217;elemento decorativo \u00e8 in vetro (occhio di vetro). Dove pu\u00f2 essere utilizzato? Ideale per chiavi o come [&hellip;]<\/p>\n","protected":false},"featured_media":26176,"comment_status":"closed","ping_status":"open","template":"","meta":[],"product_brand":[],"product_cat":[],"product_tag":[15],"class_list":{"0":"post-5318105","1":"product","2":"type-product","3":"status-publish","4":"has-post-thumbnail","6":"product_tag-uncategorized","8":"first","9":"onbackorder","10":"purchasable","11":"product-type-simple"},"jetpack_sharing_enabled":true,"_links":{"self":[{"href":"https:\/\/gadgettravellers.eu\/it\/wp-json\/wp\/v2\/product\/5318105","targetHints":{"allow":["GET"]}}],"collection":[{"href":"https:\/\/gadgettravellers.eu\/it\/wp-json\/wp\/v2\/product"}],"about":[{"href":"https:\/\/gadgettravellers.eu\/it\/wp-json\/wp\/v2\/types\/product"}],"replies":[{"embeddable":true,"href":"https:\/\/gadgettravellers.eu\/it\/wp-json\/wp\/v2\/comments?post=5318105"}],"wp:featuredmedia":[{"embeddable":true,"href":"https:\/\/gadgettravellers.eu\/it\/wp-json\/wp\/v2\/media\/26176"}],"wp:attachment":[{"href":"https:\/\/gadgettravellers.eu\/it\/wp-json\/wp\/v2\/media?parent=5318105"}],"wp:term":[{"taxonomy":"product_brand","embeddable":true,"href":"https:\/\/gadgettravellers.eu\/it\/wp-json\/wp\/v2\/product_brand?post=5318105"},{"taxonomy":"product_cat","embeddable":true,"href":"https:\/\/gadgettravellers.eu\/it\/wp-json\/wp\/v2\/product_cat?post=5318105"},{"taxonomy":"product_tag","embeddable":true,"href":"https:\/\/gadgettravellers.eu\/it\/wp-json\/wp\/v2\/product_tag?post=5318105"}],"curies":[{"name":"wp","href":"https:\/\/api.w.org\/{rel}","templated":true}]}}