{"id":5318125,"date":"2026-01-19T15:00:04","date_gmt":"2026-01-19T13:00:04","guid":{"rendered":"https:\/\/gadgettravellers.eu\/shop\/accendino-bbq-camino-gas-antivento-27x4cm-homie-116832\/"},"modified":"2026-04-22T23:00:12","modified_gmt":"2026-04-22T21:00:12","slug":"accendino-bbq-camino-gas-antivento-27x4cm-homie-116832","status":"publish","type":"product","link":"https:\/\/gadgettravellers.eu\/it\/shop\/accendino-bbq-camino-gas-antivento-27x4cm-homie-116832\/","title":{"rendered":"Accendino Bbq-Camino-Gas Antivento 27x4cm Homie 116832"},"content":{"rendered":"<p>(abbinato) antivento, ricaricabile 27x4cm<\/p>\n<div class='aiseo-faq-section' style='margin-top:30px; border-top:1px solid #eee; padding-top:20px;'>\n<h3>Domande Frequenti<\/h3>\n<details style='margin-bottom:10px; padding:10px; background:#f9f9f9; border-radius:5px;'>\n<summary style='font-weight:bold; cursor:pointer;'>Questo accendino \u00e8 ricaricabile?<\/summary>\n<div style='margin-top:10px; color:#555;'>S\u00ec, l&#8217;accendino \u00e8 ricaricabile.<\/div>\n<\/details>\n<details style='margin-bottom:10px; padding:10px; background:#f9f9f9; border-radius:5px;'>\n<summary style='font-weight:bold; cursor:pointer;'>Ha una funzione antivento?<\/summary>\n<div style='margin-top:10px; color:#555;'>S\u00ec, \u00e8 antivento e progettato per l&#8217;uso all&#8217;aperto.<\/div>\n<\/details>\n<details style='margin-bottom:10px; padding:10px; background:#f9f9f9; border-radius:5px;'>\n<summary style='font-weight:bold; cursor:pointer;'>Quali sono le sue dimensioni?<\/summary>\n<div style='margin-top:10px; color:#555;'>Le dimensioni sono 27&#215;4 cm con un collo lungo per un&#8217;accensione sicura.<\/div>\n<\/details>\n<details style='margin-bottom:10px; padding:10px; background:#f9f9f9; border-radius:5px;'>\n<summary style='font-weight:bold; cursor:pointer;'>\u00c8 adatto per barbecue e camino?<\/summary>\n<div style='margin-top:10px; color:#555;'>S\u00ec, \u00e8 ideale per BBQ e camino grazie al collo lungo e al design antivento.<\/div>\n<\/details>\n<\/div>\n","protected":false},"excerpt":{"rendered":"<p>(abbinato) antivento, ricaricabile 27x4cm Domande Frequenti Questo accendino \u00e8 ricaricabile? S\u00ec, l&#8217;accendino \u00e8 ricaricabile. Ha una funzione antivento? S\u00ec, \u00e8 antivento e progettato per l&#8217;uso all&#8217;aperto. Quali sono le sue dimensioni? Le dimensioni sono 27&#215;4 cm con un collo lungo per un&#8217;accensione sicura. \u00c8 adatto per barbecue e camino? S\u00ec, \u00e8 ideale per BBQ e [&hellip;]<\/p>\n","protected":false},"featured_media":26321,"comment_status":"closed","ping_status":"open","template":"","meta":[],"product_brand":[],"product_cat":[],"product_tag":[15],"class_list":{"0":"post-5318125","1":"product","2":"type-product","3":"status-publish","4":"has-post-thumbnail","6":"product_tag-uncategorized","8":"first","9":"onbackorder","10":"purchasable","11":"product-type-simple"},"jetpack_sharing_enabled":true,"_links":{"self":[{"href":"https:\/\/gadgettravellers.eu\/it\/wp-json\/wp\/v2\/product\/5318125","targetHints":{"allow":["GET"]}}],"collection":[{"href":"https:\/\/gadgettravellers.eu\/it\/wp-json\/wp\/v2\/product"}],"about":[{"href":"https:\/\/gadgettravellers.eu\/it\/wp-json\/wp\/v2\/types\/product"}],"replies":[{"embeddable":true,"href":"https:\/\/gadgettravellers.eu\/it\/wp-json\/wp\/v2\/comments?post=5318125"}],"wp:featuredmedia":[{"embeddable":true,"href":"https:\/\/gadgettravellers.eu\/it\/wp-json\/wp\/v2\/media\/26321"}],"wp:attachment":[{"href":"https:\/\/gadgettravellers.eu\/it\/wp-json\/wp\/v2\/media?parent=5318125"}],"wp:term":[{"taxonomy":"product_brand","embeddable":true,"href":"https:\/\/gadgettravellers.eu\/it\/wp-json\/wp\/v2\/product_brand?post=5318125"},{"taxonomy":"product_cat","embeddable":true,"href":"https:\/\/gadgettravellers.eu\/it\/wp-json\/wp\/v2\/product_cat?post=5318125"},{"taxonomy":"product_tag","embeddable":true,"href":"https:\/\/gadgettravellers.eu\/it\/wp-json\/wp\/v2\/product_tag?post=5318125"}],"curies":[{"name":"wp","href":"https:\/\/api.w.org\/{rel}","templated":true}]}}