{"id":5318140,"date":"2026-01-19T15:00:16","date_gmt":"2026-01-19T13:00:16","guid":{"rendered":"https:\/\/gadgettravellers.eu\/shop\/uovo-da-ragazza-con-mattoncini-uovo12x9cm-homie-116929\/"},"modified":"2026-05-05T06:06:11","modified_gmt":"2026-05-05T04:06:11","slug":"uovo-da-ragazza-con-mattoncini-uovo12x9cm-homie-116929","status":"publish","type":"product","link":"https:\/\/gadgettravellers.eu\/it\/shop\/uovo-da-ragazza-con-mattoncini-uovo12x9cm-homie-116929\/","title":{"rendered":"Uovo da Ragazza con Mattoncini Uovo=12x9cm Homie 116929"},"content":{"rendered":"<p>Con mattoncini Uovo=12x9cm<\/p>\n<div class='aiseo-faq-section' style='margin-top:30px; border-top:1px solid #eee; padding-top:20px;'>\n<h3>Domande Frequenti<\/h3>\n<details style='margin-bottom:10px; padding:10px; background:#f9f9f9; border-radius:5px;'>\n<summary style='font-weight:bold; cursor:pointer;'>Cosa include il prodotto?<\/summary>\n<div style='margin-top:10px; color:#555;'>Portauova che contiene un set di mattoncini per costruzioni, come indicato nella descrizione.<\/div>\n<\/details>\n<details style='margin-bottom:10px; padding:10px; background:#f9f9f9; border-radius:5px;'>\n<summary style='font-weight:bold; cursor:pointer;'>Quali sono le dimensioni del prodotto?<\/summary>\n<div style='margin-top:10px; color:#555;'>Il porta uova ha una dimensione di 12&#215;9 cm.<\/div>\n<\/details>\n<details style='margin-bottom:10px; padding:10px; background:#f9f9f9; border-radius:5px;'>\n<summary style='font-weight:bold; cursor:pointer;'>Il set \u00e8 portatile?<\/summary>\n<div style='margin-top:10px; color:#555;'>S\u00ec, il prodotto \u00e8 portatile e adatto al trasporto.<\/div>\n<\/details>\n<details style='margin-bottom:10px; padding:10px; background:#f9f9f9; border-radius:5px;'>\n<summary style='font-weight:bold; cursor:pointer;'>\u00c8 adatto come regalo per bambini?<\/summary>\n<div style='margin-top:10px; color:#555;'>S\u00ec, il prodotto \u00e8 descritto come un regalo ideale per i bambini e per il gioco creativo.<\/div>\n<\/details>\n<\/div>\n","protected":false},"excerpt":{"rendered":"<p>Con mattoncini Uovo=12x9cm Domande Frequenti Cosa include il prodotto? Portauova che contiene un set di mattoncini per costruzioni, come indicato nella descrizione. Quali sono le dimensioni del prodotto? Il porta uova ha una dimensione di 12&#215;9 cm. Il set \u00e8 portatile? S\u00ec, il prodotto \u00e8 portatile e adatto al trasporto. \u00c8 adatto come regalo per [&hellip;]<\/p>\n","protected":false},"featured_media":26432,"comment_status":"closed","ping_status":"open","template":"","meta":[],"product_brand":[],"product_cat":[],"product_tag":[15],"class_list":{"0":"post-5318140","1":"product","2":"type-product","3":"status-publish","4":"has-post-thumbnail","6":"product_tag-uncategorized","8":"first","9":"onbackorder","10":"purchasable","11":"product-type-simple"},"jetpack_sharing_enabled":true,"_links":{"self":[{"href":"https:\/\/gadgettravellers.eu\/it\/wp-json\/wp\/v2\/product\/5318140","targetHints":{"allow":["GET"]}}],"collection":[{"href":"https:\/\/gadgettravellers.eu\/it\/wp-json\/wp\/v2\/product"}],"about":[{"href":"https:\/\/gadgettravellers.eu\/it\/wp-json\/wp\/v2\/types\/product"}],"replies":[{"embeddable":true,"href":"https:\/\/gadgettravellers.eu\/it\/wp-json\/wp\/v2\/comments?post=5318140"}],"wp:featuredmedia":[{"embeddable":true,"href":"https:\/\/gadgettravellers.eu\/it\/wp-json\/wp\/v2\/media\/26432"}],"wp:attachment":[{"href":"https:\/\/gadgettravellers.eu\/it\/wp-json\/wp\/v2\/media?parent=5318140"}],"wp:term":[{"taxonomy":"product_brand","embeddable":true,"href":"https:\/\/gadgettravellers.eu\/it\/wp-json\/wp\/v2\/product_brand?post=5318140"},{"taxonomy":"product_cat","embeddable":true,"href":"https:\/\/gadgettravellers.eu\/it\/wp-json\/wp\/v2\/product_cat?post=5318140"},{"taxonomy":"product_tag","embeddable":true,"href":"https:\/\/gadgettravellers.eu\/it\/wp-json\/wp\/v2\/product_tag?post=5318140"}],"curies":[{"name":"wp","href":"https:\/\/api.w.org\/{rel}","templated":true}]}}