{"id":5318150,"date":"2026-01-19T15:00:23","date_gmt":"2026-01-19T13:00:23","guid":{"rendered":"https:\/\/gadgettravellers.eu\/shop\/specchio-da-tavolo-con-base-18x14cm-homie-116944\/"},"modified":"2026-04-22T23:00:23","modified_gmt":"2026-04-22T21:00:23","slug":"specchio-da-tavolo-con-base-18x14cm-homie-116944","status":"publish","type":"product","link":"https:\/\/gadgettravellers.eu\/it\/shop\/specchio-da-tavolo-con-base-18x14cm-homie-116944\/","title":{"rendered":"Specchio da Tavolo con Base 18x14cm Homie 116944"},"content":{"rendered":"<p>Specchio 18x14cm<\/p>\n<div class='aiseo-faq-section' style='margin-top:30px; border-top:1px solid #eee; padding-top:20px;'>\n<h3>Domande Frequenti<\/h3>\n<details style='margin-bottom:10px; padding:10px; background:#f9f9f9; border-radius:5px;'>\n<summary style='font-weight:bold; cursor:pointer;'>Quali sono le dimensioni dello specchio?<\/summary>\n<div style='margin-top:10px; color:#555;'>Le dimensioni sono 18&#215;14 cm.<\/div>\n<\/details>\n<details style='margin-bottom:10px; padding:10px; background:#f9f9f9; border-radius:5px;'>\n<summary style='font-weight:bold; cursor:pointer;'>Ha una base?<\/summary>\n<div style='margin-top:10px; color:#555;'>S\u00ec, \u00e8 da tavolo con base.<\/div>\n<\/details>\n<details style='margin-bottom:10px; padding:10px; background:#f9f9f9; border-radius:5px;'>\n<summary style='font-weight:bold; cursor:pointer;'>\u00c8 adatto per il trucco?<\/summary>\n<div style='margin-top:10px; color:#555;'>S\u00ec, \u00e8 ideale per il trucco e l&#8217;uso quotidiano.<\/div>\n<\/details>\n<details style='margin-bottom:10px; padding:10px; background:#f9f9f9; border-radius:5px;'>\n<summary style='font-weight:bold; cursor:pointer;'>\u00c8 facile da trasportare?<\/summary>\n<div style='margin-top:10px; color:#555;'>S\u00ec, \u00e8 compatto e facile da trasportare.<\/div>\n<\/details>\n<\/div>\n","protected":false},"excerpt":{"rendered":"<p>Specchio 18x14cm Domande Frequenti Quali sono le dimensioni dello specchio? Le dimensioni sono 18&#215;14 cm. Ha una base? S\u00ec, \u00e8 da tavolo con base. \u00c8 adatto per il trucco? S\u00ec, \u00e8 ideale per il trucco e l&#8217;uso quotidiano. \u00c8 facile da trasportare? S\u00ec, \u00e8 compatto e facile da trasportare.<\/p>\n","protected":false},"featured_media":26519,"comment_status":"closed","ping_status":"open","template":"","meta":[],"product_brand":[],"product_cat":[],"product_tag":[15],"class_list":{"0":"post-5318150","1":"product","2":"type-product","3":"status-publish","4":"has-post-thumbnail","6":"product_tag-uncategorized","8":"first","9":"onbackorder","10":"purchasable","11":"product-type-simple"},"jetpack_sharing_enabled":true,"_links":{"self":[{"href":"https:\/\/gadgettravellers.eu\/it\/wp-json\/wp\/v2\/product\/5318150","targetHints":{"allow":["GET"]}}],"collection":[{"href":"https:\/\/gadgettravellers.eu\/it\/wp-json\/wp\/v2\/product"}],"about":[{"href":"https:\/\/gadgettravellers.eu\/it\/wp-json\/wp\/v2\/types\/product"}],"replies":[{"embeddable":true,"href":"https:\/\/gadgettravellers.eu\/it\/wp-json\/wp\/v2\/comments?post=5318150"}],"wp:featuredmedia":[{"embeddable":true,"href":"https:\/\/gadgettravellers.eu\/it\/wp-json\/wp\/v2\/media\/26519"}],"wp:attachment":[{"href":"https:\/\/gadgettravellers.eu\/it\/wp-json\/wp\/v2\/media?parent=5318150"}],"wp:term":[{"taxonomy":"product_brand","embeddable":true,"href":"https:\/\/gadgettravellers.eu\/it\/wp-json\/wp\/v2\/product_brand?post=5318150"},{"taxonomy":"product_cat","embeddable":true,"href":"https:\/\/gadgettravellers.eu\/it\/wp-json\/wp\/v2\/product_cat?post=5318150"},{"taxonomy":"product_tag","embeddable":true,"href":"https:\/\/gadgettravellers.eu\/it\/wp-json\/wp\/v2\/product_tag?post=5318150"}],"curies":[{"name":"wp","href":"https:\/\/api.w.org\/{rel}","templated":true}]}}