{"id":5318172,"date":"2026-01-19T15:00:39","date_gmt":"2026-01-19T13:00:39","guid":{"rendered":"https:\/\/gadgettravellers.eu\/shop\/corona-data-o15cm-xmasfest-113415\/"},"modified":"2026-04-22T23:00:33","modified_gmt":"2026-04-22T21:00:33","slug":"corona-data-o15cm-xmasfest-113415","status":"publish","type":"product","link":"https:\/\/gadgettravellers.eu\/it\/shop\/corona-data-o15cm-xmasfest-113415\/","title":{"rendered":"Corona Data \u00f815cm Xmasfest 113415"},"content":{"rendered":"<p>Piccola ghirlanda natalizia di diametro 15 cm, ideale per decorare porte, pareti, finestre o tavoli. Leggera e facile da posizionare, aggiunge immediatamente un&#8217;atmosfera festiva all&#8217;ambiente ed \u00e8 adatta a case, negozi e uffici. Pu\u00f2 essere ulteriormente decorata con nastri e luci per un effetto pi\u00f9 impressionante.<\/p>\n","protected":false},"excerpt":{"rendered":"<p>Corona di Natale \u00f815cm \u2014 piccola, leggera e facile da posizionare. Ideale per porta, tavolo o parete.<\/p>\n","protected":false},"featured_media":5184891,"comment_status":"closed","ping_status":"open","template":"","meta":[],"product_brand":[],"product_cat":[],"product_tag":[15],"class_list":{"0":"post-5318172","1":"product","2":"type-product","3":"status-publish","4":"has-post-thumbnail","6":"product_tag-uncategorized","8":"first","9":"onbackorder","10":"purchasable","11":"product-type-simple"},"jetpack_sharing_enabled":true,"_links":{"self":[{"href":"https:\/\/gadgettravellers.eu\/it\/wp-json\/wp\/v2\/product\/5318172","targetHints":{"allow":["GET"]}}],"collection":[{"href":"https:\/\/gadgettravellers.eu\/it\/wp-json\/wp\/v2\/product"}],"about":[{"href":"https:\/\/gadgettravellers.eu\/it\/wp-json\/wp\/v2\/types\/product"}],"replies":[{"embeddable":true,"href":"https:\/\/gadgettravellers.eu\/it\/wp-json\/wp\/v2\/comments?post=5318172"}],"wp:featuredmedia":[{"embeddable":true,"href":"https:\/\/gadgettravellers.eu\/it\/wp-json\/wp\/v2\/media\/5184891"}],"wp:attachment":[{"href":"https:\/\/gadgettravellers.eu\/it\/wp-json\/wp\/v2\/media?parent=5318172"}],"wp:term":[{"taxonomy":"product_brand","embeddable":true,"href":"https:\/\/gadgettravellers.eu\/it\/wp-json\/wp\/v2\/product_brand?post=5318172"},{"taxonomy":"product_cat","embeddable":true,"href":"https:\/\/gadgettravellers.eu\/it\/wp-json\/wp\/v2\/product_cat?post=5318172"},{"taxonomy":"product_tag","embeddable":true,"href":"https:\/\/gadgettravellers.eu\/it\/wp-json\/wp\/v2\/product_tag?post=5318172"}],"curies":[{"name":"wp","href":"https:\/\/api.w.org\/{rel}","templated":true}]}}