{"id":5318197,"date":"2026-01-19T15:00:55","date_gmt":"2026-01-19T13:00:55","guid":{"rendered":"https:\/\/gadgettravellers.eu\/shop\/mattoncini-vigili-del-fuoco-14-pz-19x22cm-toymarkt-95457\/"},"modified":"2026-04-22T23:00:43","modified_gmt":"2026-04-22T21:00:43","slug":"mattoncini-vigili-del-fuoco-14-pz-19x22cm-toymarkt-95457","status":"publish","type":"product","link":"https:\/\/gadgettravellers.eu\/it\/shop\/mattoncini-vigili-del-fuoco-14-pz-19x22cm-toymarkt-95457\/","title":{"rendered":"Mattoncini Vigili del Fuoco 14 pz 19x22cm ToyMarkt 95457"},"content":{"rendered":"<p>Set da 14 mattoncini a tema Vigili del Fuoco, dimensioni circa 19&#215;22 cm. Include una variet\u00e0 di pezzi per assemblare veicoli e scene, ideale per il gioco creativo. I pezzi in plastica resistenti facilitano la presa e l&#8217;uso sicuro, mentre il set promuove l&#8217;immaginazione, la motricit\u00e0 fine e le capacit\u00e0 di risoluzione dei problemi. Ideale come regalo per bambini e per attivit\u00e0 di gruppo o individuali.<\/p>\n","protected":false},"excerpt":{"rendered":"<p>Set da 14 mattoncini dei Vigili del Fuoco 19x22cm \u2014 gioco creativo ed educativo che stimola l&#8217;immaginazione e la motricit\u00e0 fine. Ideale come regalo.<\/p>\n","protected":false},"featured_media":5181053,"comment_status":"closed","ping_status":"open","template":"","meta":[],"product_brand":[],"product_cat":[],"product_tag":[15],"class_list":{"0":"post-5318197","1":"product","2":"type-product","3":"status-publish","4":"has-post-thumbnail","6":"product_tag-uncategorized","8":"first","9":"onbackorder","10":"purchasable","11":"product-type-simple"},"jetpack_sharing_enabled":true,"_links":{"self":[{"href":"https:\/\/gadgettravellers.eu\/it\/wp-json\/wp\/v2\/product\/5318197","targetHints":{"allow":["GET"]}}],"collection":[{"href":"https:\/\/gadgettravellers.eu\/it\/wp-json\/wp\/v2\/product"}],"about":[{"href":"https:\/\/gadgettravellers.eu\/it\/wp-json\/wp\/v2\/types\/product"}],"replies":[{"embeddable":true,"href":"https:\/\/gadgettravellers.eu\/it\/wp-json\/wp\/v2\/comments?post=5318197"}],"wp:featuredmedia":[{"embeddable":true,"href":"https:\/\/gadgettravellers.eu\/it\/wp-json\/wp\/v2\/media\/5181053"}],"wp:attachment":[{"href":"https:\/\/gadgettravellers.eu\/it\/wp-json\/wp\/v2\/media?parent=5318197"}],"wp:term":[{"taxonomy":"product_brand","embeddable":true,"href":"https:\/\/gadgettravellers.eu\/it\/wp-json\/wp\/v2\/product_brand?post=5318197"},{"taxonomy":"product_cat","embeddable":true,"href":"https:\/\/gadgettravellers.eu\/it\/wp-json\/wp\/v2\/product_cat?post=5318197"},{"taxonomy":"product_tag","embeddable":true,"href":"https:\/\/gadgettravellers.eu\/it\/wp-json\/wp\/v2\/product_tag?post=5318197"}],"curies":[{"name":"wp","href":"https:\/\/api.w.org\/{rel}","templated":true}]}}