{"id":5318205,"date":"2026-01-19T15:01:03","date_gmt":"2026-01-19T13:01:03","guid":{"rendered":"https:\/\/gadgettravellers.eu\/shop\/set-da-cucina-nuovo-in-scatola-31x43x4cm-toymarkt-971344\/"},"modified":"2026-04-14T03:01:03","modified_gmt":"2026-04-14T01:01:03","slug":"set-da-cucina-nuovo-in-scatola-31x43x4cm-toymarkt-971344","status":"publish","type":"product","link":"https:\/\/gadgettravellers.eu\/it\/shop\/set-da-cucina-nuovo-in-scatola-31x43x4cm-toymarkt-971344\/","title":{"rendered":"Set da cucina nuovo in Scatola 31x43x4cm ToyMarkt 971344"},"content":{"rendered":"<p>Set di utensili da cucina giocattolo su carta con dimensioni 31x43x4 cm, adatto per giochi di ruolo e fantasia. Leggero e compatto, facile da conservare e ideale come regalo per l&#8217;et\u00e0 prescolare. Realizzato con materiali sicuri e resistenti, stimola la creativit\u00e0 e le abilit\u00e0 sociali attraverso il gioco di gruppo.<\/p>\n","protected":false},"excerpt":{"rendered":"<p>Set di utensili da cucina giocattolo 31x43x4cm su cartoncino, adatto per bambini dai 3 anni in su. Ideale per il gioco di ruolo e come regalo.<\/p>\n","protected":false},"featured_media":5181157,"comment_status":"closed","ping_status":"open","template":"","meta":[],"product_brand":[],"product_cat":[],"product_tag":[15],"class_list":{"0":"post-5318205","1":"product","2":"type-product","3":"status-publish","4":"has-post-thumbnail","6":"product_tag-uncategorized","8":"first","9":"onbackorder","10":"purchasable","11":"product-type-simple"},"jetpack_sharing_enabled":true,"_links":{"self":[{"href":"https:\/\/gadgettravellers.eu\/it\/wp-json\/wp\/v2\/product\/5318205","targetHints":{"allow":["GET"]}}],"collection":[{"href":"https:\/\/gadgettravellers.eu\/it\/wp-json\/wp\/v2\/product"}],"about":[{"href":"https:\/\/gadgettravellers.eu\/it\/wp-json\/wp\/v2\/types\/product"}],"replies":[{"embeddable":true,"href":"https:\/\/gadgettravellers.eu\/it\/wp-json\/wp\/v2\/comments?post=5318205"}],"wp:featuredmedia":[{"embeddable":true,"href":"https:\/\/gadgettravellers.eu\/it\/wp-json\/wp\/v2\/media\/5181157"}],"wp:attachment":[{"href":"https:\/\/gadgettravellers.eu\/it\/wp-json\/wp\/v2\/media?parent=5318205"}],"wp:term":[{"taxonomy":"product_brand","embeddable":true,"href":"https:\/\/gadgettravellers.eu\/it\/wp-json\/wp\/v2\/product_brand?post=5318205"},{"taxonomy":"product_cat","embeddable":true,"href":"https:\/\/gadgettravellers.eu\/it\/wp-json\/wp\/v2\/product_cat?post=5318205"},{"taxonomy":"product_tag","embeddable":true,"href":"https:\/\/gadgettravellers.eu\/it\/wp-json\/wp\/v2\/product_tag?post=5318205"}],"curies":[{"name":"wp","href":"https:\/\/api.w.org\/{rel}","templated":true}]}}