{"id":5318220,"date":"2026-01-19T15:01:12","date_gmt":"2026-01-19T13:01:12","guid":{"rendered":"https:\/\/gadgettravellers.eu\/shop\/veicoli-strutturali-friction-3-pz-57x11x10cm-toymarkt-902377\/"},"modified":"2026-04-22T23:00:53","modified_gmt":"2026-04-22T21:00:53","slug":"veicoli-strutturali-friction-3-pz-57x11x10cm-toymarkt-902377","status":"publish","type":"product","link":"https:\/\/gadgettravellers.eu\/it\/shop\/veicoli-strutturali-friction-3-pz-57x11x10cm-toymarkt-902377\/","title":{"rendered":"Veicoli Strutturali Friction 3 pz 57x11x10cm ToyMarkt 902377"},"content":{"rendered":"<p>Set di 3 veicoli da costruzione friction, dimensioni circa 57\u00d711\u00d710 cm ciascuno. Il meccanismo friction permette il movimento con una semplice spinta \u2014 non sono necessarie batterie o ricariche, rendendoli sicuri ed economici da usare. Ideali per il gioco interno ed esterno, offrono resistenza e facilit\u00e0 di manovra, migliorando le abilit\u00e0 motorie e l&#8217;immaginazione dei bambini. Ottima scelta come regalo per compleanni o festivit\u00e0.<\/p>\n","protected":false},"excerpt":{"rendered":"<p>Set di 3 veicoli a frizione 57\u00d711\u00d710 cm \u2014 senza batterie, resistenti e pronti per giocare. Ideali come regalo per bambini.<\/p>\n","protected":false},"featured_media":5180785,"comment_status":"closed","ping_status":"open","template":"","meta":[],"product_brand":[],"product_cat":[],"product_tag":[15],"class_list":{"0":"post-5318220","1":"product","2":"type-product","3":"status-publish","4":"has-post-thumbnail","6":"product_tag-uncategorized","8":"first","9":"onbackorder","10":"purchasable","11":"product-type-simple"},"jetpack_sharing_enabled":true,"_links":{"self":[{"href":"https:\/\/gadgettravellers.eu\/it\/wp-json\/wp\/v2\/product\/5318220","targetHints":{"allow":["GET"]}}],"collection":[{"href":"https:\/\/gadgettravellers.eu\/it\/wp-json\/wp\/v2\/product"}],"about":[{"href":"https:\/\/gadgettravellers.eu\/it\/wp-json\/wp\/v2\/types\/product"}],"replies":[{"embeddable":true,"href":"https:\/\/gadgettravellers.eu\/it\/wp-json\/wp\/v2\/comments?post=5318220"}],"wp:featuredmedia":[{"embeddable":true,"href":"https:\/\/gadgettravellers.eu\/it\/wp-json\/wp\/v2\/media\/5180785"}],"wp:attachment":[{"href":"https:\/\/gadgettravellers.eu\/it\/wp-json\/wp\/v2\/media?parent=5318220"}],"wp:term":[{"taxonomy":"product_brand","embeddable":true,"href":"https:\/\/gadgettravellers.eu\/it\/wp-json\/wp\/v2\/product_brand?post=5318220"},{"taxonomy":"product_cat","embeddable":true,"href":"https:\/\/gadgettravellers.eu\/it\/wp-json\/wp\/v2\/product_cat?post=5318220"},{"taxonomy":"product_tag","embeddable":true,"href":"https:\/\/gadgettravellers.eu\/it\/wp-json\/wp\/v2\/product_tag?post=5318220"}],"curies":[{"name":"wp","href":"https:\/\/api.w.org\/{rel}","templated":true}]}}