{"id":5318253,"date":"2026-01-19T15:01:34","date_gmt":"2026-01-19T13:01:34","guid":{"rendered":"https:\/\/gadgettravellers.eu\/shop\/piatti-di-carta-o18-o21cm-conf20pz-homie-1002073\/"},"modified":"2026-04-22T23:01:08","modified_gmt":"2026-04-22T21:01:08","slug":"piatti-di-carta-o18-o21cm-conf20pz-homie-1002073","status":"publish","type":"product","link":"https:\/\/gadgettravellers.eu\/it\/shop\/piatti-di-carta-o18-o21cm-conf20pz-homie-1002073\/","title":{"rendered":"Piatti di carta \u00f818-\u00f821cm conf=20pz Homie 1002073"},"content":{"rendered":"<p>Pac=20 pz cartone \u00f818-\u00f821cm<\/p>\n","protected":false},"excerpt":{"rendered":"<p>Piatti di carta \u00f818\u2013\u00f821cm, confezione da 20 pezzi. Ideali per feste ed eventi, leggeri e sicuri per gli alimenti.<\/p>\n","protected":false},"featured_media":23436,"comment_status":"closed","ping_status":"open","template":"","meta":[],"product_brand":[],"product_cat":[],"product_tag":[15],"class_list":{"0":"post-5318253","1":"product","2":"type-product","3":"status-publish","4":"has-post-thumbnail","6":"product_tag-uncategorized","8":"first","9":"onbackorder","10":"purchasable","11":"product-type-simple"},"jetpack_sharing_enabled":true,"_links":{"self":[{"href":"https:\/\/gadgettravellers.eu\/it\/wp-json\/wp\/v2\/product\/5318253","targetHints":{"allow":["GET"]}}],"collection":[{"href":"https:\/\/gadgettravellers.eu\/it\/wp-json\/wp\/v2\/product"}],"about":[{"href":"https:\/\/gadgettravellers.eu\/it\/wp-json\/wp\/v2\/types\/product"}],"replies":[{"embeddable":true,"href":"https:\/\/gadgettravellers.eu\/it\/wp-json\/wp\/v2\/comments?post=5318253"}],"wp:featuredmedia":[{"embeddable":true,"href":"https:\/\/gadgettravellers.eu\/it\/wp-json\/wp\/v2\/media\/23436"}],"wp:attachment":[{"href":"https:\/\/gadgettravellers.eu\/it\/wp-json\/wp\/v2\/media?parent=5318253"}],"wp:term":[{"taxonomy":"product_brand","embeddable":true,"href":"https:\/\/gadgettravellers.eu\/it\/wp-json\/wp\/v2\/product_brand?post=5318253"},{"taxonomy":"product_cat","embeddable":true,"href":"https:\/\/gadgettravellers.eu\/it\/wp-json\/wp\/v2\/product_cat?post=5318253"},{"taxonomy":"product_tag","embeddable":true,"href":"https:\/\/gadgettravellers.eu\/it\/wp-json\/wp\/v2\/product_tag?post=5318253"}],"curies":[{"name":"wp","href":"https:\/\/api.w.org\/{rel}","templated":true}]}}