{"id":5318254,"date":"2026-01-19T15:01:34","date_gmt":"2026-01-19T13:01:34","guid":{"rendered":"https:\/\/gadgettravellers.eu\/shop\/candela-profumata-tronco-%cf%867x15cm-o7x15cm-homie-5790\/"},"modified":"2026-04-22T23:01:08","modified_gmt":"2026-04-22T21:01:08","slug":"candela-profumata-tronco-%cf%867x15cm-o7x15cm-homie-5790","status":"publish","type":"product","link":"https:\/\/gadgettravellers.eu\/it\/shop\/candela-profumata-tronco-%cf%867x15cm-o7x15cm-homie-5790\/","title":{"rendered":"Candela Profumata Tronco \u03c67x15cm \u00f87x15cm Homie 5790"},"content":{"rendered":"<p>Ecr\u00f9=vaniglia, rosso=fragola, viola=lavanda, arancione=arancia-cannella \u00f87x15cm<\/p>\n","protected":false},"excerpt":{"rendered":"<p>Candela profumata a forma di tronco con diametro 7cm e altezza 15cm nei profumi vaniglia, fragola, lavanda e arancia-cannella. Ideale per la decorazione della casa e come regalo.<\/p>\n","protected":false},"featured_media":10253,"comment_status":"closed","ping_status":"open","template":"","meta":[],"product_brand":[],"product_cat":[],"product_tag":[15],"class_list":{"0":"post-5318254","1":"product","2":"type-product","3":"status-publish","4":"has-post-thumbnail","6":"product_tag-uncategorized","8":"first","9":"onbackorder","10":"purchasable","11":"product-type-simple"},"jetpack_sharing_enabled":true,"_links":{"self":[{"href":"https:\/\/gadgettravellers.eu\/it\/wp-json\/wp\/v2\/product\/5318254","targetHints":{"allow":["GET"]}}],"collection":[{"href":"https:\/\/gadgettravellers.eu\/it\/wp-json\/wp\/v2\/product"}],"about":[{"href":"https:\/\/gadgettravellers.eu\/it\/wp-json\/wp\/v2\/types\/product"}],"replies":[{"embeddable":true,"href":"https:\/\/gadgettravellers.eu\/it\/wp-json\/wp\/v2\/comments?post=5318254"}],"wp:featuredmedia":[{"embeddable":true,"href":"https:\/\/gadgettravellers.eu\/it\/wp-json\/wp\/v2\/media\/10253"}],"wp:attachment":[{"href":"https:\/\/gadgettravellers.eu\/it\/wp-json\/wp\/v2\/media?parent=5318254"}],"wp:term":[{"taxonomy":"product_brand","embeddable":true,"href":"https:\/\/gadgettravellers.eu\/it\/wp-json\/wp\/v2\/product_brand?post=5318254"},{"taxonomy":"product_cat","embeddable":true,"href":"https:\/\/gadgettravellers.eu\/it\/wp-json\/wp\/v2\/product_cat?post=5318254"},{"taxonomy":"product_tag","embeddable":true,"href":"https:\/\/gadgettravellers.eu\/it\/wp-json\/wp\/v2\/product_tag?post=5318254"}],"curies":[{"name":"wp","href":"https:\/\/api.w.org\/{rel}","templated":true}]}}