{"id":5318255,"date":"2026-01-19T15:01:35","date_gmt":"2026-01-19T13:01:35","guid":{"rendered":"https:\/\/gadgettravellers.eu\/shop\/candela-profumata-tronco-%cf%867x10cm-o7x10cm-homie-5789\/"},"modified":"2026-04-15T22:43:30","modified_gmt":"2026-04-15T20:43:30","slug":"candela-profumata-tronco-%cf%867x10cm-o7x10cm-homie-5789","status":"publish","type":"product","link":"https:\/\/gadgettravellers.eu\/it\/shop\/candela-profumata-tronco-%cf%867x10cm-o7x10cm-homie-5789\/","title":{"rendered":"Candela Profumata Tronco \u03c67x10cm \u00f87x10cm Homie 5789"},"content":{"rendered":"<p>Ecr\u00f9=vaniglia, rosso=fragola, blu=oceano, grigio=gelsomino, marrone=fico, viola=lavanda, arancione=arancia-cannella \u00f87x10cm<\/p>\n","protected":false},"excerpt":{"rendered":"<p>Candela profumata tronco \u00f87x10cm in scelta di profumi (vaniglia, fragola, lavanda, gelsomino, fico, arancia-cannella, oceano). Ideale per decorazione e profumazione degli ambienti.<\/p>\n","protected":false},"featured_media":10249,"comment_status":"closed","ping_status":"open","template":"","meta":[],"product_brand":[],"product_cat":[],"product_tag":[15],"class_list":{"0":"post-5318255","1":"product","2":"type-product","3":"status-publish","4":"has-post-thumbnail","6":"product_tag-uncategorized","8":"first","9":"onbackorder","10":"purchasable","11":"product-type-simple"},"jetpack_sharing_enabled":true,"_links":{"self":[{"href":"https:\/\/gadgettravellers.eu\/it\/wp-json\/wp\/v2\/product\/5318255","targetHints":{"allow":["GET"]}}],"collection":[{"href":"https:\/\/gadgettravellers.eu\/it\/wp-json\/wp\/v2\/product"}],"about":[{"href":"https:\/\/gadgettravellers.eu\/it\/wp-json\/wp\/v2\/types\/product"}],"replies":[{"embeddable":true,"href":"https:\/\/gadgettravellers.eu\/it\/wp-json\/wp\/v2\/comments?post=5318255"}],"wp:featuredmedia":[{"embeddable":true,"href":"https:\/\/gadgettravellers.eu\/it\/wp-json\/wp\/v2\/media\/10249"}],"wp:attachment":[{"href":"https:\/\/gadgettravellers.eu\/it\/wp-json\/wp\/v2\/media?parent=5318255"}],"wp:term":[{"taxonomy":"product_brand","embeddable":true,"href":"https:\/\/gadgettravellers.eu\/it\/wp-json\/wp\/v2\/product_brand?post=5318255"},{"taxonomy":"product_cat","embeddable":true,"href":"https:\/\/gadgettravellers.eu\/it\/wp-json\/wp\/v2\/product_cat?post=5318255"},{"taxonomy":"product_tag","embeddable":true,"href":"https:\/\/gadgettravellers.eu\/it\/wp-json\/wp\/v2\/product_tag?post=5318255"}],"curies":[{"name":"wp","href":"https:\/\/api.w.org\/{rel}","templated":true}]}}