{"id":5318257,"date":"2026-01-19T15:01:36","date_gmt":"2026-01-19T13:01:36","guid":{"rendered":"https:\/\/gadgettravellers.eu\/shop\/secchio-con-48-grandi-mattoncini-per-ragazzo-o25x26cm-lazaridis-0032\/"},"modified":"2026-04-22T23:01:09","modified_gmt":"2026-04-22T21:01:09","slug":"secchio-con-48-grandi-mattoncini-per-ragazzo-o25x26cm-lazaridis-0032","status":"publish","type":"product","link":"https:\/\/gadgettravellers.eu\/it\/shop\/secchio-con-48-grandi-mattoncini-per-ragazzo-o25x26cm-lazaridis-0032\/","title":{"rendered":"Secchio con 48 Grandi Mattoncini per Ragazzo \u00f825x26cm Lazaridis 0032"},"content":{"rendered":"<p>Secchio con 48 grandi mattoncini, ideale per i ragazzi che amano i giochi creativi. Dimensioni del contenitore \u00f825x26cm, pezzi in plastica resistenti per una facile manipolazione da parte di piccole mani. Rafforza l&#8217;immaginazione e le abilit\u00e0 di motricit\u00e0 fine, si conserva facilmente nel secchio-contenitore ed \u00e8 offerto come regalo pratico. Materiale innocuo, facile da pulire, adatto per giocare in casa o in giardino.<\/p>\n","protected":false},"excerpt":{"rendered":"<p>Set di 48 grandi mattoncini di plastica in secchio \u00f825x26cm \u2014 ideale per il gioco creativo e la conservazione. Rafforza l&#8217;immaginazione e le abilit\u00e0 motorie fini.<\/p>\n","protected":false},"featured_media":22055,"comment_status":"closed","ping_status":"open","template":"","meta":[],"product_brand":[],"product_cat":[],"product_tag":[15],"class_list":{"0":"post-5318257","1":"product","2":"type-product","3":"status-publish","4":"has-post-thumbnail","6":"product_tag-uncategorized","8":"first","9":"onbackorder","10":"purchasable","11":"product-type-simple"},"jetpack_sharing_enabled":true,"_links":{"self":[{"href":"https:\/\/gadgettravellers.eu\/it\/wp-json\/wp\/v2\/product\/5318257","targetHints":{"allow":["GET"]}}],"collection":[{"href":"https:\/\/gadgettravellers.eu\/it\/wp-json\/wp\/v2\/product"}],"about":[{"href":"https:\/\/gadgettravellers.eu\/it\/wp-json\/wp\/v2\/types\/product"}],"replies":[{"embeddable":true,"href":"https:\/\/gadgettravellers.eu\/it\/wp-json\/wp\/v2\/comments?post=5318257"}],"wp:featuredmedia":[{"embeddable":true,"href":"https:\/\/gadgettravellers.eu\/it\/wp-json\/wp\/v2\/media\/22055"}],"wp:attachment":[{"href":"https:\/\/gadgettravellers.eu\/it\/wp-json\/wp\/v2\/media?parent=5318257"}],"wp:term":[{"taxonomy":"product_brand","embeddable":true,"href":"https:\/\/gadgettravellers.eu\/it\/wp-json\/wp\/v2\/product_brand?post=5318257"},{"taxonomy":"product_cat","embeddable":true,"href":"https:\/\/gadgettravellers.eu\/it\/wp-json\/wp\/v2\/product_cat?post=5318257"},{"taxonomy":"product_tag","embeddable":true,"href":"https:\/\/gadgettravellers.eu\/it\/wp-json\/wp\/v2\/product_tag?post=5318257"}],"curies":[{"name":"wp","href":"https:\/\/api.w.org\/{rel}","templated":true}]}}