{"id":5318699,"date":"2026-01-19T15:08:37","date_gmt":"2026-01-19T13:08:37","guid":{"rendered":"https:\/\/gadgettravellers.eu\/shop\/parrucca-riga-gothic-uomo-carnavalista-232467\/"},"modified":"2026-05-05T06:09:50","modified_gmt":"2026-05-05T04:09:50","slug":"parrucca-riga-gothic-uomo-carnavalista-232467","status":"publish","type":"product","link":"https:\/\/gadgettravellers.eu\/it\/shop\/parrucca-riga-gothic-uomo-carnavalista-232467\/","title":{"rendered":"Parrucca Riga Gothic Uomo Carnavalista 232467"},"content":{"rendered":"<p>Parrucca da uomo con riga in stile gotico, adatta per apparizioni, cosplay e usi teatrali. Realizzata con fibre sintetiche di alta qualit\u00e0 che offrono un aspetto naturale e facilit\u00e0 di cura. Dispone di una calotta interna regolabile per una vestibilit\u00e0 comoda e sicura e un&#8217;applicazione rapida, ed \u00e8 leggera per il comfort tutto il giorno.<\/p>\n","protected":false},"excerpt":{"rendered":"<p>Parrucca sintetica da uomo Gothic con riga e cappello interno regolabile. Aspetto naturale, facile da indossare \u2014 ideale per cosplay e teatro.<\/p>\n","protected":false},"featured_media":5274406,"comment_status":"closed","ping_status":"open","template":"","meta":[],"product_brand":[],"product_cat":[],"product_tag":[15],"class_list":{"0":"post-5318699","1":"product","2":"type-product","3":"status-publish","4":"has-post-thumbnail","6":"product_tag-uncategorized","8":"first","9":"onbackorder","10":"purchasable","11":"product-type-simple"},"jetpack_sharing_enabled":true,"_links":{"self":[{"href":"https:\/\/gadgettravellers.eu\/it\/wp-json\/wp\/v2\/product\/5318699","targetHints":{"allow":["GET"]}}],"collection":[{"href":"https:\/\/gadgettravellers.eu\/it\/wp-json\/wp\/v2\/product"}],"about":[{"href":"https:\/\/gadgettravellers.eu\/it\/wp-json\/wp\/v2\/types\/product"}],"replies":[{"embeddable":true,"href":"https:\/\/gadgettravellers.eu\/it\/wp-json\/wp\/v2\/comments?post=5318699"}],"wp:featuredmedia":[{"embeddable":true,"href":"https:\/\/gadgettravellers.eu\/it\/wp-json\/wp\/v2\/media\/5274406"}],"wp:attachment":[{"href":"https:\/\/gadgettravellers.eu\/it\/wp-json\/wp\/v2\/media?parent=5318699"}],"wp:term":[{"taxonomy":"product_brand","embeddable":true,"href":"https:\/\/gadgettravellers.eu\/it\/wp-json\/wp\/v2\/product_brand?post=5318699"},{"taxonomy":"product_cat","embeddable":true,"href":"https:\/\/gadgettravellers.eu\/it\/wp-json\/wp\/v2\/product_cat?post=5318699"},{"taxonomy":"product_tag","embeddable":true,"href":"https:\/\/gadgettravellers.eu\/it\/wp-json\/wp\/v2\/product_tag?post=5318699"}],"curies":[{"name":"wp","href":"https:\/\/api.w.org\/{rel}","templated":true}]}}