{"id":5318879,"date":"2026-01-19T15:11:21","date_gmt":"2026-01-19T13:11:21","guid":{"rendered":"https:\/\/gadgettravellers.eu\/shop\/cappello-da-sceriffo-in-plastica-pelliccia-sintetica-carnavalista-23327\/"},"modified":"2026-05-05T06:11:00","modified_gmt":"2026-05-05T04:11:00","slug":"cappello-da-sceriffo-in-plastica-pelliccia-sintetica-carnavalista-23327","status":"publish","type":"product","link":"https:\/\/gadgettravellers.eu\/it\/shop\/cappello-da-sceriffo-in-plastica-pelliccia-sintetica-carnavalista-23327\/","title":{"rendered":"Cappello da sceriffo in plastica-pelliccia sintetica Carnavalista 23327"},"content":{"rendered":"<p>Cappello da sceriffo per carnevale con struttura in plastica e decorazione in camoscio. Leggero e resistente, ideale per carnevali, feste a tema e spettacoli teatrali. Taglia unica per una facile vestibilit\u00e0, con comfort durante tutto l&#8217;uso e facilit\u00e0 di trasporto. Facile da pulire e riutilizzabile, offre aspetto e praticit\u00e0 per eventi e servizi fotografici.<\/p>\n","protected":false},"excerpt":{"rendered":"<p>Cappello da sceriffo in plastica con camoscio, ideale per carnevale e feste a tema. Leggero, resistente e taglia unica per una facile vestibilit\u00e0.<\/p>\n","protected":false},"featured_media":5274765,"comment_status":"closed","ping_status":"open","template":"","meta":[],"product_brand":[],"product_cat":[],"product_tag":[15],"class_list":{"0":"post-5318879","1":"product","2":"type-product","3":"status-publish","4":"has-post-thumbnail","6":"product_tag-uncategorized","8":"first","9":"onbackorder","10":"purchasable","11":"product-type-simple"},"jetpack_sharing_enabled":true,"_links":{"self":[{"href":"https:\/\/gadgettravellers.eu\/it\/wp-json\/wp\/v2\/product\/5318879","targetHints":{"allow":["GET"]}}],"collection":[{"href":"https:\/\/gadgettravellers.eu\/it\/wp-json\/wp\/v2\/product"}],"about":[{"href":"https:\/\/gadgettravellers.eu\/it\/wp-json\/wp\/v2\/types\/product"}],"replies":[{"embeddable":true,"href":"https:\/\/gadgettravellers.eu\/it\/wp-json\/wp\/v2\/comments?post=5318879"}],"wp:featuredmedia":[{"embeddable":true,"href":"https:\/\/gadgettravellers.eu\/it\/wp-json\/wp\/v2\/media\/5274765"}],"wp:attachment":[{"href":"https:\/\/gadgettravellers.eu\/it\/wp-json\/wp\/v2\/media?parent=5318879"}],"wp:term":[{"taxonomy":"product_brand","embeddable":true,"href":"https:\/\/gadgettravellers.eu\/it\/wp-json\/wp\/v2\/product_brand?post=5318879"},{"taxonomy":"product_cat","embeddable":true,"href":"https:\/\/gadgettravellers.eu\/it\/wp-json\/wp\/v2\/product_cat?post=5318879"},{"taxonomy":"product_tag","embeddable":true,"href":"https:\/\/gadgettravellers.eu\/it\/wp-json\/wp\/v2\/product_tag?post=5318879"}],"curies":[{"name":"wp","href":"https:\/\/api.w.org\/{rel}","templated":true}]}}