{"id":5319077,"date":"2026-02-02T05:11:40","date_gmt":"2026-02-02T03:11:40","guid":{"rendered":"https:\/\/gadgettravellers.eu\/shop\/addizione-sottrazione-12x17cm-ak\/"},"modified":"2026-04-15T22:48:34","modified_gmt":"2026-04-15T20:48:34","slug":"addizione-sottrazione-12x17cm-ak","status":"publish","type":"product","link":"https:\/\/gadgettravellers.eu\/it\/shop\/addizione-sottrazione-12x17cm-ak\/","title":{"rendered":"Addizione &amp; Sottrazione 12x17cm AK"},"content":{"rendered":"<p>Scheda di esercizi matematici di dimensioni 12x17cm per la pratica dell&#8217;addizione e della sottrazione. Progettata per l&#8217;uso scolastico, i doposcuola e la pratica domestica, offre una facile gestione nelle attivit\u00e0 di gruppo e negli esercizi individuali. Pu\u00f2 essere utilizzata come flashcard o foglio di lavoro ed \u00e8 adatta alla plastificazione per resistere all&#8217;uso continuo. Rafforza la velocit\u00e0 di calcolo, la fiducia in se stessi e la comprensione dei concetti numerici di base.<\/p>\n","protected":false},"excerpt":{"rendered":"<p>Carta 12x17cm per esercizi di addizione e sottrazione, ideale per uso scolastico e domestico. Facile da usare come flashcard o foglio di lavoro.<\/p>\n","protected":false},"featured_media":5275139,"comment_status":"closed","ping_status":"open","template":"","meta":[],"product_brand":[],"product_cat":[],"product_tag":[15],"class_list":{"0":"post-5319077","1":"product","2":"type-product","3":"status-publish","4":"has-post-thumbnail","6":"product_tag-uncategorized","8":"first","9":"onbackorder","10":"purchasable","11":"product-type-simple"},"jetpack_sharing_enabled":true,"_links":{"self":[{"href":"https:\/\/gadgettravellers.eu\/it\/wp-json\/wp\/v2\/product\/5319077","targetHints":{"allow":["GET"]}}],"collection":[{"href":"https:\/\/gadgettravellers.eu\/it\/wp-json\/wp\/v2\/product"}],"about":[{"href":"https:\/\/gadgettravellers.eu\/it\/wp-json\/wp\/v2\/types\/product"}],"replies":[{"embeddable":true,"href":"https:\/\/gadgettravellers.eu\/it\/wp-json\/wp\/v2\/comments?post=5319077"}],"wp:featuredmedia":[{"embeddable":true,"href":"https:\/\/gadgettravellers.eu\/it\/wp-json\/wp\/v2\/media\/5275139"}],"wp:attachment":[{"href":"https:\/\/gadgettravellers.eu\/it\/wp-json\/wp\/v2\/media?parent=5319077"}],"wp:term":[{"taxonomy":"product_brand","embeddable":true,"href":"https:\/\/gadgettravellers.eu\/it\/wp-json\/wp\/v2\/product_brand?post=5319077"},{"taxonomy":"product_cat","embeddable":true,"href":"https:\/\/gadgettravellers.eu\/it\/wp-json\/wp\/v2\/product_cat?post=5319077"},{"taxonomy":"product_tag","embeddable":true,"href":"https:\/\/gadgettravellers.eu\/it\/wp-json\/wp\/v2\/product_tag?post=5319077"}],"curies":[{"name":"wp","href":"https:\/\/api.w.org\/{rel}","templated":true}]}}