{"id":5319081,"date":"2026-02-02T05:11:41","date_gmt":"2026-02-02T03:11:41","guid":{"rendered":"https:\/\/gadgettravellers.eu\/shop\/puzzle-42pz-stitch-42x42cm-stitch-000508709\/"},"modified":"2026-04-15T22:48:36","modified_gmt":"2026-04-15T20:48:36","slug":"puzzle-42pz-stitch-42x42cm-stitch-000508709","status":"publish","type":"product","link":"https:\/\/gadgettravellers.eu\/it\/shop\/puzzle-42pz-stitch-42x42cm-stitch-000508709\/","title":{"rendered":"Puzzle 42pz Stitch 42x42cm Stitch 000508709"},"content":{"rendered":"<p>Puzzle da 42 pezzi di dimensioni 42x42cm a tema Stitch. Realizzato in cartone resistente con stampa nitida, offre un&#8217;attivit\u00e0 piacevole e sicura per bambini e famiglie. Aiuta a sviluppare l&#8217;osservazione, il pensiero logico e la motricit\u00e0 fine, ed \u00e8 facile da assemblare e ideale come regalo.<\/p>\n","protected":false},"excerpt":{"rendered":"<p>Puzzle da 42 pezzi (42x42cm) a tema Stitch \u2014 ideale per bambini e intrattenimento familiare. Rafforza l&#8217;osservazione e la motricit\u00e0 fine, perfetto come regalo.<\/p>\n","protected":false},"featured_media":5275147,"comment_status":"closed","ping_status":"open","template":"","meta":[],"product_brand":[],"product_cat":[],"product_tag":[15],"class_list":{"0":"post-5319081","1":"product","2":"type-product","3":"status-publish","4":"has-post-thumbnail","6":"product_tag-uncategorized","8":"first","9":"onbackorder","10":"purchasable","11":"product-type-simple"},"jetpack_sharing_enabled":true,"_links":{"self":[{"href":"https:\/\/gadgettravellers.eu\/it\/wp-json\/wp\/v2\/product\/5319081","targetHints":{"allow":["GET"]}}],"collection":[{"href":"https:\/\/gadgettravellers.eu\/it\/wp-json\/wp\/v2\/product"}],"about":[{"href":"https:\/\/gadgettravellers.eu\/it\/wp-json\/wp\/v2\/types\/product"}],"replies":[{"embeddable":true,"href":"https:\/\/gadgettravellers.eu\/it\/wp-json\/wp\/v2\/comments?post=5319081"}],"wp:featuredmedia":[{"embeddable":true,"href":"https:\/\/gadgettravellers.eu\/it\/wp-json\/wp\/v2\/media\/5275147"}],"wp:attachment":[{"href":"https:\/\/gadgettravellers.eu\/it\/wp-json\/wp\/v2\/media?parent=5319081"}],"wp:term":[{"taxonomy":"product_brand","embeddable":true,"href":"https:\/\/gadgettravellers.eu\/it\/wp-json\/wp\/v2\/product_brand?post=5319081"},{"taxonomy":"product_cat","embeddable":true,"href":"https:\/\/gadgettravellers.eu\/it\/wp-json\/wp\/v2\/product_cat?post=5319081"},{"taxonomy":"product_tag","embeddable":true,"href":"https:\/\/gadgettravellers.eu\/it\/wp-json\/wp\/v2\/product_tag?post=5319081"}],"curies":[{"name":"wp","href":"https:\/\/api.w.org\/{rel}","templated":true}]}}