{"id":5319284,"date":"2026-01-23T02:41:55","date_gmt":"2026-01-23T00:41:55","guid":{"rendered":"https:\/\/gadgettravellers.eu\/shop\/the-shave-factory-tri-pettine-texturizzante-professionale-034-2\/"},"modified":"2026-05-05T03:19:42","modified_gmt":"2026-05-05T01:19:42","slug":"the-shave-factory-tri-pettine-texturizzante-professionale-034-2","status":"publish","type":"product","link":"https:\/\/gadgettravellers.eu\/it\/shop\/the-shave-factory-tri-pettine-texturizzante-professionale-034-2\/","title":{"rendered":"The Shave Factory tri pettine texturizzante professionale 034"},"content":{"rendered":"<h2>The Shave Factory Tri pettine texturizzante professionale 034<\/h2>\n<p>Antistatico, flessibile e resistente al calore, questo pettine in plastica \u00e8 sviluppato per utilizzo professionale.<br \/>\nIl pettine per eccellenza perch\u00e8 ti consente di dare sfogo a tutta la tua creativit\u00e0. Realizzato appositamente per aiutare il barbiere ad esprimere il suo massimo potenziale, \u00e8 dotato di 3 tipi di dentatura diversi che vi aiuteranno a creare look moderni e sempre alla moda.<\/p>\n<p><strong>Dimensioni<\/strong>: Lunghezza 21cm<\/p>\n","protected":false},"excerpt":{"rendered":"<p>The Shave Factory Tri pettine texturizzante professionale 034 Antistatico, flessibile e resistente al calore, questo pettine in plastica \u00e8 sviluppato per utilizzo professionale. Il pettine per eccellenza perch\u00e8 ti consente di dare sfogo a tutta la tua creativit\u00e0. Realizzato appositamente per aiutare il barbiere ad esprimere il suo massimo potenziale, \u00e8 dotato di 3 tipi [&hellip;]<\/p>\n","protected":false},"featured_media":5282028,"comment_status":"closed","ping_status":"open","template":"","meta":[],"product_brand":[],"product_cat":[142196],"product_tag":[142267],"class_list":{"0":"post-5319284","1":"product","2":"type-product","3":"status-publish","4":"has-post-thumbnail","6":"product_cat-the-shave-factory-3","7":"product_tag-the-shave-factory","9":"first","10":"onbackorder","11":"purchasable","12":"product-type-simple"},"jetpack_sharing_enabled":true,"_links":{"self":[{"href":"https:\/\/gadgettravellers.eu\/it\/wp-json\/wp\/v2\/product\/5319284","targetHints":{"allow":["GET"]}}],"collection":[{"href":"https:\/\/gadgettravellers.eu\/it\/wp-json\/wp\/v2\/product"}],"about":[{"href":"https:\/\/gadgettravellers.eu\/it\/wp-json\/wp\/v2\/types\/product"}],"replies":[{"embeddable":true,"href":"https:\/\/gadgettravellers.eu\/it\/wp-json\/wp\/v2\/comments?post=5319284"}],"wp:featuredmedia":[{"embeddable":true,"href":"https:\/\/gadgettravellers.eu\/it\/wp-json\/wp\/v2\/media\/5282028"}],"wp:attachment":[{"href":"https:\/\/gadgettravellers.eu\/it\/wp-json\/wp\/v2\/media?parent=5319284"}],"wp:term":[{"taxonomy":"product_brand","embeddable":true,"href":"https:\/\/gadgettravellers.eu\/it\/wp-json\/wp\/v2\/product_brand?post=5319284"},{"taxonomy":"product_cat","embeddable":true,"href":"https:\/\/gadgettravellers.eu\/it\/wp-json\/wp\/v2\/product_cat?post=5319284"},{"taxonomy":"product_tag","embeddable":true,"href":"https:\/\/gadgettravellers.eu\/it\/wp-json\/wp\/v2\/product_tag?post=5319284"}],"curies":[{"name":"wp","href":"https:\/\/api.w.org\/{rel}","templated":true}]}}