{"id":5320734,"date":"2026-01-30T06:32:59","date_gmt":"2026-01-30T04:32:59","guid":{"rendered":""},"modified":"2026-04-21T20:58:34","modified_gmt":"2026-04-21T18:58:34","slug":"forma-di-lavoro-no-l-60-70kg-finder-198582","status":"publish","type":"product","link":"https:\/\/gadgettravellers.eu\/it\/shop\/forma-di-lavoro-no-l-60-70kg-finder-198582\/","title":{"rendered":"Forma di lavoro &#8211; No.L &#8211; 60-70kg &#8211; Finder &#8211; 198582"},"content":{"rendered":"<p>Tuta da lavoro Finder in tessuto poliestere di alta qualit\u00e0 con grande resistenza e durabilit\u00e0 all&#8217;umidit\u00e0.<\/p>\n<p>Materiale: Tessuto poliestere 190g<br \/>Colore: Grigio-Arancione<br \/>No.L &#8211; Copre 60-70kg<\/p>\n","protected":false},"excerpt":{"rendered":"<p>Tuta da lavoro taglia L (copre 60-70kg), in tessuto poliestere 190g. Resistente all&#8217;umidit\u00e0 e all&#8217;usura, ideale per l&#8217;uso professionale quotidiano.<\/p>\n","protected":false},"featured_media":5319891,"comment_status":"open","ping_status":"open","template":"","meta":[],"product_brand":[],"product_cat":[],"product_tag":[15],"class_list":{"0":"post-5320734","1":"product","2":"type-product","3":"status-publish","4":"has-post-thumbnail","6":"product_tag-uncategorized","8":"first","9":"onbackorder","10":"purchasable","11":"product-type-simple"},"jetpack_sharing_enabled":true,"_links":{"self":[{"href":"https:\/\/gadgettravellers.eu\/it\/wp-json\/wp\/v2\/product\/5320734","targetHints":{"allow":["GET"]}}],"collection":[{"href":"https:\/\/gadgettravellers.eu\/it\/wp-json\/wp\/v2\/product"}],"about":[{"href":"https:\/\/gadgettravellers.eu\/it\/wp-json\/wp\/v2\/types\/product"}],"replies":[{"embeddable":true,"href":"https:\/\/gadgettravellers.eu\/it\/wp-json\/wp\/v2\/comments?post=5320734"}],"wp:featuredmedia":[{"embeddable":true,"href":"https:\/\/gadgettravellers.eu\/it\/wp-json\/wp\/v2\/media\/5319891"}],"wp:attachment":[{"href":"https:\/\/gadgettravellers.eu\/it\/wp-json\/wp\/v2\/media?parent=5320734"}],"wp:term":[{"taxonomy":"product_brand","embeddable":true,"href":"https:\/\/gadgettravellers.eu\/it\/wp-json\/wp\/v2\/product_brand?post=5320734"},{"taxonomy":"product_cat","embeddable":true,"href":"https:\/\/gadgettravellers.eu\/it\/wp-json\/wp\/v2\/product_cat?post=5320734"},{"taxonomy":"product_tag","embeddable":true,"href":"https:\/\/gadgettravellers.eu\/it\/wp-json\/wp\/v2\/product_tag?post=5320734"}],"curies":[{"name":"wp","href":"https:\/\/api.w.org\/{rel}","templated":true}]}}