{"id":5320736,"date":"2026-01-30T06:32:59","date_gmt":"2026-01-30T04:32:59","guid":{"rendered":""},"modified":"2026-04-19T22:18:19","modified_gmt":"2026-04-19T20:18:19","slug":"tuta-da-lavoro-con-riflettori-no-3xl-85-95kg-finder-198578","status":"publish","type":"product","link":"https:\/\/gadgettravellers.eu\/it\/shop\/tuta-da-lavoro-con-riflettori-no-3xl-85-95kg-finder-198578\/","title":{"rendered":"Tuta da lavoro con riflettori &#8211; No.3XL &#8211; 85-95kg &#8211; Finder &#8211; 198578"},"content":{"rendered":"<p>Tuta da lavoro Finder con riflettenti in tessuto poliestere di alta qualit\u00e0 con grande resistenza e durabilit\u00e0 all&#8217;umidit\u00e0.<\/p>\n<p>Materiale: Tessuto poliestere 190g<br \/>Colore: Arancione<br \/>Con strisce riflettenti<br \/>No.3XL &#8211; Copre 85-95kg<\/p>\n","protected":false},"excerpt":{"rendered":"<p>Tuta da lavoro ad alta visibilit\u00e0 in poliestere resistente da 190g con bande riflettenti. No.3XL, adatta per peso 85-95 kg.<\/p>\n","protected":false},"featured_media":5319896,"comment_status":"open","ping_status":"open","template":"","meta":[],"product_brand":[],"product_cat":[],"product_tag":[15],"class_list":{"0":"post-5320736","1":"product","2":"type-product","3":"status-publish","4":"has-post-thumbnail","6":"product_tag-uncategorized","8":"first","9":"onbackorder","10":"purchasable","11":"product-type-simple"},"jetpack_sharing_enabled":true,"_links":{"self":[{"href":"https:\/\/gadgettravellers.eu\/it\/wp-json\/wp\/v2\/product\/5320736","targetHints":{"allow":["GET"]}}],"collection":[{"href":"https:\/\/gadgettravellers.eu\/it\/wp-json\/wp\/v2\/product"}],"about":[{"href":"https:\/\/gadgettravellers.eu\/it\/wp-json\/wp\/v2\/types\/product"}],"replies":[{"embeddable":true,"href":"https:\/\/gadgettravellers.eu\/it\/wp-json\/wp\/v2\/comments?post=5320736"}],"wp:featuredmedia":[{"embeddable":true,"href":"https:\/\/gadgettravellers.eu\/it\/wp-json\/wp\/v2\/media\/5319896"}],"wp:attachment":[{"href":"https:\/\/gadgettravellers.eu\/it\/wp-json\/wp\/v2\/media?parent=5320736"}],"wp:term":[{"taxonomy":"product_brand","embeddable":true,"href":"https:\/\/gadgettravellers.eu\/it\/wp-json\/wp\/v2\/product_brand?post=5320736"},{"taxonomy":"product_cat","embeddable":true,"href":"https:\/\/gadgettravellers.eu\/it\/wp-json\/wp\/v2\/product_cat?post=5320736"},{"taxonomy":"product_tag","embeddable":true,"href":"https:\/\/gadgettravellers.eu\/it\/wp-json\/wp\/v2\/product_tag?post=5320736"}],"curies":[{"name":"wp","href":"https:\/\/api.w.org\/{rel}","templated":true}]}}