{"id":5320738,"date":"2026-01-30T06:33:00","date_gmt":"2026-01-30T04:33:00","guid":{"rendered":""},"modified":"2026-04-21T20:58:36","modified_gmt":"2026-04-21T18:58:36","slug":"tuta-da-lavoro-con-riflettori-no-4xl-93-100kg-finder-198574","status":"publish","type":"product","link":"https:\/\/gadgettravellers.eu\/it\/shop\/tuta-da-lavoro-con-riflettori-no-4xl-93-100kg-finder-198574\/","title":{"rendered":"Tuta da lavoro con riflettori &#8211; No.4XL &#8211; 93-100kg &#8211; Finder &#8211; 198574"},"content":{"rendered":"<p>Tuta da lavoro Finder con riflettenti in tessuto poliestere di alta qualit\u00e0 con grande resistenza e durabilit\u00e0 all&#8217;umidit\u00e0.<\/p>\n<p>Materiale: Tessuto poliestere 190g<br \/>Colore: Blu chiaro<br \/>Con strisce riflettenti<br \/>N.4XL &#8211; Copre 93-100KG<\/p>\n","protected":false},"excerpt":{"rendered":"<p>Tuta da lavoro Finder in blu chiaro, realizzata in resistente poliestere 190g con strisce riflettenti per una maggiore visibilit\u00e0. Taglia 4XL (93-100kg), resistente all&#8217;umidit\u00e0.<\/p>\n","protected":false},"featured_media":5319900,"comment_status":"open","ping_status":"open","template":"","meta":[],"product_brand":[],"product_cat":[],"product_tag":[15],"class_list":{"0":"post-5320738","1":"product","2":"type-product","3":"status-publish","4":"has-post-thumbnail","6":"product_tag-uncategorized","8":"first","9":"onbackorder","10":"purchasable","11":"product-type-simple"},"jetpack_sharing_enabled":true,"_links":{"self":[{"href":"https:\/\/gadgettravellers.eu\/it\/wp-json\/wp\/v2\/product\/5320738","targetHints":{"allow":["GET"]}}],"collection":[{"href":"https:\/\/gadgettravellers.eu\/it\/wp-json\/wp\/v2\/product"}],"about":[{"href":"https:\/\/gadgettravellers.eu\/it\/wp-json\/wp\/v2\/types\/product"}],"replies":[{"embeddable":true,"href":"https:\/\/gadgettravellers.eu\/it\/wp-json\/wp\/v2\/comments?post=5320738"}],"wp:featuredmedia":[{"embeddable":true,"href":"https:\/\/gadgettravellers.eu\/it\/wp-json\/wp\/v2\/media\/5319900"}],"wp:attachment":[{"href":"https:\/\/gadgettravellers.eu\/it\/wp-json\/wp\/v2\/media?parent=5320738"}],"wp:term":[{"taxonomy":"product_brand","embeddable":true,"href":"https:\/\/gadgettravellers.eu\/it\/wp-json\/wp\/v2\/product_brand?post=5320738"},{"taxonomy":"product_cat","embeddable":true,"href":"https:\/\/gadgettravellers.eu\/it\/wp-json\/wp\/v2\/product_cat?post=5320738"},{"taxonomy":"product_tag","embeddable":true,"href":"https:\/\/gadgettravellers.eu\/it\/wp-json\/wp\/v2\/product_tag?post=5320738"}],"curies":[{"name":"wp","href":"https:\/\/api.w.org\/{rel}","templated":true}]}}