{"id":5320775,"date":"2026-01-30T06:33:12","date_gmt":"2026-01-30T04:33:12","guid":{"rendered":""},"modified":"2026-04-22T22:14:50","modified_gmt":"2026-04-22T20:14:50","slug":"dispositivo-per-la-sigillatura-ermetica-degli-alimenti-dty-188-814307-green","status":"publish","type":"product","link":"https:\/\/gadgettravellers.eu\/it\/shop\/dispositivo-per-la-sigillatura-ermetica-degli-alimenti-dty-188-814307-green\/","title":{"rendered":"Dispositivo per la sigillatura ermetica degli alimenti &#8211; DTY-188 &#8211; 814307 &#8211; Green"},"content":{"rendered":"<p>Sigillate ermeticamente i vostri alimenti e manteneteli freschi molto pi\u00f9 a lungo, proteggendoli dall\u2019umidit\u00e0, dagli insetti, ecc., risparmiando allo stesso tempo spazio nel vostro frigorifero<\/p>\n<p>Facile da usare: basta posizionare il beccuccio di qualsiasi sacchetto sulla striscia riscaldante e premere per alcuni secondi.<\/p>\n<p>\u00c8 portatile poich\u00e9 \u00e8 ricaricabile e funziona senza cavi o batterie.<br \/>Funziona con qualsiasi sacchetto.<br \/>Pu\u00f2 essere utilizzato anche per una semplice sigillatura della confezione, senza aspirazione. <\/p>\n<p>Caratteristiche:<br \/>Schermo digitale <br \/>3 opzioni di intensit\u00e0<br \/>Potenza di aspirazione 60KPA<br \/>Dimensioni: 17,8 x 4,4 x 6 cm<br \/>Materiale: ABS<br \/>Peso del prodotto: 287g<br \/>Porta di ricarica: Type-C &#8211; Cavo di ricarica incluso. <\/p>\n","protected":false},"excerpt":{"rendered":"<p>Dispositivo portatile ricaricabile per la sigillatura ermetica degli alimenti con potenza di aspirazione di 60KPA, display digitale e 3 livelli di intensit\u00e0. Si ricarica con type-c e funziona senza fili con qualsiasi sacchetto.<\/p>\n","protected":false},"featured_media":5319979,"comment_status":"open","ping_status":"open","template":"","meta":[],"product_brand":[],"product_cat":[],"product_tag":[15],"class_list":{"0":"post-5320775","1":"product","2":"type-product","3":"status-publish","4":"has-post-thumbnail","6":"product_tag-uncategorized","8":"first","9":"onbackorder","10":"purchasable","11":"product-type-simple"},"jetpack_sharing_enabled":true,"_links":{"self":[{"href":"https:\/\/gadgettravellers.eu\/it\/wp-json\/wp\/v2\/product\/5320775","targetHints":{"allow":["GET"]}}],"collection":[{"href":"https:\/\/gadgettravellers.eu\/it\/wp-json\/wp\/v2\/product"}],"about":[{"href":"https:\/\/gadgettravellers.eu\/it\/wp-json\/wp\/v2\/types\/product"}],"replies":[{"embeddable":true,"href":"https:\/\/gadgettravellers.eu\/it\/wp-json\/wp\/v2\/comments?post=5320775"}],"wp:featuredmedia":[{"embeddable":true,"href":"https:\/\/gadgettravellers.eu\/it\/wp-json\/wp\/v2\/media\/5319979"}],"wp:attachment":[{"href":"https:\/\/gadgettravellers.eu\/it\/wp-json\/wp\/v2\/media?parent=5320775"}],"wp:term":[{"taxonomy":"product_brand","embeddable":true,"href":"https:\/\/gadgettravellers.eu\/it\/wp-json\/wp\/v2\/product_brand?post=5320775"},{"taxonomy":"product_cat","embeddable":true,"href":"https:\/\/gadgettravellers.eu\/it\/wp-json\/wp\/v2\/product_cat?post=5320775"},{"taxonomy":"product_tag","embeddable":true,"href":"https:\/\/gadgettravellers.eu\/it\/wp-json\/wp\/v2\/product_tag?post=5320775"}],"curies":[{"name":"wp","href":"https:\/\/api.w.org\/{rel}","templated":true}]}}