{"id":5320841,"date":"2026-01-30T06:33:33","date_gmt":"2026-01-30T04:33:33","guid":{"rendered":""},"modified":"2026-04-22T22:15:20","modified_gmt":"2026-04-22T20:15:20","slug":"zaino-da-trekking-806-50l-251548-azzurro-chiaro","status":"publish","type":"product","link":"https:\/\/gadgettravellers.eu\/it\/shop\/zaino-da-trekking-806-50l-251548-azzurro-chiaro\/","title":{"rendered":"Zaino da trekking &#8211; 806 &#8211; 50L &#8211; 251548 &#8211; Azzurro chiaro"},"content":{"rendered":"<p>Zaino da trekking, ideale per escursionismo\/alpinismo, campeggio, attivit\u00e0 all&#8217;aperto e hobby. Realizzato in 100% poliestere di alta qualit\u00e0 e resistenza, con elevata resistenza all&#8217;umidit\u00e0. Dispone di molteplici scomparti e tasche, interne ed esterne, per tutti i tuoi oggetti, che si chiudono con cerniere e si fissano con clip. Struttura ergonomica e anatomica dello schienale che distribuisce uniformemente il peso, specifica per un uso prolungato, con spallacci e cintura regolabili e cuscinetto protettivo.<\/p>\n<p>Dimensioni: 54*35*18 cm.<\/p>\n","protected":false},"excerpt":{"rendered":"<p>Zaino da trekking leggero 50L in poliestere resistente con protezione impermeabile, schienale ergonomico e spallacci e cintura regolabili. Ideale per escursionismo, campeggio e uso prolungato.<\/p>\n","protected":false},"featured_media":5320184,"comment_status":"open","ping_status":"open","template":"","meta":[],"product_brand":[],"product_cat":[],"product_tag":[15],"class_list":{"0":"post-5320841","1":"product","2":"type-product","3":"status-publish","4":"has-post-thumbnail","6":"product_tag-uncategorized","8":"first","9":"onbackorder","10":"purchasable","11":"product-type-simple"},"jetpack_sharing_enabled":true,"_links":{"self":[{"href":"https:\/\/gadgettravellers.eu\/it\/wp-json\/wp\/v2\/product\/5320841","targetHints":{"allow":["GET"]}}],"collection":[{"href":"https:\/\/gadgettravellers.eu\/it\/wp-json\/wp\/v2\/product"}],"about":[{"href":"https:\/\/gadgettravellers.eu\/it\/wp-json\/wp\/v2\/types\/product"}],"replies":[{"embeddable":true,"href":"https:\/\/gadgettravellers.eu\/it\/wp-json\/wp\/v2\/comments?post=5320841"}],"wp:featuredmedia":[{"embeddable":true,"href":"https:\/\/gadgettravellers.eu\/it\/wp-json\/wp\/v2\/media\/5320184"}],"wp:attachment":[{"href":"https:\/\/gadgettravellers.eu\/it\/wp-json\/wp\/v2\/media?parent=5320841"}],"wp:term":[{"taxonomy":"product_brand","embeddable":true,"href":"https:\/\/gadgettravellers.eu\/it\/wp-json\/wp\/v2\/product_brand?post=5320841"},{"taxonomy":"product_cat","embeddable":true,"href":"https:\/\/gadgettravellers.eu\/it\/wp-json\/wp\/v2\/product_cat?post=5320841"},{"taxonomy":"product_tag","embeddable":true,"href":"https:\/\/gadgettravellers.eu\/it\/wp-json\/wp\/v2\/product_tag?post=5320841"}],"curies":[{"name":"wp","href":"https:\/\/api.w.org\/{rel}","templated":true}]}}