{"id":5320872,"date":"2026-01-30T06:33:43","date_gmt":"2026-01-30T04:33:43","guid":{"rendered":""},"modified":"2026-04-22T22:15:33","modified_gmt":"2026-04-22T20:15:33","slug":"zaino-da-trekking-h2401-65l5l-251593-blu-scuro","status":"publish","type":"product","link":"https:\/\/gadgettravellers.eu\/it\/shop\/zaino-da-trekking-h2401-65l5l-251593-blu-scuro\/","title":{"rendered":"Zaino da trekking &#8211; H2401 &#8211; 65L+5L &#8211; 251593 &#8211; Blu scuro"},"content":{"rendered":"<p>Zaino da trekking, ideale per escursionismo\/alpinismo, campeggio, attivit\u00e0 all&#8217;aperto e hobby. Realizzato in 100% poliestere di alta qualit\u00e0 e resistenza, con elevata resistenza all&#8217;umidit\u00e0. Dispone di molteplici scomparti e tasche, interne ed esterne, per tutti i tuoi oggetti, che si chiudono con cerniere e si fissano con clip. Struttura ergonomica e anatomica della schiena che distribuisce uniformemente il peso, specifica per un uso prolungato, con spallacci e cintura regolabili e cuscinetto protettivo.<\/p>\n<div class='aiseo-faq-section' style='margin-top:30px; border-top:1px solid #eee; padding-top:20px;'>\n<h3>Domande Frequenti<\/h3>\n<details style='margin-bottom:10px; padding:10px; background:#f9f9f9; border-radius:5px;'>\n<summary style='font-weight:bold; cursor:pointer;'>Qual \u00e8 la capacit\u00e0 dello zaino?<\/summary>\n<div style='margin-top:10px; color:#555;'>60 litri.<\/div>\n<\/details>\n<details style='margin-bottom:10px; padding:10px; background:#f9f9f9; border-radius:5px;'>\n<summary style='font-weight:bold; cursor:pointer;'>Di quale materiale \u00e8 fatto?<\/summary>\n<div style='margin-top:10px; color:#555;'>Realizzato in poliestere di alta qualit\u00e0 al 100%.<\/div>\n<\/details>\n<details style='margin-bottom:10px; padding:10px; background:#f9f9f9; border-radius:5px;'>\n<summary style='font-weight:bold; cursor:pointer;'>\u00c8 adatto per un uso prolungato?<\/summary>\n<div style='margin-top:10px; color:#555;'>S\u00ec, ha uno schienale anatomico ergonomico, spallacci regolabili e cintura in vita e un cuscino protettivo per una distribuzione uniforme del peso.<\/div>\n<\/details>\n<details style='margin-bottom:10px; padding:10px; background:#f9f9f9; border-radius:5px;'>\n<summary style='font-weight:bold; cursor:pointer;'>Ha molte tasche e si chiude con una cerniera?<\/summary>\n<div style='margin-top:10px; color:#555;'>S\u00ec, ha molteplici scomparti interni ed esterni che si chiudono con cerniere e si fissano con clip.<\/div>\n<\/details>\n<\/div>\n","protected":false},"excerpt":{"rendered":"<p>Zaino da trekking ergonomico 65L+5L in poliestere resistente, con spallacci e cintura regolabili, molteplici tasche e alta resistenza all&#8217;umidit\u00e0 \u2014 ideale per escursioni di lunga durata.<\/p>\n","protected":false},"featured_media":5320288,"comment_status":"open","ping_status":"open","template":"","meta":[],"product_brand":[],"product_cat":[],"product_tag":[15],"class_list":{"0":"post-5320872","1":"product","2":"type-product","3":"status-publish","4":"has-post-thumbnail","6":"product_tag-uncategorized","8":"first","9":"onbackorder","10":"purchasable","11":"product-type-simple"},"jetpack_sharing_enabled":true,"_links":{"self":[{"href":"https:\/\/gadgettravellers.eu\/it\/wp-json\/wp\/v2\/product\/5320872","targetHints":{"allow":["GET"]}}],"collection":[{"href":"https:\/\/gadgettravellers.eu\/it\/wp-json\/wp\/v2\/product"}],"about":[{"href":"https:\/\/gadgettravellers.eu\/it\/wp-json\/wp\/v2\/types\/product"}],"replies":[{"embeddable":true,"href":"https:\/\/gadgettravellers.eu\/it\/wp-json\/wp\/v2\/comments?post=5320872"}],"wp:featuredmedia":[{"embeddable":true,"href":"https:\/\/gadgettravellers.eu\/it\/wp-json\/wp\/v2\/media\/5320288"}],"wp:attachment":[{"href":"https:\/\/gadgettravellers.eu\/it\/wp-json\/wp\/v2\/media?parent=5320872"}],"wp:term":[{"taxonomy":"product_brand","embeddable":true,"href":"https:\/\/gadgettravellers.eu\/it\/wp-json\/wp\/v2\/product_brand?post=5320872"},{"taxonomy":"product_cat","embeddable":true,"href":"https:\/\/gadgettravellers.eu\/it\/wp-json\/wp\/v2\/product_cat?post=5320872"},{"taxonomy":"product_tag","embeddable":true,"href":"https:\/\/gadgettravellers.eu\/it\/wp-json\/wp\/v2\/product_tag?post=5320872"}],"curies":[{"name":"wp","href":"https:\/\/api.w.org\/{rel}","templated":true}]}}