{"id":5320884,"date":"2026-02-02T05:12:15","date_gmt":"2026-02-02T03:12:15","guid":{"rendered":""},"modified":"2026-05-05T06:13:06","modified_gmt":"2026-05-05T04:13:06","slug":"grandi-mattoncini-in-sacchetto-medio-3-anni-26x23cm-toymarkt-95426","status":"publish","type":"product","link":"https:\/\/gadgettravellers.eu\/it\/shop\/grandi-mattoncini-in-sacchetto-medio-3-anni-26x23cm-toymarkt-95426\/","title":{"rendered":"Grandi Mattoncini in Sacchetto Medio 3 Anni+ 26x23cm ToyMarkt 95426"},"content":{"rendered":"<p>~ 48 pz. 3 anni+ 26x23cm<\/p>\n","protected":false},"excerpt":{"rendered":"<p>Set di 48 grandi mattoncini in una busta media (26x23cm) per et\u00e0 3+. Rafforza la creativit\u00e0 e le abilit\u00e0 motorie fini, facile da conservare e trasportare.<\/p>\n","protected":false},"featured_media":22069,"comment_status":"closed","ping_status":"open","template":"","meta":[],"product_brand":[],"product_cat":[],"product_tag":[15],"class_list":{"0":"post-5320884","1":"product","2":"type-product","3":"status-publish","4":"has-post-thumbnail","6":"product_tag-uncategorized","8":"first","9":"onbackorder","10":"purchasable","11":"product-type-simple"},"jetpack_sharing_enabled":true,"_links":{"self":[{"href":"https:\/\/gadgettravellers.eu\/it\/wp-json\/wp\/v2\/product\/5320884","targetHints":{"allow":["GET"]}}],"collection":[{"href":"https:\/\/gadgettravellers.eu\/it\/wp-json\/wp\/v2\/product"}],"about":[{"href":"https:\/\/gadgettravellers.eu\/it\/wp-json\/wp\/v2\/types\/product"}],"replies":[{"embeddable":true,"href":"https:\/\/gadgettravellers.eu\/it\/wp-json\/wp\/v2\/comments?post=5320884"}],"wp:featuredmedia":[{"embeddable":true,"href":"https:\/\/gadgettravellers.eu\/it\/wp-json\/wp\/v2\/media\/22069"}],"wp:attachment":[{"href":"https:\/\/gadgettravellers.eu\/it\/wp-json\/wp\/v2\/media?parent=5320884"}],"wp:term":[{"taxonomy":"product_brand","embeddable":true,"href":"https:\/\/gadgettravellers.eu\/it\/wp-json\/wp\/v2\/product_brand?post=5320884"},{"taxonomy":"product_cat","embeddable":true,"href":"https:\/\/gadgettravellers.eu\/it\/wp-json\/wp\/v2\/product_cat?post=5320884"},{"taxonomy":"product_tag","embeddable":true,"href":"https:\/\/gadgettravellers.eu\/it\/wp-json\/wp\/v2\/product_tag?post=5320884"}],"curies":[{"name":"wp","href":"https:\/\/api.w.org\/{rel}","templated":true}]}}