{"id":5320894,"date":"2026-02-02T05:12:18","date_gmt":"2026-02-02T03:12:18","guid":{"rendered":""},"modified":"2026-05-05T06:13:09","modified_gmt":"2026-05-05T04:13:09","slug":"arma-mattoncini-82-pz-6-anni-24x16x5cm-toymarkt-95447","status":"publish","type":"product","link":"https:\/\/gadgettravellers.eu\/it\/shop\/arma-mattoncini-82-pz-6-anni-24x16x5cm-toymarkt-95447\/","title":{"rendered":"Arma Mattoncini 82 pz. 6 Anni+ 24x16x5cm ToyMarkt 95447"},"content":{"rendered":"<p>82 pz. 6 anni+ 24x16x5cm<\/p>\n","protected":false},"excerpt":{"rendered":"<p>Set da 82 pezzi arma-mattoncini per et\u00e0 6+. Dimensioni 24x16x5cm, mattoncini di plastica per assemblaggio che potenziano la creativit\u00e0 e la motricit\u00e0 fine.<\/p>\n","protected":false},"featured_media":5028897,"comment_status":"closed","ping_status":"open","template":"","meta":[],"product_brand":[],"product_cat":[],"product_tag":[15],"class_list":{"0":"post-5320894","1":"product","2":"type-product","3":"status-publish","4":"has-post-thumbnail","6":"product_tag-uncategorized","8":"first","9":"onbackorder","10":"purchasable","11":"product-type-simple"},"jetpack_sharing_enabled":true,"_links":{"self":[{"href":"https:\/\/gadgettravellers.eu\/it\/wp-json\/wp\/v2\/product\/5320894","targetHints":{"allow":["GET"]}}],"collection":[{"href":"https:\/\/gadgettravellers.eu\/it\/wp-json\/wp\/v2\/product"}],"about":[{"href":"https:\/\/gadgettravellers.eu\/it\/wp-json\/wp\/v2\/types\/product"}],"replies":[{"embeddable":true,"href":"https:\/\/gadgettravellers.eu\/it\/wp-json\/wp\/v2\/comments?post=5320894"}],"wp:featuredmedia":[{"embeddable":true,"href":"https:\/\/gadgettravellers.eu\/it\/wp-json\/wp\/v2\/media\/5028897"}],"wp:attachment":[{"href":"https:\/\/gadgettravellers.eu\/it\/wp-json\/wp\/v2\/media?parent=5320894"}],"wp:term":[{"taxonomy":"product_brand","embeddable":true,"href":"https:\/\/gadgettravellers.eu\/it\/wp-json\/wp\/v2\/product_brand?post=5320894"},{"taxonomy":"product_cat","embeddable":true,"href":"https:\/\/gadgettravellers.eu\/it\/wp-json\/wp\/v2\/product_cat?post=5320894"},{"taxonomy":"product_tag","embeddable":true,"href":"https:\/\/gadgettravellers.eu\/it\/wp-json\/wp\/v2\/product_tag?post=5320894"}],"curies":[{"name":"wp","href":"https:\/\/api.w.org\/{rel}","templated":true}]}}