{"id":5321151,"date":"2026-01-31T02:40:20","date_gmt":"2026-01-31T00:40:20","guid":{"rendered":""},"modified":"2026-05-05T05:20:59","modified_gmt":"2026-05-05T03:20:59","slug":"cuscino-per-sedia-40x40cm-720205-rosso","status":"publish","type":"product","link":"https:\/\/gadgettravellers.eu\/it\/shop\/cuscino-per-sedia-40x40cm-720205-rosso\/","title":{"rendered":"Cuscino per sedia &#8211; 40x40cm &#8211; 720205 &#8211; Rosso"},"content":{"rendered":"<p>Cuscino per sedia in tessuto di rivestimento di alta qualit\u00e0 con una texture morbida e un&#8217;imbottitura sintetica ricca e altamente resistente. <br \/>Dotato di lacci per fissaggio. <br \/>Lavabile in lavatrice con programma per capi delicati.<\/p>\n","protected":false},"excerpt":{"rendered":"<p>Cuscino per sedia 40x40cm con tessuto di rivestimento di alta qualit\u00e0 e imbottitura sintetica resistente. \u00c8 dotato di lacci per il fissaggio e pu\u00f2 essere lavato in lavatrice con programma per capi delicati.<\/p>\n","protected":false},"featured_media":5320955,"comment_status":"closed","ping_status":"open","template":"","meta":[],"product_brand":[],"product_cat":[],"product_tag":[15],"class_list":{"0":"post-5321151","1":"product","2":"type-product","3":"status-publish","4":"has-post-thumbnail","6":"product_tag-uncategorized","8":"first","9":"onbackorder","10":"purchasable","11":"product-type-simple"},"jetpack_sharing_enabled":true,"_links":{"self":[{"href":"https:\/\/gadgettravellers.eu\/it\/wp-json\/wp\/v2\/product\/5321151","targetHints":{"allow":["GET"]}}],"collection":[{"href":"https:\/\/gadgettravellers.eu\/it\/wp-json\/wp\/v2\/product"}],"about":[{"href":"https:\/\/gadgettravellers.eu\/it\/wp-json\/wp\/v2\/types\/product"}],"replies":[{"embeddable":true,"href":"https:\/\/gadgettravellers.eu\/it\/wp-json\/wp\/v2\/comments?post=5321151"}],"wp:featuredmedia":[{"embeddable":true,"href":"https:\/\/gadgettravellers.eu\/it\/wp-json\/wp\/v2\/media\/5320955"}],"wp:attachment":[{"href":"https:\/\/gadgettravellers.eu\/it\/wp-json\/wp\/v2\/media?parent=5321151"}],"wp:term":[{"taxonomy":"product_brand","embeddable":true,"href":"https:\/\/gadgettravellers.eu\/it\/wp-json\/wp\/v2\/product_brand?post=5321151"},{"taxonomy":"product_cat","embeddable":true,"href":"https:\/\/gadgettravellers.eu\/it\/wp-json\/wp\/v2\/product_cat?post=5321151"},{"taxonomy":"product_tag","embeddable":true,"href":"https:\/\/gadgettravellers.eu\/it\/wp-json\/wp\/v2\/product_tag?post=5321151"}],"curies":[{"name":"wp","href":"https:\/\/api.w.org\/{rel}","templated":true}]}}