{"id":5354159,"date":"2026-02-02T04:02:21","date_gmt":"2026-02-02T02:02:21","guid":{"rendered":""},"modified":"2026-04-22T22:16:03","modified_gmt":"2026-04-22T20:16:03","slug":"auricolare-wireless-bluetooth-k53-231011k53-bianco","status":"publish","type":"product","link":"https:\/\/gadgettravellers.eu\/it\/shop\/auricolare-wireless-bluetooth-k53-231011k53-bianco\/","title":{"rendered":"Auricolare wireless Bluetooth &#8211; K53 &#8211; 231011K53 &#8211; Bianco"},"content":{"rendered":"<p>Auricolare Bluetooth wireless con design elegante ed ergonomico, con clip per un uso quotidiano confortevole. <br \/>Con microfono integrato e pulsante di riavvolgimento, gli auricolari si ritirano facilmente all&#8217;interno del dispositivo quando non li usi. <br \/>Ideale per effettuare chiamate facilmente utilizzando un auricolare singolo handsfree.<br \/>Un auricolare di qualit\u00e0 eccellente che ti faciliter\u00e0 nelle tue chiamate telefoniche, poich\u00e9 puoi guidare e rispondere al telefono con totale libert\u00e0 di movimento. <br \/>Compatibile con tutti i dispositivi di riproduzione dotati di Bluetooth.<\/p>\n<p><strong>Caratteristiche:<\/strong> <br \/>Versione Bluetooth: V5.2, <br \/>Distanza di trasmissione: 10m, <br \/>Protocollo supportato: HANDSET HANDFREE A2 DPAVRCP,<br \/>Tensione di ricarica: DC5V Micro USB,<br \/>Frequenza di trasmissione: 2.4GHZ, <br \/>Tempo di ricarica: circa 20 minuti, <br \/>Tempo di funzionamento: fino a 6 ore<br \/>Tempo di standby: 300 ore<br \/>Capacit\u00e0 della batteria: 70mAh 3,7V, <br \/>Dimensioni: 56 (lunghezza) x 25 (larghezza) x 13 (altezza) mm (inclusa l&#8217;altezza della clip 20mm).<\/p>\n","protected":false},"excerpt":{"rendered":"<p>Auricolare Bluetooth monofonico wireless K53 con clip e microfono integrato. Offre fino a 6 ore di funzionamento, ricarica tramite micro-USB e facile utilizzo per chiamate in vivavoce.<\/p>\n","protected":false},"featured_media":5105508,"comment_status":"closed","ping_status":"open","template":"","meta":[],"product_brand":[],"product_cat":[],"product_tag":[15],"class_list":{"0":"post-5354159","1":"product","2":"type-product","3":"status-publish","4":"has-post-thumbnail","6":"product_tag-uncategorized","8":"first","9":"onbackorder","10":"purchasable","11":"product-type-simple"},"jetpack_sharing_enabled":true,"_links":{"self":[{"href":"https:\/\/gadgettravellers.eu\/it\/wp-json\/wp\/v2\/product\/5354159","targetHints":{"allow":["GET"]}}],"collection":[{"href":"https:\/\/gadgettravellers.eu\/it\/wp-json\/wp\/v2\/product"}],"about":[{"href":"https:\/\/gadgettravellers.eu\/it\/wp-json\/wp\/v2\/types\/product"}],"replies":[{"embeddable":true,"href":"https:\/\/gadgettravellers.eu\/it\/wp-json\/wp\/v2\/comments?post=5354159"}],"wp:featuredmedia":[{"embeddable":true,"href":"https:\/\/gadgettravellers.eu\/it\/wp-json\/wp\/v2\/media\/5105508"}],"wp:attachment":[{"href":"https:\/\/gadgettravellers.eu\/it\/wp-json\/wp\/v2\/media?parent=5354159"}],"wp:term":[{"taxonomy":"product_brand","embeddable":true,"href":"https:\/\/gadgettravellers.eu\/it\/wp-json\/wp\/v2\/product_brand?post=5354159"},{"taxonomy":"product_cat","embeddable":true,"href":"https:\/\/gadgettravellers.eu\/it\/wp-json\/wp\/v2\/product_cat?post=5354159"},{"taxonomy":"product_tag","embeddable":true,"href":"https:\/\/gadgettravellers.eu\/it\/wp-json\/wp\/v2\/product_tag?post=5354159"}],"curies":[{"name":"wp","href":"https:\/\/api.w.org\/{rel}","templated":true}]}}