{"id":5372890,"date":"2026-02-03T04:53:33","date_gmt":"2026-02-03T02:53:33","guid":{"rendered":""},"modified":"2026-04-19T22:21:29","modified_gmt":"2026-04-19T20:21:29","slug":"zaino-da-trekking-1822-65l-251579-blue-petrol","status":"publish","type":"product","link":"https:\/\/gadgettravellers.eu\/it\/shop\/zaino-da-trekking-1822-65l-251579-blue-petrol\/","title":{"rendered":"Zaino da trekking &#8211; 1822 &#8211; 65L &#8211; 251579 &#8211; Blue Petrol"},"content":{"rendered":"<p>Zaino da trekking, ideale per escursionismo\/alpinismo, campeggio, attivit\u00e0 all&#8217;aperto e hobby. Realizzato in 100% poliestere di alta qualit\u00e0 e resistenza, con elevata resistenza all&#8217;umidit\u00e0. Dispone di molteplici scomparti e tasche, interne ed esterne, per tutti i tuoi oggetti, che si chiudono con cerniere e si fissano con clip. Struttura ergonomica e anatomica dello schienale che distribuisce uniformemente il peso, specifica per un uso prolungato, con spallacci e cintura regolabili e cuscinetto protettivo.<\/p>\n<p>Dimensioni: 50*33*20 cm.<\/p>\n","protected":false},"excerpt":{"rendered":"<p>Zaino ergonomico da 65L per escursionismo e campeggio, resistente all&#8217;umidit\u00e0, con molteplici tasche, spallacci e cintura regolabili e cuscinetto protettivo per un trasporto confortevole.<\/p>\n","protected":false},"featured_media":5372833,"comment_status":"closed","ping_status":"open","template":"","meta":[],"product_brand":[],"product_cat":[],"product_tag":[15],"class_list":{"0":"post-5372890","1":"product","2":"type-product","3":"status-publish","4":"has-post-thumbnail","6":"product_tag-uncategorized","8":"first","9":"onbackorder","10":"purchasable","11":"product-type-simple"},"jetpack_sharing_enabled":true,"_links":{"self":[{"href":"https:\/\/gadgettravellers.eu\/it\/wp-json\/wp\/v2\/product\/5372890","targetHints":{"allow":["GET"]}}],"collection":[{"href":"https:\/\/gadgettravellers.eu\/it\/wp-json\/wp\/v2\/product"}],"about":[{"href":"https:\/\/gadgettravellers.eu\/it\/wp-json\/wp\/v2\/types\/product"}],"replies":[{"embeddable":true,"href":"https:\/\/gadgettravellers.eu\/it\/wp-json\/wp\/v2\/comments?post=5372890"}],"wp:featuredmedia":[{"embeddable":true,"href":"https:\/\/gadgettravellers.eu\/it\/wp-json\/wp\/v2\/media\/5372833"}],"wp:attachment":[{"href":"https:\/\/gadgettravellers.eu\/it\/wp-json\/wp\/v2\/media?parent=5372890"}],"wp:term":[{"taxonomy":"product_brand","embeddable":true,"href":"https:\/\/gadgettravellers.eu\/it\/wp-json\/wp\/v2\/product_brand?post=5372890"},{"taxonomy":"product_cat","embeddable":true,"href":"https:\/\/gadgettravellers.eu\/it\/wp-json\/wp\/v2\/product_cat?post=5372890"},{"taxonomy":"product_tag","embeddable":true,"href":"https:\/\/gadgettravellers.eu\/it\/wp-json\/wp\/v2\/product_tag?post=5372890"}],"curies":[{"name":"wp","href":"https:\/\/api.w.org\/{rel}","templated":true}]}}