{"id":5373235,"date":"2026-02-07T00:56:16","date_gmt":"2026-02-06T22:56:16","guid":{"rendered":""},"modified":"2026-05-05T06:13:20","modified_gmt":"2026-05-05T04:13:20","slug":"set-di-mattoncini-in-borsa-3-anni-35x32x5cm-toymarkt-95432","status":"publish","type":"product","link":"https:\/\/gadgettravellers.eu\/it\/shop\/set-di-mattoncini-in-borsa-3-anni-35x32x5cm-toymarkt-95432\/","title":{"rendered":"Set di Mattoncini in Borsa. 3+ Anni 35x32x5cm ToyMarkt 95432"},"content":{"rendered":"<p>Base. 3+ anni 35x32x5cm<\/p>\n","protected":false},"excerpt":{"rendered":"<p>Set di mattoncini in sacchetto con base, adatto per bambini di et\u00e0 superiore a 3 anni. Dimensioni portatili 35x32x5cm per una facile conservazione e gioco, potenzia la creativit\u00e0 e le abilit\u00e0 motorie fini.<\/p>\n","protected":false},"featured_media":22080,"comment_status":"open","ping_status":"open","template":"","meta":[],"product_brand":[],"product_cat":[],"product_tag":[15],"class_list":{"0":"post-5373235","1":"product","2":"type-product","3":"status-publish","4":"has-post-thumbnail","6":"product_tag-uncategorized","8":"first","9":"onbackorder","10":"purchasable","11":"product-type-simple"},"jetpack_sharing_enabled":true,"_links":{"self":[{"href":"https:\/\/gadgettravellers.eu\/it\/wp-json\/wp\/v2\/product\/5373235","targetHints":{"allow":["GET"]}}],"collection":[{"href":"https:\/\/gadgettravellers.eu\/it\/wp-json\/wp\/v2\/product"}],"about":[{"href":"https:\/\/gadgettravellers.eu\/it\/wp-json\/wp\/v2\/types\/product"}],"replies":[{"embeddable":true,"href":"https:\/\/gadgettravellers.eu\/it\/wp-json\/wp\/v2\/comments?post=5373235"}],"wp:featuredmedia":[{"embeddable":true,"href":"https:\/\/gadgettravellers.eu\/it\/wp-json\/wp\/v2\/media\/22080"}],"wp:attachment":[{"href":"https:\/\/gadgettravellers.eu\/it\/wp-json\/wp\/v2\/media?parent=5373235"}],"wp:term":[{"taxonomy":"product_brand","embeddable":true,"href":"https:\/\/gadgettravellers.eu\/it\/wp-json\/wp\/v2\/product_brand?post=5373235"},{"taxonomy":"product_cat","embeddable":true,"href":"https:\/\/gadgettravellers.eu\/it\/wp-json\/wp\/v2\/product_cat?post=5373235"},{"taxonomy":"product_tag","embeddable":true,"href":"https:\/\/gadgettravellers.eu\/it\/wp-json\/wp\/v2\/product_tag?post=5373235"}],"curies":[{"name":"wp","href":"https:\/\/api.w.org\/{rel}","templated":true}]}}