{"id":5373243,"date":"2026-02-07T00:56:18","date_gmt":"2026-02-06T22:56:18","guid":{"rendered":""},"modified":"2026-05-05T06:13:23","modified_gmt":"2026-05-05T04:13:23","slug":"mattoncini-set-antincendio-28-pz-3-anni-28x24x7cm-toymarkt-95453","status":"publish","type":"product","link":"https:\/\/gadgettravellers.eu\/it\/shop\/mattoncini-set-antincendio-28-pz-3-anni-28x24x7cm-toymarkt-95453\/","title":{"rendered":"Mattoncini Set Antincendio 28 pz. 3+ Anni 28x24x7cm ToyMarkt 95453"},"content":{"rendered":"<p>28 pz. 3+ anni 28x24x7cm<\/p>\n","protected":false},"excerpt":{"rendered":"<p>Set di 28 mattoncini a tema veicolo dei pompieri, adatto a bambini di et\u00e0 superiore a 3 anni. Stimola l&#8217;immaginazione, la creativit\u00e0 e le abilit\u00e0 motorie fini.<\/p>\n","protected":false},"featured_media":5028921,"comment_status":"open","ping_status":"open","template":"","meta":[],"product_brand":[],"product_cat":[],"product_tag":[15],"class_list":{"0":"post-5373243","1":"product","2":"type-product","3":"status-publish","4":"has-post-thumbnail","6":"product_tag-uncategorized","8":"first","9":"onbackorder","10":"purchasable","11":"product-type-simple"},"jetpack_sharing_enabled":true,"_links":{"self":[{"href":"https:\/\/gadgettravellers.eu\/it\/wp-json\/wp\/v2\/product\/5373243","targetHints":{"allow":["GET"]}}],"collection":[{"href":"https:\/\/gadgettravellers.eu\/it\/wp-json\/wp\/v2\/product"}],"about":[{"href":"https:\/\/gadgettravellers.eu\/it\/wp-json\/wp\/v2\/types\/product"}],"replies":[{"embeddable":true,"href":"https:\/\/gadgettravellers.eu\/it\/wp-json\/wp\/v2\/comments?post=5373243"}],"wp:featuredmedia":[{"embeddable":true,"href":"https:\/\/gadgettravellers.eu\/it\/wp-json\/wp\/v2\/media\/5028921"}],"wp:attachment":[{"href":"https:\/\/gadgettravellers.eu\/it\/wp-json\/wp\/v2\/media?parent=5373243"}],"wp:term":[{"taxonomy":"product_brand","embeddable":true,"href":"https:\/\/gadgettravellers.eu\/it\/wp-json\/wp\/v2\/product_brand?post=5373243"},{"taxonomy":"product_cat","embeddable":true,"href":"https:\/\/gadgettravellers.eu\/it\/wp-json\/wp\/v2\/product_cat?post=5373243"},{"taxonomy":"product_tag","embeddable":true,"href":"https:\/\/gadgettravellers.eu\/it\/wp-json\/wp\/v2\/product_tag?post=5373243"}],"curies":[{"name":"wp","href":"https:\/\/api.w.org\/{rel}","templated":true}]}}