{"id":5373586,"date":"2026-02-15T09:49:20","date_gmt":"2026-02-15T07:49:20","guid":{"rendered":""},"modified":"2026-05-05T06:13:28","modified_gmt":"2026-05-05T04:13:28","slug":"push-4-on-board-game-25x18x8cm-toymarkt-891884-3","status":"publish","type":"product","link":"https:\/\/gadgettravellers.eu\/it\/shop\/push-4-on-board-game-25x18x8cm-toymarkt-891884-3\/","title":{"rendered":"Push 4 on Board Game 25x18x8cm ToyMarkt 891884"},"content":{"rendered":"<p>25x18x8cm<\/p>\n<div class='aiseo-faq-section' style='margin-top:30px; border-top:1px solid #eee; padding-top:20px;'>\n<h3>Domande Frequenti<\/h3>\n<details style='margin-bottom:10px; padding:10px; background:#f9f9f9; border-radius:5px;'>\n<summary style='font-weight:bold; cursor:pointer;'>\u00c8 adatto per i viaggi?<\/summary>\n<div style='margin-top:10px; color:#555;'>S\u00ec, ha una dimensione compatta di 25x18x8cm ed \u00e8 facile da trasportare e conservare.<\/div>\n<\/details>\n<details style='margin-bottom:10px; padding:10px; background:#f9f9f9; border-radius:5px;'>\n<summary style='font-weight:bold; cursor:pointer;'>In quali circostanze \u00e8 consigliato?<\/summary>\n<div style='margin-top:10px; color:#555;'>Ideale per uso domestico, serate in famiglia e gioco con gli amici.<\/div>\n<\/details>\n<details style='margin-bottom:10px; padding:10px; background:#f9f9f9; border-radius:5px;'>\n<summary style='font-weight:bold; cursor:pointer;'>Quali competenze sviluppa il gioco?<\/summary>\n<div style='margin-top:10px; color:#555;'>Rafforza il pensiero strategico e promuove l&#8217;interazione sociale attraverso partite rapide e divertenti.<\/div>\n<\/details>\n<\/div>\n","protected":false},"excerpt":{"rendered":"<p>25x18x8cm Domande Frequenti \u00c8 adatto per i viaggi? S\u00ec, ha una dimensione compatta di 25x18x8cm ed \u00e8 facile da trasportare e conservare. In quali circostanze \u00e8 consigliato? Ideale per uso domestico, serate in famiglia e gioco con gli amici. Quali competenze sviluppa il gioco? Rafforza il pensiero strategico e promuove l&#8217;interazione sociale attraverso partite rapide [&hellip;]<\/p>\n","protected":false},"featured_media":16707,"comment_status":"closed","ping_status":"open","template":"","meta":[],"product_brand":[],"product_cat":[196799,201296,246120],"product_tag":[87130],"class_list":{"0":"post-5373586","1":"product","2":"type-product","3":"status-publish","4":"has-post-thumbnail","6":"product_cat-giochi-da-tavolo","7":"product_cat-giochi-di-famiglia","8":"product_cat-giochi-portatili-da-viaggio","9":"product_tag-25x18x8cm","11":"first","12":"onbackorder","13":"purchasable","14":"product-type-simple"},"jetpack_sharing_enabled":true,"_links":{"self":[{"href":"https:\/\/gadgettravellers.eu\/it\/wp-json\/wp\/v2\/product\/5373586","targetHints":{"allow":["GET"]}}],"collection":[{"href":"https:\/\/gadgettravellers.eu\/it\/wp-json\/wp\/v2\/product"}],"about":[{"href":"https:\/\/gadgettravellers.eu\/it\/wp-json\/wp\/v2\/types\/product"}],"replies":[{"embeddable":true,"href":"https:\/\/gadgettravellers.eu\/it\/wp-json\/wp\/v2\/comments?post=5373586"}],"wp:featuredmedia":[{"embeddable":true,"href":"https:\/\/gadgettravellers.eu\/it\/wp-json\/wp\/v2\/media\/16707"}],"wp:attachment":[{"href":"https:\/\/gadgettravellers.eu\/it\/wp-json\/wp\/v2\/media?parent=5373586"}],"wp:term":[{"taxonomy":"product_brand","embeddable":true,"href":"https:\/\/gadgettravellers.eu\/it\/wp-json\/wp\/v2\/product_brand?post=5373586"},{"taxonomy":"product_cat","embeddable":true,"href":"https:\/\/gadgettravellers.eu\/it\/wp-json\/wp\/v2\/product_cat?post=5373586"},{"taxonomy":"product_tag","embeddable":true,"href":"https:\/\/gadgettravellers.eu\/it\/wp-json\/wp\/v2\/product_tag?post=5373586"}],"curies":[{"name":"wp","href":"https:\/\/api.w.org\/{rel}","templated":true}]}}