{"id":5374949,"date":"2026-02-26T00:34:25","date_gmt":"2026-02-25T22:34:25","guid":{"rendered":""},"modified":"2026-04-14T03:08:33","modified_gmt":"2026-04-14T01:08:33","slug":"portacandele-con-disegni-metallici-o8x12cm-homie-322088","status":"publish","type":"product","link":"https:\/\/gadgettravellers.eu\/it\/shop\/portacandele-con-disegni-metallici-o8x12cm-homie-322088\/","title":{"rendered":"Portacandele con Disegni Metallici \u00f88x12cm Homie 322088"},"content":{"rendered":"<p>Portacandele, materiale: metallo &#038; vetro \u00f88x12cm<\/p>\n<div class='aiseo-faq-section' style='margin-top:30px; border-top:1px solid #eee; padding-top:20px;'>\n<h3>Domande Frequenti<\/h3>\n<details style='margin-bottom:10px; padding:10px; background:#f9f9f9; border-radius:5px;'>\n<summary style='font-weight:bold; cursor:pointer;'>Di quali materiali \u00e8 fatto il prodotto?<\/summary>\n<div style='margin-top:10px; color:#555;'>\u00c8 realizzato in metallo e vetro.<\/div>\n<\/details>\n<details style='margin-bottom:10px; padding:10px; background:#f9f9f9; border-radius:5px;'>\n<summary style='font-weight:bold; cursor:pointer;'>Quali sono le sue dimensioni?<\/summary>\n<div style='margin-top:10px; color:#555;'>Diametro \u00d88 cm e altezza 12 cm.<\/div>\n<\/details>\n<details style='margin-bottom:10px; padding:10px; background:#f9f9f9; border-radius:5px;'>\n<summary style='font-weight:bold; cursor:pointer;'>\u00c8 adatto per lumini o piccole candele?<\/summary>\n<div style='margin-top:10px; color:#555;'>S\u00ec, il prodotto \u00e8 un portacandela ed \u00e8 destinato a lumini o piccole candele.<\/div>\n<\/details>\n<details style='margin-bottom:10px; padding:10px; background:#f9f9f9; border-radius:5px;'>\n<summary style='font-weight:bold; cursor:pointer;'>Ha elementi decorativi in metallo?<\/summary>\n<div style='margin-top:10px; color:#555;'>S\u00ec, include disegni metallici secondo la descrizione.<\/div>\n<\/details>\n<\/div>\n","protected":false},"excerpt":{"rendered":"<p>Portacandela in metallo e vetro con decorazioni metalliche, diametro \u00d88 cm e altezza 12 cm \u2014 ideale per decorazioni da tavolo e per lumini o piccole candele.<\/p>\n","protected":false},"featured_media":4736,"comment_status":"closed","ping_status":"open","template":"","meta":[],"product_brand":[],"product_cat":[248000,204935,197492,199114,248001,248002],"product_tag":[172962,175927],"class_list":{"0":"post-5374949","1":"product","2":"type-product","3":"status-publish","4":"has-post-thumbnail","6":"product_cat-candelabri","7":"product_cat-decorazione","8":"product_cat-decorazioni","9":"product_cat-decorazioni-da-tavolo","10":"product_cat-pasquali","11":"product_cat-vetri-decorativi","12":"product_tag-12cm","13":"product_tag-8cm","15":"first","16":"onbackorder","17":"purchasable","18":"product-type-simple"},"jetpack_sharing_enabled":true,"_links":{"self":[{"href":"https:\/\/gadgettravellers.eu\/it\/wp-json\/wp\/v2\/product\/5374949","targetHints":{"allow":["GET"]}}],"collection":[{"href":"https:\/\/gadgettravellers.eu\/it\/wp-json\/wp\/v2\/product"}],"about":[{"href":"https:\/\/gadgettravellers.eu\/it\/wp-json\/wp\/v2\/types\/product"}],"replies":[{"embeddable":true,"href":"https:\/\/gadgettravellers.eu\/it\/wp-json\/wp\/v2\/comments?post=5374949"}],"wp:featuredmedia":[{"embeddable":true,"href":"https:\/\/gadgettravellers.eu\/it\/wp-json\/wp\/v2\/media\/4736"}],"wp:attachment":[{"href":"https:\/\/gadgettravellers.eu\/it\/wp-json\/wp\/v2\/media?parent=5374949"}],"wp:term":[{"taxonomy":"product_brand","embeddable":true,"href":"https:\/\/gadgettravellers.eu\/it\/wp-json\/wp\/v2\/product_brand?post=5374949"},{"taxonomy":"product_cat","embeddable":true,"href":"https:\/\/gadgettravellers.eu\/it\/wp-json\/wp\/v2\/product_cat?post=5374949"},{"taxonomy":"product_tag","embeddable":true,"href":"https:\/\/gadgettravellers.eu\/it\/wp-json\/wp\/v2\/product_tag?post=5374949"}],"curies":[{"name":"wp","href":"https:\/\/api.w.org\/{rel}","templated":true}]}}