{"id":5375030,"date":"2026-02-26T00:34:54","date_gmt":"2026-02-25T22:34:54","guid":{"rendered":""},"modified":"2026-04-14T03:08:47","modified_gmt":"2026-04-14T01:08:47","slug":"ventilatore-ricaricabile-pieghevole-36x-o16cm-homie-49193","status":"publish","type":"product","link":"https:\/\/gadgettravellers.eu\/it\/shop\/ventilatore-ricaricabile-pieghevole-36x-o16cm-homie-49193\/","title":{"rendered":"Ventilatore Ricaricabile Pieghevole 36x \u00f816cm Homie 49193"},"content":{"rendered":"<p>Ventilatore pieghevole ricaricabile. Contiene batteria. 3 velocit\u00e0 36x \u00f816cm<\/p>\n<div class='aiseo-faq-section' style='margin-top:30px; border-top:1px solid #eee; padding-top:20px;'>\n<h3>Domande Frequenti<\/h3>\n<details style='margin-bottom:10px; padding:10px; background:#f9f9f9; border-radius:5px;'>\n<summary style='font-weight:bold; cursor:pointer;'>Contiene batteria?<\/summary>\n<div style='margin-top:10px; color:#555;'>S\u00ec, il ventilatore contiene una batteria integrata.<\/div>\n<\/details>\n<details style='margin-bottom:10px; padding:10px; background:#f9f9f9; border-radius:5px;'>\n<summary style='font-weight:bold; cursor:pointer;'>Quante velocit\u00e0 ha?<\/summary>\n<div style='margin-top:10px; color:#555;'>Dispone di 3 impostazioni di velocit\u00e0.<\/div>\n<\/details>\n<details style='margin-bottom:10px; padding:10px; background:#f9f9f9; border-radius:5px;'>\n<summary style='font-weight:bold; cursor:pointer;'>\u00c8 pieghevole?<\/summary>\n<div style='margin-top:10px; color:#555;'>S\u00ec, si tratta di un modello pieghevole per una facile conservazione.<\/div>\n<\/details>\n<details style='margin-bottom:10px; padding:10px; background:#f9f9f9; border-radius:5px;'>\n<summary style='font-weight:bold; cursor:pointer;'>Quali sono le dimensioni?<\/summary>\n<div style='margin-top:10px; color:#555;'>Le dimensioni sono 36x \u00f816cm come indicato nella descrizione.<\/div>\n<\/details>\n<\/div>\n","protected":false},"excerpt":{"rendered":"<p>Ventilatore pieghevole ricaricabile con batteria integrata, 3 impostazioni di velocit\u00e0 e dimensioni 36x \u00f816cm per uso portatile in ambienti interni.<\/p>\n","protected":false},"featured_media":5374305,"comment_status":"closed","ping_status":"open","template":"","meta":[],"product_brand":[],"product_cat":[247995,248081,248090,248091,248092],"product_tag":[178712,207163,175000],"class_list":{"0":"post-5375030","1":"product","2":"type-product","3":"status-publish","4":"has-post-thumbnail","6":"product_cat-estivi","7":"product_cat-ventilatori","8":"product_cat-ventilatori-pieghevoli","9":"product_cat-ventilatori-portatili-da-tavolo","10":"product_cat-ventilatori-ricaricabili","11":"product_tag-16cm","12":"product_tag-207163","13":"product_tag-36cm","15":"first","16":"onbackorder","17":"purchasable","18":"product-type-simple"},"jetpack_sharing_enabled":true,"_links":{"self":[{"href":"https:\/\/gadgettravellers.eu\/it\/wp-json\/wp\/v2\/product\/5375030","targetHints":{"allow":["GET"]}}],"collection":[{"href":"https:\/\/gadgettravellers.eu\/it\/wp-json\/wp\/v2\/product"}],"about":[{"href":"https:\/\/gadgettravellers.eu\/it\/wp-json\/wp\/v2\/types\/product"}],"replies":[{"embeddable":true,"href":"https:\/\/gadgettravellers.eu\/it\/wp-json\/wp\/v2\/comments?post=5375030"}],"wp:featuredmedia":[{"embeddable":true,"href":"https:\/\/gadgettravellers.eu\/it\/wp-json\/wp\/v2\/media\/5374305"}],"wp:attachment":[{"href":"https:\/\/gadgettravellers.eu\/it\/wp-json\/wp\/v2\/media?parent=5375030"}],"wp:term":[{"taxonomy":"product_brand","embeddable":true,"href":"https:\/\/gadgettravellers.eu\/it\/wp-json\/wp\/v2\/product_brand?post=5375030"},{"taxonomy":"product_cat","embeddable":true,"href":"https:\/\/gadgettravellers.eu\/it\/wp-json\/wp\/v2\/product_cat?post=5375030"},{"taxonomy":"product_tag","embeddable":true,"href":"https:\/\/gadgettravellers.eu\/it\/wp-json\/wp\/v2\/product_tag?post=5375030"}],"curies":[{"name":"wp","href":"https:\/\/api.w.org\/{rel}","templated":true}]}}