{"id":5375038,"date":"2026-02-26T00:34:56","date_gmt":"2026-02-25T22:34:56","guid":{"rendered":""},"modified":"2026-05-05T06:13:46","modified_gmt":"2026-05-05T04:13:46","slug":"set-di-3-candele-led-con-telecomando-15x-o75cm-115x-o75cm-75x-o75cm-homie-57511","status":"publish","type":"product","link":"https:\/\/gadgettravellers.eu\/it\/shop\/set-di-3-candele-led-con-telecomando-15x-o75cm-115x-o75cm-75x-o75cm-homie-57511\/","title":{"rendered":"Set di 3 candele LED con telecomando 15x \u00f87,5cm, 11,5x \u00f87,5cm, 7,5x \u00f87,5cm Homie 57511"},"content":{"rendered":"<p>Set=3 candele LED. Con telecomando. Selezione di 12 colori 15x \u00f87,5cm, 11,5x \u00f87,5cm, 7,5x \u00f87,5cm<\/p>\n<div class='aiseo-faq-section' style='margin-top:30px; border-top:1px solid #eee; padding-top:20px;'>\n<h3>Domande Frequenti<\/h3>\n<details style='margin-bottom:10px; padding:10px; background:#f9f9f9; border-radius:5px;'>\n<summary style='font-weight:bold; cursor:pointer;'>Cosa include il set?<\/summary>\n<div style='margin-top:10px; color:#555;'>Il set include 3 candele LED di altezze diverse e un telecomando.<\/div>\n<\/details>\n<details style='margin-bottom:10px; padding:10px; background:#f9f9f9; border-radius:5px;'>\n<summary style='font-weight:bold; cursor:pointer;'>Quanti colori si possono scegliere?<\/summary>\n<div style='margin-top:10px; color:#555;'>C&#8217;\u00e8 la possibilit\u00e0 di scegliere tra 12 colori diversi.<\/div>\n<\/details>\n<details style='margin-bottom:10px; padding:10px; background:#f9f9f9; border-radius:5px;'>\n<summary style='font-weight:bold; cursor:pointer;'>Quali sono le dimensioni delle candele?<\/summary>\n<div style='margin-top:10px; color:#555;'>Le dimensioni sono 15x \u00f87,5cm, 11,5x \u00f87,5cm e 7,5x \u00f87,5cm.<\/div>\n<\/details>\n<details style='margin-bottom:10px; padding:10px; background:#f9f9f9; border-radius:5px;'>\n<summary style='font-weight:bold; cursor:pointer;'>Ha un telecomando?<\/summary>\n<div style='margin-top:10px; color:#555;'>S\u00ec, le candele sono accompagnate da un telecomando (control) per la selezione dei colori.<\/div>\n<\/details>\n<\/div>\n","protected":false},"excerpt":{"rendered":"<p>Set di 3 candele LED con telecomando e selezione di 12 colori. Dimensioni: 15x \u00f87,5cm, 11,5x \u00f87,5cm e 7,5x \u00f87,5cm \u2014 ideali per illuminazione decorativa.<\/p>\n","protected":false},"featured_media":5374314,"comment_status":"closed","ping_status":"open","template":"","meta":[],"product_brand":[],"product_cat":[205050,204683,248094,248099,200911,162902],"product_tag":[236067,207659,207163,210232,180425,15],"class_list":{"0":"post-5375038","1":"product","2":"type-product","3":"status-publish","4":"has-post-thumbnail","6":"product_cat-batteria","7":"product_cat-candele","8":"product_cat-candele-led","9":"product_cat-illuminazione-con-telecomando","10":"product_cat-illuminazione-decorativa","11":"product_cat-regali","12":"product_tag-11-5","13":"product_tag-207659","14":"product_tag-207163","15":"product_tag-7-5","16":"product_tag-led","17":"product_tag-uncategorized","19":"first","20":"onbackorder","21":"purchasable","22":"product-type-simple"},"jetpack_sharing_enabled":true,"_links":{"self":[{"href":"https:\/\/gadgettravellers.eu\/it\/wp-json\/wp\/v2\/product\/5375038","targetHints":{"allow":["GET"]}}],"collection":[{"href":"https:\/\/gadgettravellers.eu\/it\/wp-json\/wp\/v2\/product"}],"about":[{"href":"https:\/\/gadgettravellers.eu\/it\/wp-json\/wp\/v2\/types\/product"}],"replies":[{"embeddable":true,"href":"https:\/\/gadgettravellers.eu\/it\/wp-json\/wp\/v2\/comments?post=5375038"}],"wp:featuredmedia":[{"embeddable":true,"href":"https:\/\/gadgettravellers.eu\/it\/wp-json\/wp\/v2\/media\/5374314"}],"wp:attachment":[{"href":"https:\/\/gadgettravellers.eu\/it\/wp-json\/wp\/v2\/media?parent=5375038"}],"wp:term":[{"taxonomy":"product_brand","embeddable":true,"href":"https:\/\/gadgettravellers.eu\/it\/wp-json\/wp\/v2\/product_brand?post=5375038"},{"taxonomy":"product_cat","embeddable":true,"href":"https:\/\/gadgettravellers.eu\/it\/wp-json\/wp\/v2\/product_cat?post=5375038"},{"taxonomy":"product_tag","embeddable":true,"href":"https:\/\/gadgettravellers.eu\/it\/wp-json\/wp\/v2\/product_tag?post=5375038"}],"curies":[{"name":"wp","href":"https:\/\/api.w.org\/{rel}","templated":true}]}}