{"id":5375051,"date":"2026-02-26T00:35:01","date_gmt":"2026-02-25T22:35:01","guid":{"rendered":""},"modified":"2026-04-14T03:08:51","modified_gmt":"2026-04-14T01:08:51","slug":"cappello-uomo-cowboy-38x35cm-summertiempo-621545","status":"publish","type":"product","link":"https:\/\/gadgettravellers.eu\/it\/shop\/cappello-uomo-cowboy-38x35cm-summertiempo-621545\/","title":{"rendered":"Cappello Uomo Cowboy 38x35cm SummerTiempo 621545"},"content":{"rendered":"<p>Cappello da uomo cowboy SummerTiempo 621545 con dimensioni 38x35cm, progettato per l&#8217;uso estivo e attivit\u00e0 all&#8217;aperto. Offre uno stile western caratteristico che si abbina a look casual e da spiaggia, ideale per l&#8217;uso quotidiano in clima caldo.<\/p>\n<div class='aiseo-faq-section' style='margin-top:30px; border-top:1px solid #eee; padding-top:20px;'>\n<h3>Domande Frequenti<\/h3>\n<details style='margin-bottom:10px; padding:10px; background:#f9f9f9; border-radius:5px;'>\n<summary style='font-weight:bold; cursor:pointer;'>Quali sono le dimensioni del prodotto?<\/summary>\n<div style='margin-top:10px; color:#555;'>Le dimensioni sono 38x35cm.<\/div>\n<\/details>\n<details style='margin-bottom:10px; padding:10px; background:#f9f9f9; border-radius:5px;'>\n<summary style='font-weight:bold; cursor:pointer;'>Si tratta di un prodotto maschile?<\/summary>\n<div style='margin-top:10px; color:#555;'>S\u00ec, \u00e8 un cappello da uomo.<\/div>\n<\/details>\n<details style='margin-bottom:10px; padding:10px; background:#f9f9f9; border-radius:5px;'>\n<summary style='font-weight:bold; cursor:pointer;'>Che tipo di cappello \u00e8?<\/summary>\n<div style='margin-top:10px; color:#555;'>\u00c8 un cappello da cowboy, modello SummerTiempo 621545.<\/div>\n<\/details>\n<details style='margin-bottom:10px; padding:10px; background:#f9f9f9; border-radius:5px;'>\n<summary style='font-weight:bold; cursor:pointer;'>\u00c8 adatto per l&#8217;estate o la spiaggia?<\/summary>\n<div style='margin-top:10px; color:#555;'>S\u00ec, \u00e8 destinato all&#8217;uso estivo e alle attivit\u00e0 all&#8217;aperto.<\/div>\n<\/details>\n<\/div>\n","protected":false},"excerpt":{"rendered":"<p>Cappello da uomo cowboy 38x35cm, modello SummerTiempo 621545. Ideale per l&#8217;estate e le attivit\u00e0 all&#8217;aperto.<\/p>\n","protected":false},"featured_media":79301,"comment_status":"closed","ping_status":"open","template":"","meta":[],"product_brand":[],"product_cat":[197181,248116,200190,206269,248117,247995],"product_tag":[247081,247082],"class_list":{"0":"post-5375051","1":"product","2":"type-product","3":"status-publish","4":"has-post-thumbnail","6":"product_cat-cappelli","7":"product_cat-cappelli-da-cowboy","8":"product_cat-cappelli-da-uomo","9":"product_cat-cappelli-estivi","10":"product_cat-donna-uomo","11":"product_cat-estivi","12":"product_tag-38x35cm","13":"product_tag-247082","15":"first","16":"onbackorder","17":"purchasable","18":"product-type-simple"},"jetpack_sharing_enabled":true,"_links":{"self":[{"href":"https:\/\/gadgettravellers.eu\/it\/wp-json\/wp\/v2\/product\/5375051","targetHints":{"allow":["GET"]}}],"collection":[{"href":"https:\/\/gadgettravellers.eu\/it\/wp-json\/wp\/v2\/product"}],"about":[{"href":"https:\/\/gadgettravellers.eu\/it\/wp-json\/wp\/v2\/types\/product"}],"replies":[{"embeddable":true,"href":"https:\/\/gadgettravellers.eu\/it\/wp-json\/wp\/v2\/comments?post=5375051"}],"wp:featuredmedia":[{"embeddable":true,"href":"https:\/\/gadgettravellers.eu\/it\/wp-json\/wp\/v2\/media\/79301"}],"wp:attachment":[{"href":"https:\/\/gadgettravellers.eu\/it\/wp-json\/wp\/v2\/media?parent=5375051"}],"wp:term":[{"taxonomy":"product_brand","embeddable":true,"href":"https:\/\/gadgettravellers.eu\/it\/wp-json\/wp\/v2\/product_brand?post=5375051"},{"taxonomy":"product_cat","embeddable":true,"href":"https:\/\/gadgettravellers.eu\/it\/wp-json\/wp\/v2\/product_cat?post=5375051"},{"taxonomy":"product_tag","embeddable":true,"href":"https:\/\/gadgettravellers.eu\/it\/wp-json\/wp\/v2\/product_tag?post=5375051"}],"curies":[{"name":"wp","href":"https:\/\/api.w.org\/{rel}","templated":true}]}}